{"id":750211,"date":"2026-04-24T11:17:44","date_gmt":"2026-04-24T08:17:44","guid":{"rendered":"https:\/\/nbg.eu\/product\/eberlestock-spectre-basket-multicam\/"},"modified":"2026-04-24T12:02:39","modified_gmt":"2026-04-24T09:02:39","slug":"eberlestock-spectre-basket-multicam","status":"publish","type":"product","link":"https:\/\/nbg.eu\/mt\/product\/eberlestock-spectre-basket-multicam\/","title":{"rendered":"Eberlestock Spectre Basket &#8211; Multicam"},"content":{"rendered":"<h2>Eberlestock Spectre Basket<\/h2>\n<p>L-Eberlestock Spectre huwa l-aktar basket innovattiv u versatili g\u0127al-sparaturi ta&#8217; pre\u010bi\u017cjoni fl-g\u0127a\u017cla ta&#8217; Eberlestock, li jiddefinixxi mill-\u0121did il-kapa\u010bitajiet ta&#8217; tag\u0127mir ta&#8217; pre\u010bi\u017cjoni. B&#8217;kapa\u010bit\u00e0 ta&#8217; 3100 p.k., sarija integrata g\u0127ar-rifle u karatteristi\u010bi organizzattivi komprensivi, l-Spectre huwa mibni g\u0127al operaturi li jitolbu l-og\u0127la livell ta&#8217; prestazzjoni mit-tag\u0127mir tag\u0127hom.<\/p>\n<h3>Karatteristi\u010bi ewlenin<\/h3>\n<ul>\n<li>3,100 c.i. \/ 50.8L capacity<\/li>\n<li>Integrated rifle scabbard (34&#8243;)<\/li>\n<li>Full MOLLE\/PALS webbing<\/li>\n<li>Adjustable torso length<\/li>\n<li>Hydration compatible<\/li>\n<li>Eberlestock Lifetime Warranty<\/li>\n<\/ul>\n<h3>Spe\u010bifikazzjonijiet<\/h3>\n<table>\n<tr>\n<td><strong>Kapa\u010bit\u00e0<\/strong><\/td>\n<td>3,100 c.i. \/ 50.8L<\/td>\n<\/tr>\n<tr>\n<td><strong>Pi\u017c<\/strong><\/td>\n<td>6 lbs 6 oz<\/td>\n<\/tr>\n<tr>\n<td><strong>Dimensjonijiet<\/strong><\/td>\n<td>23&#8243; x 12&#8243; (Scabbard: 34&#8243;)<\/td>\n<\/tr>\n<tr>\n<td><strong>Kodi\u010bijiet tal-prodott<\/strong><\/td>\n<td>W2MM, W2ME, W2MC, W2MJ<\/td>\n<\/tr>\n<tr>\n<td><strong>Manifattur<\/strong><\/td>\n<td>Eberlestock (Kumpanija ta&#8217; veterani)<\/td>\n<\/tr>\n<\/table>\n","protected":false},"excerpt":{"rendered":"<p>L-Eberlestock Spectre huwa l-aktar basket innovattiv u versatili g\u0127al-sparaturi ta&#8217; pre\u010bi\u017cjoni fl-g\u0127a\u017cla ta&#8217; Eberlestock, li jiddefinixxi mill-\u0121did il-kapa\u010bitajiet ta&#8217; tag\u0127mir ta&#8217; pre\u010bi\u017cjoni. B&#8217;kapa\u010bit\u00e0 ta&#8217; 3100 p.k., sarija integrata g\u0127ar-rifle u karatteristi\u010bi organizzattivi komprensivi, l-Spectre huwa mibni g\u0127al operaturi li jitolbu l-og\u0127la livell ta&#8217; prestazzjoni mit-tag\u0127mir tag\u0127hom.<\/p>\n","protected":false},"featured_media":750212,"template":"","meta":{"_acf_changed":false},"product_brand":[15150],"product_cat":[14102],"product_tag":[],"class_list":{"0":"post-750211","1":"product","2":"type-product","3":"status-publish","4":"has-post-thumbnail","6":"product_brand-eberlestock","7":"product_cat-boroz-tad-dahar","9":"first","10":"outofstock","11":"taxable","12":"shipping-taxable","13":"purchasable","14":"product-type-simple"},"acf":[],"_links":{"self":[{"href":"https:\/\/nbg.eu\/mt\/wp-json\/wp\/v2\/product\/750211","targetHints":{"allow":["GET"]}}],"collection":[{"href":"https:\/\/nbg.eu\/mt\/wp-json\/wp\/v2\/product"}],"about":[{"href":"https:\/\/nbg.eu\/mt\/wp-json\/wp\/v2\/types\/product"}],"wp:featuredmedia":[{"embeddable":true,"href":"https:\/\/nbg.eu\/mt\/wp-json\/wp\/v2\/media\/750212"}],"wp:attachment":[{"href":"https:\/\/nbg.eu\/mt\/wp-json\/wp\/v2\/media?parent=750211"}],"wp:term":[{"taxonomy":"product_brand","embeddable":true,"href":"https:\/\/nbg.eu\/mt\/wp-json\/wp\/v2\/product_brand?post=750211"},{"taxonomy":"product_cat","embeddable":true,"href":"https:\/\/nbg.eu\/mt\/wp-json\/wp\/v2\/product_cat?post=750211"},{"taxonomy":"product_tag","embeddable":true,"href":"https:\/\/nbg.eu\/mt\/wp-json\/wp\/v2\/product_tag?post=750211"}],"curies":[{"name":"wp","href":"https:\/\/api.w.org\/{rel}","templated":true}]}}