{"id":750832,"date":"2026-04-24T11:17:50","date_gmt":"2026-04-24T08:17:50","guid":{"rendered":"https:\/\/nbg.eu\/product\/eberlestock-brooks-7000-dry-earth\/"},"modified":"2026-04-24T12:05:23","modified_gmt":"2026-04-24T09:05:23","slug":"eberlestock-brooks-7000-dry-earth","status":"publish","type":"product","link":"https:\/\/nbg.eu\/mt\/product\/eberlestock-brooks-7000-dry-earth\/","title":{"rendered":"Eberlestock Brooks 7000 &#8211; Dry Earth"},"content":{"rendered":"<h2>Eberlestock Brooks 7000<\/h2>\n<p>Meta l-ka\u010b\u010ba te\u0127dok fil-fond tal-kampanja g\u0127al \u0121ranet jew \u0121img\u0127at, l-Eberlestock Brooks 7000 hija l-bor\u017ca li trid fuq il-qafas tieg\u0127ek. Dan il-basket ta&#8217; klassi ta&#8217; espedizzjoni jipprovdi kapa\u010bit\u00e0 enormi ta&#8217; 7000 p.k. (114L), durabilit\u00e0 e\u010b\u010bezzjonali u l-karatteristi\u010bi organizzattivi me\u0127tie\u0121a g\u0127al ka\u010b\u010ba remota u awtonoma.<\/p>\n<h3>Karatteristi\u010bi ewlenin<\/h3>\n<ul>\n<li>7000 c.i. \/ 114L capacity<\/li>\n<li>Modframe compatible<\/li>\n<li>Extended backcountry hunts<\/li>\n<li>Ultralight at 2 lbs 14 oz<\/li>\n<li>Eberlestock Lifetime Warranty<\/li>\n<\/ul>\n<h3>Spe\u010bifikazzjonijiet<\/h3>\n<table>\n<tr>\n<td><strong>Volum<\/strong><\/td>\n<td>7000 c.i. \/ 114L<\/td>\n<\/tr>\n<tr>\n<td><strong>Pi\u017c<\/strong><\/td>\n<td>2 lbs 14 oz<\/td>\n<\/tr>\n<tr>\n<td><strong>Dimensjonijiet<\/strong><\/td>\n<td>44&#8243;H x 12&#8243;W x 12&#8243;D<\/td>\n<\/tr>\n<tr>\n<td><strong>Kodi\u010bijiet tal-prodott<\/strong><\/td>\n<td>BS70ME, BS70MJ, BS70AM, BS70AR, BS70AS<\/td>\n<\/tr>\n<tr>\n<td><strong>Manifattur<\/strong><\/td>\n<td>Eberlestock (Kumpanija ta&#8217; veterani)<\/td>\n<\/tr>\n<\/table>\n","protected":false},"excerpt":{"rendered":"<p>Meta l-ka\u010b\u010ba te\u0127dok fil-fond tal-kampanja g\u0127al \u0121ranet jew \u0121img\u0127at, l-Eberlestock Brooks 7000 hija l-bor\u017ca li trid fuq il-qafas tieg\u0127ek. Dan il-basket ta&#8217; klassi ta&#8217; espedizzjoni jipprovdi kapa\u010bit\u00e0 enormi ta&#8217; 7000 p.k. (114L), durabilit\u00e0 e\u010b\u010bezzjonali u l-karatteristi\u010bi organizzattivi me\u0127tie\u0121a g\u0127al ka\u010b\u010ba remota u awtonoma.<\/p>\n","protected":false},"featured_media":750833,"template":"","meta":{"_acf_changed":false},"product_brand":[15150],"product_cat":[14102],"product_tag":[],"class_list":{"0":"post-750832","1":"product","2":"type-product","3":"status-publish","4":"has-post-thumbnail","6":"product_brand-eberlestock","7":"product_cat-boroz-tad-dahar","9":"first","10":"outofstock","11":"taxable","12":"shipping-taxable","13":"purchasable","14":"product-type-simple"},"acf":[],"_links":{"self":[{"href":"https:\/\/nbg.eu\/mt\/wp-json\/wp\/v2\/product\/750832","targetHints":{"allow":["GET"]}}],"collection":[{"href":"https:\/\/nbg.eu\/mt\/wp-json\/wp\/v2\/product"}],"about":[{"href":"https:\/\/nbg.eu\/mt\/wp-json\/wp\/v2\/types\/product"}],"wp:featuredmedia":[{"embeddable":true,"href":"https:\/\/nbg.eu\/mt\/wp-json\/wp\/v2\/media\/750833"}],"wp:attachment":[{"href":"https:\/\/nbg.eu\/mt\/wp-json\/wp\/v2\/media?parent=750832"}],"wp:term":[{"taxonomy":"product_brand","embeddable":true,"href":"https:\/\/nbg.eu\/mt\/wp-json\/wp\/v2\/product_brand?post=750832"},{"taxonomy":"product_cat","embeddable":true,"href":"https:\/\/nbg.eu\/mt\/wp-json\/wp\/v2\/product_cat?post=750832"},{"taxonomy":"product_tag","embeddable":true,"href":"https:\/\/nbg.eu\/mt\/wp-json\/wp\/v2\/product_tag?post=750832"}],"curies":[{"name":"wp","href":"https:\/\/api.w.org\/{rel}","templated":true}]}}