{"id":751039,"date":"2026-04-24T11:17:52","date_gmt":"2026-04-24T08:17:52","guid":{"rendered":"https:\/\/nbg.eu\/product\/eberlestock-mission-lid-multicam\/"},"modified":"2026-04-24T12:06:16","modified_gmt":"2026-04-24T09:06:16","slug":"eberlestock-mission-lid-multicam","status":"publish","type":"product","link":"https:\/\/nbg.eu\/mt\/product\/eberlestock-mission-lid-multicam\/","title":{"rendered":"Eberlestock Mission Lid &#8211; Multicam"},"content":{"rendered":"<h2>Eberlestock Mission Lid<\/h2>\n<p>L-Eberlestock Mission Lid huwa \u017cieda ta&#8217; \u0127a\u017cna sempli\u010bi u effettiva li \u017c\u017comm o\u0121\u0121etti vitali fi \u0127dan idejk ming\u0127ajr ma \u017c\u017cid volum jew tkabbar il-profil tieg\u0127ek. Iddisinjat biex ja\u0127dem indipendentement jew flimkien mal-Mission Load Panel, il-Mission Lid i\u017cid b&#8217;mod sinifikanti l-kapa\u010bit\u00e0 ta&#8217; tag\u0127bija tal-Mission System.<\/p>\n<h3>Karatteristi\u010bi ewlenin<\/h3>\n<ul>\n<li>400 c.i. storage<\/li>\n<li>6 oz lightweight<\/li>\n<li>Mission System compatible<\/li>\n<li>Works with Mission Load Panel<\/li>\n<li>Quick-access design<\/li>\n<li>Eberlestock Lifetime Warranty<\/li>\n<\/ul>\n<h3>Spe\u010bifikazzjonijiet<\/h3>\n<table>\n<tr>\n<td><strong>Volum<\/strong><\/td>\n<td>400 c.i.<\/td>\n<\/tr>\n<tr>\n<td><strong>Pi\u017c<\/strong><\/td>\n<td>6 oz<\/td>\n<\/tr>\n<tr>\n<td><strong>Dimensjonijiet<\/strong><\/td>\n<td>10&#8243;L x 12&#8243;W x 4&#8243;D<\/td>\n<\/tr>\n<tr>\n<td><strong>Kodi\u010bijiet tal-prodott<\/strong><\/td>\n<td>ML1MM, ML1MC, ML1MJ<\/td>\n<\/tr>\n<tr>\n<td><strong>Manifattur<\/strong><\/td>\n<td>Eberlestock (Kumpanija ta&#8217; veterani)<\/td>\n<\/tr>\n<\/table>\n","protected":false},"excerpt":{"rendered":"<p>L-Eberlestock Mission Lid huwa \u017cieda ta&#8217; \u0127a\u017cna sempli\u010bi u effettiva li \u017c\u017comm o\u0121\u0121etti vitali fi \u0127dan idejk ming\u0127ajr ma \u017c\u017cid volum jew tkabbar il-profil tieg\u0127ek. Iddisinjat biex ja\u0127dem indipendentement jew flimkien mal-Mission Load Panel, il-Mission Lid i\u017cid b&#8217;mod sinifikanti l-kapa\u010bit\u00e0 ta&#8217; tag\u0127bija tal-Mission System.<\/p>\n","protected":false},"featured_media":751040,"template":"","meta":{"_acf_changed":false},"product_brand":[15150],"product_cat":[14102],"product_tag":[],"class_list":{"0":"post-751039","1":"product","2":"type-product","3":"status-publish","4":"has-post-thumbnail","6":"product_brand-eberlestock","7":"product_cat-boroz-tad-dahar","9":"first","10":"outofstock","11":"taxable","12":"shipping-taxable","13":"purchasable","14":"product-type-simple"},"acf":[],"_links":{"self":[{"href":"https:\/\/nbg.eu\/mt\/wp-json\/wp\/v2\/product\/751039","targetHints":{"allow":["GET"]}}],"collection":[{"href":"https:\/\/nbg.eu\/mt\/wp-json\/wp\/v2\/product"}],"about":[{"href":"https:\/\/nbg.eu\/mt\/wp-json\/wp\/v2\/types\/product"}],"wp:featuredmedia":[{"embeddable":true,"href":"https:\/\/nbg.eu\/mt\/wp-json\/wp\/v2\/media\/751040"}],"wp:attachment":[{"href":"https:\/\/nbg.eu\/mt\/wp-json\/wp\/v2\/media?parent=751039"}],"wp:term":[{"taxonomy":"product_brand","embeddable":true,"href":"https:\/\/nbg.eu\/mt\/wp-json\/wp\/v2\/product_brand?post=751039"},{"taxonomy":"product_cat","embeddable":true,"href":"https:\/\/nbg.eu\/mt\/wp-json\/wp\/v2\/product_cat?post=751039"},{"taxonomy":"product_tag","embeddable":true,"href":"https:\/\/nbg.eu\/mt\/wp-json\/wp\/v2\/product_tag?post=751039"}],"curies":[{"name":"wp","href":"https:\/\/api.w.org\/{rel}","templated":true}]}}