{"id":751232,"date":"2026-04-24T11:17:54","date_gmt":"2026-04-24T08:17:54","guid":{"rendered":"https:\/\/nbg.eu\/product\/eberlestock-mission-load-panel-multicam\/"},"modified":"2026-04-24T12:07:11","modified_gmt":"2026-04-24T09:07:11","slug":"eberlestock-mission-load-panel-multicam","status":"publish","type":"product","link":"https:\/\/nbg.eu\/mt\/product\/eberlestock-mission-load-panel-multicam\/","title":{"rendered":"Eberlestock Mission Load Panel &#8211; Multicam"},"content":{"rendered":"<h2>Eberlestock Mission Load Panel<\/h2>\n<p>L-Eberlestock Mission Load Panel jipprovdi metodu sigura biex i\u0121\u0121orr u ja\u0127\u017cen o\u0121\u0121etti kbar jew irregolari b\u0127al elmetti, g\u0127odod ta&#8217; d\u0127ul u tag\u0127mir ie\u0127or. Mwa\u0127\u0127al mal-Mission Frame, il-Load Panel jista&#8217; jintu\u017ca indipendentement jew flimkien mal-Mission Lid g\u0127al kapa\u010bit\u00e0 massima ta&#8217; tag\u0127bija.<\/p>\n<h3>Karatteristi\u010bi ewlenin<\/h3>\n<ul>\n<li>Helmet and equipment carrier<\/li>\n<li>3 oz ultra-lightweight<\/li>\n<li>Mission Frame attachment<\/li>\n<li>Works with Mission Lid<\/li>\n<li>MOLLE-compatible<\/li>\n<li>Eberlestock Lifetime Warranty<\/li>\n<\/ul>\n<h3>Spe\u010bifikazzjonijiet<\/h3>\n<table>\n<tr>\n<td><strong>Pi\u017c<\/strong><\/td>\n<td>3 oz<\/td>\n<\/tr>\n<tr>\n<td><strong>Dimensjonijiet<\/strong><\/td>\n<td>13.5&#8243;L x 11.5&#8243;W<\/td>\n<\/tr>\n<tr>\n<td><strong>Kodi\u010bijiet tal-prodott<\/strong><\/td>\n<td>MP1MM, MP1MC, MP1MJ<\/td>\n<\/tr>\n<tr>\n<td><strong>Manifattur<\/strong><\/td>\n<td>Eberlestock (Kumpanija ta&#8217; veterani)<\/td>\n<\/tr>\n<\/table>\n","protected":false},"excerpt":{"rendered":"<p>L-Eberlestock Mission Load Panel jipprovdi metodu sigura biex i\u0121\u0121orr u ja\u0127\u017cen o\u0121\u0121etti kbar jew irregolari b\u0127al elmetti, g\u0127odod ta&#8217; d\u0127ul u tag\u0127mir ie\u0127or. Mwa\u0127\u0127al mal-Mission Frame, il-Load Panel jista&#8217; jintu\u017ca indipendentement jew flimkien mal-Mission Lid g\u0127al kapa\u010bit\u00e0 massima ta&#8217; tag\u0127bija.<\/p>\n","protected":false},"featured_media":751233,"template":"","meta":{"_acf_changed":false},"product_brand":[15150],"product_cat":[14102],"product_tag":[],"class_list":{"0":"post-751232","1":"product","2":"type-product","3":"status-publish","4":"has-post-thumbnail","6":"product_brand-eberlestock","7":"product_cat-boroz-tad-dahar","9":"first","10":"outofstock","11":"taxable","12":"shipping-taxable","13":"purchasable","14":"product-type-simple"},"acf":[],"_links":{"self":[{"href":"https:\/\/nbg.eu\/mt\/wp-json\/wp\/v2\/product\/751232","targetHints":{"allow":["GET"]}}],"collection":[{"href":"https:\/\/nbg.eu\/mt\/wp-json\/wp\/v2\/product"}],"about":[{"href":"https:\/\/nbg.eu\/mt\/wp-json\/wp\/v2\/types\/product"}],"wp:featuredmedia":[{"embeddable":true,"href":"https:\/\/nbg.eu\/mt\/wp-json\/wp\/v2\/media\/751233"}],"wp:attachment":[{"href":"https:\/\/nbg.eu\/mt\/wp-json\/wp\/v2\/media?parent=751232"}],"wp:term":[{"taxonomy":"product_brand","embeddable":true,"href":"https:\/\/nbg.eu\/mt\/wp-json\/wp\/v2\/product_brand?post=751232"},{"taxonomy":"product_cat","embeddable":true,"href":"https:\/\/nbg.eu\/mt\/wp-json\/wp\/v2\/product_cat?post=751232"},{"taxonomy":"product_tag","embeddable":true,"href":"https:\/\/nbg.eu\/mt\/wp-json\/wp\/v2\/product_tag?post=751232"}],"curies":[{"name":"wp","href":"https:\/\/api.w.org\/{rel}","templated":true}]}}