{"id":751402,"date":"2026-04-24T11:17:56","date_gmt":"2026-04-24T08:17:56","guid":{"rendered":"https:\/\/nbg.eu\/product\/eberlestock-mission-wings-multicam\/"},"modified":"2026-04-24T12:08:04","modified_gmt":"2026-04-24T09:08:04","slug":"eberlestock-mission-wings-multicam","status":"publish","type":"product","link":"https:\/\/nbg.eu\/mt\/product\/eberlestock-mission-wings-multicam\/","title":{"rendered":"Eberlestock Mission Wings &#8211; Multicam"},"content":{"rendered":"<h2>Eberlestock Mission Wings<\/h2>\n<p>L-Eberlestock Mission Wings huma pannelli tal-\u0121nub modulari u \u0127fief li j\u017cidu malajr volum addizzjonali jew jippermettu konfigurazzjoni strate\u0121ika ta&#8217; kits spe\u010bjalizzati fuq barra tal-Mission System tieg\u0127ek. Fa\u010bilment mi\u017cjuda jew mne\u0127\u0127ija permezz ta&#8217; punti ta&#8217; twa\u0127\u0127il ovalu tri-glide, jipprovdu a\u010b\u010bess mg\u0127a\u0121\u0121el g\u0127al \u0127a\u017cna fejn g\u0127andek b\u017connha l-aktar.<\/p>\n<h3>Karatteristi\u010bi ewlenin<\/h3>\n<ul>\n<li>765 c.i. \/ 13.68L combined capacity<\/li>\n<li>Modular side panels<\/li>\n<li>Oval tri-glide attachment<\/li>\n<li>Quick-access design<\/li>\n<li>Mission System integration<\/li>\n<li>Eberlestock Lifetime Warranty<\/li>\n<\/ul>\n<h3>Spe\u010bifikazzjonijiet<\/h3>\n<table>\n<tr>\n<td><strong>Volum<\/strong><\/td>\n<td>765 c.i. \/ 13.68L<\/td>\n<\/tr>\n<tr>\n<td><strong>Pi\u017c<\/strong><\/td>\n<td>1 lb 2 oz<\/td>\n<\/tr>\n<tr>\n<td><strong>Dimensjonijiet<\/strong><\/td>\n<td>18&#8243;H x 6.5&#8243;W x 2&#8243;D<\/td>\n<\/tr>\n<tr>\n<td><strong>Kodi\u010bijiet tal-prodott<\/strong><\/td>\n<td>MW1MM, MW1MC<\/td>\n<\/tr>\n<tr>\n<td><strong>Manifattur<\/strong><\/td>\n<td>Eberlestock (Kumpanija ta&#8217; veterani)<\/td>\n<\/tr>\n<\/table>\n","protected":false},"excerpt":{"rendered":"<p>L-Eberlestock Mission Wings huma pannelli tal-\u0121nub modulari u \u0127fief li j\u017cidu malajr volum addizzjonali jew jippermettu konfigurazzjoni strate\u0121ika ta&#8217; kits spe\u010bjalizzati fuq barra tal-Mission System tieg\u0127ek. Fa\u010bilment mi\u017cjuda jew mne\u0127\u0127ija permezz ta&#8217; punti ta&#8217; twa\u0127\u0127il ovalu tri-glide, jipprovdu a\u010b\u010bess mg\u0127a\u0121\u0121el g\u0127al \u0127a\u017cna fejn g\u0127andek b\u017connha l-aktar.<\/p>\n","protected":false},"featured_media":751403,"template":"","meta":{"_acf_changed":false},"product_brand":[15150],"product_cat":[14102],"product_tag":[],"class_list":{"0":"post-751402","1":"product","2":"type-product","3":"status-publish","4":"has-post-thumbnail","6":"product_brand-eberlestock","7":"product_cat-boroz-tad-dahar","9":"first","10":"outofstock","11":"taxable","12":"shipping-taxable","13":"purchasable","14":"product-type-simple"},"acf":[],"_links":{"self":[{"href":"https:\/\/nbg.eu\/mt\/wp-json\/wp\/v2\/product\/751402","targetHints":{"allow":["GET"]}}],"collection":[{"href":"https:\/\/nbg.eu\/mt\/wp-json\/wp\/v2\/product"}],"about":[{"href":"https:\/\/nbg.eu\/mt\/wp-json\/wp\/v2\/types\/product"}],"wp:featuredmedia":[{"embeddable":true,"href":"https:\/\/nbg.eu\/mt\/wp-json\/wp\/v2\/media\/751403"}],"wp:attachment":[{"href":"https:\/\/nbg.eu\/mt\/wp-json\/wp\/v2\/media?parent=751402"}],"wp:term":[{"taxonomy":"product_brand","embeddable":true,"href":"https:\/\/nbg.eu\/mt\/wp-json\/wp\/v2\/product_brand?post=751402"},{"taxonomy":"product_cat","embeddable":true,"href":"https:\/\/nbg.eu\/mt\/wp-json\/wp\/v2\/product_cat?post=751402"},{"taxonomy":"product_tag","embeddable":true,"href":"https:\/\/nbg.eu\/mt\/wp-json\/wp\/v2\/product_tag?post=751402"}],"curies":[{"name":"wp","href":"https:\/\/api.w.org\/{rel}","templated":true}]}}