{"id":751479,"date":"2026-04-24T11:17:58","date_gmt":"2026-04-24T08:17:58","guid":{"rendered":"https:\/\/nbg.eu\/product\/eberlestock-p12-knee-pad-sett-ta-2\/"},"modified":"2026-04-24T12:08:57","modified_gmt":"2026-04-24T09:08:57","slug":"eberlestock-p12-knee-pad-sett-ta-2","status":"publish","type":"product","link":"https:\/\/nbg.eu\/mt\/product\/eberlestock-p12-knee-pad-sett-ta-2\/","title":{"rendered":"Eberlestock P12 Knee Pad Sett ta&#8217; 2"},"content":{"rendered":"<h2>Eberlestock P12 Knee Pad Sett ta&#8217; 2<\/h2>\n<p>Is-sett Eberlestock P12 Knee Pad jipprovdi protezzjoni essenzjali g\u0127ar-rkoppa g\u0127al operazzjonijiet fit-tul fuq il-kamp, po\u017cizzjonijiet ta&#8217; sparar u applikazzjonijiet tatti\u010bi. Mibjug\u0127 b\u0127ala sett ta&#8217; 2, dawn il-protezzjonijiet tar-rkoppa huma ddisinjati biex jintegraw ma&#8217; qalziet u tag\u0127mir Eberlestock kompatibbli, u joffru kumdit\u00e0 \u0127afifa u protezzjoni mill-impatt meta g\u0127andek l-aktar b\u017conn.<\/p>\n<h3>Karatteristi\u010bi ewlenin<\/h3>\n<ul>\n<li>Set of 2 knee pads<\/li>\n<li>Eberlestock pants compatible<\/li>\n<li>Lightweight construction<\/li>\n<li>Impact-absorbing foam<\/li>\n<li>Ergonomic design<\/li>\n<li>Eberlestock Lifetime Warranty<\/li>\n<\/ul>\n<h3>Spe\u010bifikazzjonijiet<\/h3>\n<table>\n<tr>\n<td><strong>Kwantit\u00e0<\/strong><\/td>\n<td>2<\/td>\n<\/tr>\n<tr>\n<td><strong>Kompatibbilt\u00e0<\/strong><\/td>\n<td>Eberlestock tactical pants<\/td>\n<\/tr>\n<tr>\n<td><strong>Manifattur<\/strong><\/td>\n<td>Eberlestock (Kumpanija ta&#8217; veterani)<\/td>\n<\/tr>\n<\/table>\n","protected":false},"excerpt":{"rendered":"<p>Is-sett Eberlestock P12 Knee Pad jipprovdi protezzjoni essenzjali g\u0127ar-rkoppa g\u0127al operazzjonijiet fit-tul fuq il-kamp, po\u017cizzjonijiet ta&#8217; sparar u applikazzjonijiet tatti\u010bi. Mibjug\u0127 b\u0127ala sett ta&#8217; 2, dawn il-protezzjonijiet tar-rkoppa huma ddisinjati biex jintegraw ma&#8217; qalziet u tag\u0127mir Eberlestock kompatibbli, u joffru kumdit\u00e0 \u0127afifa u protezzjoni mill-impatt meta g\u0127andek l-aktar b\u017conn.<\/p>\n","protected":false},"featured_media":751555,"template":"","meta":{"_acf_changed":false},"product_brand":[15150],"product_cat":[14166],"product_tag":[],"class_list":{"0":"post-751479","1":"product","2":"type-product","3":"status-publish","4":"has-post-thumbnail","6":"product_brand-eberlestock","7":"product_cat-tagmir","9":"first","10":"instock","11":"taxable","12":"shipping-taxable","13":"purchasable","14":"product-type-simple"},"acf":[],"_links":{"self":[{"href":"https:\/\/nbg.eu\/mt\/wp-json\/wp\/v2\/product\/751479","targetHints":{"allow":["GET"]}}],"collection":[{"href":"https:\/\/nbg.eu\/mt\/wp-json\/wp\/v2\/product"}],"about":[{"href":"https:\/\/nbg.eu\/mt\/wp-json\/wp\/v2\/types\/product"}],"wp:featuredmedia":[{"embeddable":true,"href":"https:\/\/nbg.eu\/mt\/wp-json\/wp\/v2\/media\/751555"}],"wp:attachment":[{"href":"https:\/\/nbg.eu\/mt\/wp-json\/wp\/v2\/media?parent=751479"}],"wp:term":[{"taxonomy":"product_brand","embeddable":true,"href":"https:\/\/nbg.eu\/mt\/wp-json\/wp\/v2\/product_brand?post=751479"},{"taxonomy":"product_cat","embeddable":true,"href":"https:\/\/nbg.eu\/mt\/wp-json\/wp\/v2\/product_cat?post=751479"},{"taxonomy":"product_tag","embeddable":true,"href":"https:\/\/nbg.eu\/mt\/wp-json\/wp\/v2\/product_tag?post=751479"}],"curies":[{"name":"wp","href":"https:\/\/api.w.org\/{rel}","templated":true}]}}