{"id":75334,"date":"2024-10-30T20:07:58","date_gmt":"2024-10-30T20:07:58","guid":{"rendered":"https:\/\/nbg.eu\/product\/daa-hard-case-large-430\/"},"modified":"2026-01-21T11:30:24","modified_gmt":"2026-01-21T08:30:24","slug":"daa-hard-case-large-430","status":"publish","type":"product","link":"https:\/\/nbg.eu\/mt\/product\/daa-hard-case-large-430\/","title":{"rendered":"DAA Hard Case Large-430"},"content":{"rendered":"<div class=\"product-description\">\n<h2>DAA Kaxxa Iebsa Kbira-430<\/h2>\n<p>Il-Kaxxa Iebsa Kbira-430 ta&#8217; DAA \u010bertifikata IP67 toffri protezzjoni g\u0127all-o\u0121\u0121etti ta&#8217; valur. Adattata g\u0127all-armi tan-nar, tag\u0127mir tal-fotografija, tag\u0127mir tal-ba\u0127ar, u aktar, din il-kaxxa hija mibnija biex tifla\u0127 g\u0127al kundizzjonijiet estremi.<\/p>\n<ul>\n<li>Si\u0121ill impermeabbli u valv awtomatiku g\u0127ar-rilaxx tal-pressjoni<\/li>\n<li>Lukketti b&#8217;\u017cew\u0121 mitfg\u0127at fa\u010bli biex tifta\u0127 u toqob g\u0127all-katnazz<\/li>\n<li>Sistema ta&#8217; interlocking li tista&#8217; tistakkja b&#8217;punti addizzjonali ta&#8217; iffissar<\/li>\n<li>Tinkludi sett ta&#8217; 4 bi\u010b\u010biet fowm g\u0127al intern personalizzabbli<\/li>\n<li>Disponibbli fl-Iswed jew fl-Oran\u0121jo<\/li>\n<\/ul>\n<p>Dimensjonijiet esterni: 464 x 366 x 176 mm (18.27 x 14.41 x 6.93 pulzieri)<br \/>\n  Dimensjonijiet interni: 426 x 290 x 159 mm (16.77 x 11.41 x 6.26 pulzieri)<br \/>\n  Pi\u017c: 3.1 kg<\/p>\n<\/div>\n","protected":false},"excerpt":{"rendered":"<p>Kaxxa re\u017cistenti u impermeabbli g\u0127al tag\u0127mir prezzju\u017c. I\u010b\u010bertifikata IP67, versatili.<\/p>\n","protected":false},"featured_media":74476,"template":"","meta":{"_acf_changed":false},"product_brand":[11279],"product_cat":[14124,14166],"product_tag":[],"class_list":{"0":"post-75334","1":"product","2":"type-product","3":"status-publish","4":"has-post-thumbnail","6":"product_brand-doublealpha","7":"product_cat-kazi-gat-trasport","8":"product_cat-tagmir","10":"first","11":"outofstock","12":"taxable","13":"shipping-taxable","14":"purchasable","15":"product-type-simple"},"acf":[],"_links":{"self":[{"href":"https:\/\/nbg.eu\/mt\/wp-json\/wp\/v2\/product\/75334","targetHints":{"allow":["GET"]}}],"collection":[{"href":"https:\/\/nbg.eu\/mt\/wp-json\/wp\/v2\/product"}],"about":[{"href":"https:\/\/nbg.eu\/mt\/wp-json\/wp\/v2\/types\/product"}],"wp:featuredmedia":[{"embeddable":true,"href":"https:\/\/nbg.eu\/mt\/wp-json\/wp\/v2\/media\/74476"}],"wp:attachment":[{"href":"https:\/\/nbg.eu\/mt\/wp-json\/wp\/v2\/media?parent=75334"}],"wp:term":[{"taxonomy":"product_brand","embeddable":true,"href":"https:\/\/nbg.eu\/mt\/wp-json\/wp\/v2\/product_brand?post=75334"},{"taxonomy":"product_cat","embeddable":true,"href":"https:\/\/nbg.eu\/mt\/wp-json\/wp\/v2\/product_cat?post=75334"},{"taxonomy":"product_tag","embeddable":true,"href":"https:\/\/nbg.eu\/mt\/wp-json\/wp\/v2\/product_tag?post=75334"}],"curies":[{"name":"wp","href":"https:\/\/api.w.org\/{rel}","templated":true}]}}