{"id":754676,"date":"2026-04-22T14:06:32","date_gmt":"2026-04-22T11:06:32","guid":{"rendered":"https:\/\/nbg.eu\/product\/xkubetta-tal-bolt-howa-bravo-chassis-kanna-26-6-5-creedmoor\/"},"modified":"2026-05-07T17:42:13","modified_gmt":"2026-05-07T14:42:13","slug":"xkubetta-tal-bolt-howa-bravo-chassis-kanna-26-6-5-creedmoor","status":"publish","type":"product","link":"https:\/\/nbg.eu\/mt\/product\/xkubetta-tal-bolt-howa-bravo-chassis-kanna-26-6-5-creedmoor\/","title":{"rendered":"HOWA Bravo Chassis xkubetta tal-bolt, kanna 26&#8243;, 6.5 Creedmoor"},"content":{"rendered":"<h2>Xkubetta tal-bolt HOWA Bravo Chassis 26&#8243; 6.5 Creedmoor<\/h2>\n<p>Il-HOWA M1500 Bravo hija xkubetta ta&#8217; pre\u010bi\u017cjoni mill-fabbrika ming\u0127ajr kompromessi. Tikkombina l-mekkani\u017cmu famu\u017c HOWA 1500 mag\u0127mul fuq l-inkwina \u2014 affidabbli mill-ka\u010b\u010baturi u sparaturi ta&#8217; kompetizzjoni g\u0127al aktar minn erba&#8217; de\u010bennji \u2014 mal-chassis Kinetic Research Group (KRG) Bravo: sistema ta&#8217; tul s\u0127i\u0127 b&#8217;sinsla tal-aluminju, mge\u017cwra f&#8217;pakkett polimeriku msa\u0127\u0127a\u0127 bil-fibra tal-\u0127\u0121ie\u0121. Ir-ri\u017cultat jidher b\u0127al stokk tradizzjonali i\u017cda ja\u0127dem b\u0127ala chassis ta&#8217; pre\u010bi\u017cjoni dedikat, u fil-konfigurazzjoni 26&#8243; 6.5 Creedmoor isir pjattaforma ta&#8217; distanza twila lesta mill-kaxxa \u2014 g\u0127al miri tal-azzar, kompetizzjonijiet jew ka\u010b\u010ba ta&#8217; distanza twila.<\/p>\n<h3>Mekkani\u017cmu HOWA 1500 fuq l-inkwina<\/h3>\n<p>Kull Bravo jibda bir-ri\u010bevitur u s-slu\u0121\u0121 HOWA fuq l-inkwina ta&#8217; bi\u010b\u010ba wa\u0127da. \u017bew\u0121 snien ta&#8217; lock opposti, estraettur estern Sako-stil kbir u e\u0121ezzjonatur tal-pistun ji\u017cguraw forniment u estrazzjoni affidabbli fil-familja kollha tal-karto\u010b\u010bi b&#8217;ras tad-daqs .308. Il-mekkani\u017cmu huwa konness mal-chassis permezz tas-sistema KRG Radius Bedding ippro\u010bessata b&#8217;CNC \u2014 blokk V tal-aluminju ta&#8217; tul s\u0127i\u0127 li jag\u0127ti installazzjoni iebsa u repetibbli ming\u0127ajr l-inkonsistenza ta&#8217; stokk tradizzjonali.<\/p>\n<h3>Chassis KRG Bravo<\/h3>\n<p>Il-KRG Bravo huwa dak li jiddifferenzja din ix-xkubetta. Tie\u0127u magazins polimeri\u010bi li jne\u0127\u0127ew tal-mudell AICS, ta\u010b\u010betta a\u010b\u010bessorji M-LOK tul il-\u0127ares idejn, tu\u017ca spazjaturi tat-tul tal-pull g\u0127al a\u0121\u0121ustament individwali, u tinkludi qabda ta&#8217; barriera\/waqfien integrata fil-g\u0127arqub g\u0127all-isparar mill-po\u017cizzjoni. Tikseb is-sensazzjoni ta&#8217; stokk tradizzjonali bis-sett komplut ta&#8217; funzjonijiet ta&#8217; chassis ta&#8217; pre\u010bi\u017cjoni modern.<\/p>\n<h3>Grillu match u sigurt\u00e0 fi tliet po\u017cizzjonijiet<\/h3>\n<p>Il-grillu HACT (HOWA Actuator Controlled Trigger) b&#8217;\u017cew\u0121 fa\u017cijiet huwa stabbilit mill-fabbrika fil-medda 2,5 \u2013 3 lb. L-ewwel fa\u017ci \u0127afifa tirrombla f&#8217;\u0127ajt qares tat-tieni fa\u017ci, tag\u0127ti sensazzjoni match direttament mill-kaxxa. Is-sigurt\u00e0 fi tliet po\u017cizzjonijiet tippermetti l-i\u017cbjankar bis-sigurt\u00e0 mixg\u0127ula \u2014 funzjoni li sparaturi serji jistennew.<\/p>\n<h3>Kanna tqila bil-kamin 26&#8243;<\/h3>\n<p>Kanna tqila, libera ji\u010b\u010birkola ta&#8217; 26&#8243; b&#8217;rata ta&#8217; tidwir 1:8&#8243; tisfrutta b&#8217;mod s\u0127i\u0127 ir-reputazzjoni ballistika tal-6.5 Creedmoor. Il-kanna itwal ti\u0121bed kull qatra ta&#8217; velo\u010bit\u00e0 minn projettili itqal b&#8217;BC g\u0127oli fil-medda 130 \u2013 147 gr \u2014 e\u017catt fejn il-6.5 CM tibbrilla. Il-\u0127alq huwa bil-kamin 5\/8&#8243;-24 UNEF g\u0127al brejk jew suppressur.<\/p>\n<h3>Komponenti premium<\/h3>\n<ul>\n<li>Mekkani\u017cmu HOWA 1500 fuq l-inkwina b&#8217;slu\u0121\u0121 illustrat<\/li>\n<li>Grillu match HACT b&#8217;\u017cew\u0121 fa\u017cijiet, ittjunjat mill-fabbrika<\/li>\n<li>Sigurt\u00e0 fi tliet po\u017cizzjonijiet<\/li>\n<li>\u0126alq bil-kamin 5\/8&#8243;-24 g\u0127al brejk jew suppressur<\/li>\n<li>Garanzija tal-pre\u010bi\u017cjoni tal-fabbrika HOWA sub-MOA<\/li>\n<\/ul>\n<h3>Spe\u010bifikazzjonijiet tekni\u010bi<\/h3>\n<table>\n<tr>\n<th>Mekkani\u017cmu<\/th>\n<td>Bolt HOWA 1500, slu\u0121\u0121 ta&#8217; bi\u010b\u010ba wa\u0127da fuq l-inkwina<\/td>\n<\/tr>\n<tr>\n<th>Kalibru<\/th>\n<td>6.5 Creedmoor<\/td>\n<\/tr>\n<tr>\n<th>Tul tal-kanna<\/th>\n<td>26&#8243;<\/td>\n<\/tr>\n<tr>\n<th>Profil tal-kanna<\/th>\n<td>Tqila, libera ji\u010b\u010birkola<\/td>\n<\/tr>\n<tr>\n<th>Rata ta&#8217; tidwir<\/th>\n<td>1:8&#8243;<\/td>\n<\/tr>\n<tr>\n<th>Kamin tal-\u0127alq<\/th>\n<td>5\/8&#8243;-24 UNEF<\/td>\n<\/tr>\n<tr>\n<th>Tul totali<\/th>\n<td>~45&#8243;<\/td>\n<\/tr>\n<tr>\n<th>Pi\u017c<\/th>\n<td>~9,9 lb<\/td>\n<\/tr>\n<tr>\n<th>Stokk \/ chassis<\/th>\n<td>KRG Bravo \u2014 sinsla tal-aluminju, pakkett polimeriku<\/td>\n<\/tr>\n<tr>\n<th>Installazzjoni<\/th>\n<td>KRG Radius Bedding (blokk V tal-aluminju ta&#8217; tul s\u0127i\u0127)<\/td>\n<\/tr>\n<tr>\n<th>Grillu<\/th>\n<td>HACT match b&#8217;\u017cew\u0121 fa\u017cijiet, fabbrika ~2,5\u20133 lb<\/td>\n<\/tr>\n<tr>\n<th>Sigurt\u00e0<\/th>\n<td>Tliet po\u017cizzjonijiet<\/td>\n<\/tr>\n<tr>\n<th>Wi\u010b\u010b<\/th>\n<td>Mekkani\u017cmu blu mat<\/td>\n<\/tr>\n<tr>\n<th>Garanzija tal-pre\u010bi\u017cjoni<\/th>\n<td>Sub-1 MOA (3 sparaturi @ 100 yd, munizzjoni premium)<\/td>\n<\/tr>\n<\/table>\n","protected":false},"excerpt":{"rendered":"<p>Xkubetta tal-bolt ta&#8217; pre\u010bi\u017cjoni g\u0127ad-distanza fit-tul li tikkombina l-mekkani\u017cmu HOWA 1500 fuq l-inkwina mal-chassis Kinetic Research Group Bravo. Kanna tqila bil-kamin 26&#8243; f&#8217;6.5 Creedmoor.<\/p>\n","protected":false},"featured_media":754835,"template":"","meta":{"_acf_changed":false},"product_brand":[16230],"product_cat":[16052,14111,14158],"product_tag":[],"class_list":{"0":"post-754676","1":"product","2":"type-product","3":"status-publish","4":"has-post-thumbnail","6":"product_brand-howa","7":"product_cat-bolt-action-rifles-mt","8":"product_cat-licenzjat","9":"product_cat-rifle","11":"first","12":"instock","13":"taxable","14":"shipping-taxable","15":"product-type-simple"},"acf":[],"_links":{"self":[{"href":"https:\/\/nbg.eu\/mt\/wp-json\/wp\/v2\/product\/754676","targetHints":{"allow":["GET"]}}],"collection":[{"href":"https:\/\/nbg.eu\/mt\/wp-json\/wp\/v2\/product"}],"about":[{"href":"https:\/\/nbg.eu\/mt\/wp-json\/wp\/v2\/types\/product"}],"wp:featuredmedia":[{"embeddable":true,"href":"https:\/\/nbg.eu\/mt\/wp-json\/wp\/v2\/media\/754835"}],"wp:attachment":[{"href":"https:\/\/nbg.eu\/mt\/wp-json\/wp\/v2\/media?parent=754676"}],"wp:term":[{"taxonomy":"product_brand","embeddable":true,"href":"https:\/\/nbg.eu\/mt\/wp-json\/wp\/v2\/product_brand?post=754676"},{"taxonomy":"product_cat","embeddable":true,"href":"https:\/\/nbg.eu\/mt\/wp-json\/wp\/v2\/product_cat?post=754676"},{"taxonomy":"product_tag","embeddable":true,"href":"https:\/\/nbg.eu\/mt\/wp-json\/wp\/v2\/product_tag?post=754676"}],"curies":[{"name":"wp","href":"https:\/\/api.w.org\/{rel}","templated":true}]}}