{"id":754712,"date":"2026-04-22T14:06:42","date_gmt":"2026-04-22T11:06:42","guid":{"rendered":"https:\/\/nbg.eu\/product\/karabin-semiawtomatiku-ruger-ar-556-223-rem\/"},"modified":"2026-05-07T17:45:58","modified_gmt":"2026-05-07T14:45:58","slug":"karabin-semiawtomatiku-ruger-ar-556-223-rem","status":"publish","type":"product","link":"https:\/\/nbg.eu\/mt\/product\/karabin-semiawtomatiku-ruger-ar-556-223-rem\/","title":{"rendered":"Ruger AR-556 karabin semiawtomatiku, .223 Rem"},"content":{"rendered":"<h2>Ruger AR-556 .223 Rem<\/h2>\n<p>Ir-Ruger AR-556 hija l-ewwel pjattaforma AR-15 orjentata lejn il-prezz tar-Ruger, li tintrodu\u010bi \u0127afna sparaturi g\u0127ad-dinja AR. Ix-xkubetta tikkombina funzjonijiet u komponenti AR-15 standard mal-fokus tar-Ruger fuq l-affidabbilt\u00e0, li jirri\u017culta f&#8217;karabin li huwa affidabbli direttament mill-kaxxa u kompatibbli ma&#8217; kull a\u010b\u010bessorju u a\u0121\u0121ornament AR-15 standard.<\/p>\n<h3>Pjattaforma AR-15 affidabbli<\/h3>\n<p>Ir-Ruger AR-556 hija mibnija fuq is-sistema operattiva tal-impulse dirett tal-gass (DI) AR-15, dixxendent dirett tal-familja militari M16\/M4. Is-sistema operattiva hija ppruvata g\u0127al de\u010bennji, u l-ver\u017cjoni tar-Ruger hija manifatturata skont spe\u010bifikazzjonijiet standard, ottimizzata g\u0127all-affidabbilt\u00e0.<\/p>\n<h3>Kanna u operazzjoni<\/h3>\n<p>Il-kanna tal-azzar tal-karbonju kromata 16,1&#8243; g\u0127andha rata ta&#8217; tidwir 1:8&#8243;, li tistabbilizza l-medda kollha prattika tal-balal .223\/5.56 NATO. Il-\u0127alq g\u0127andu sapprexxar tal-vamp A2 u huwa bil-kamin 1\/2&#8243;-28 g\u0127al bidla tal-a\u010b\u010bessorji.<\/p>\n<h3>\u0126ares idejn M-LOK<\/h3>\n<p>Il-ver\u017cjoni moderna ma tistax tkun mfixkla mal-\u0127ares idejn polimeri\u010bi tal-AR-15 klassi\u010bi. Sklots M-LOK fil-po\u017cizzjonijiet 3, 6 u 9 g\u0127all-a\u010b\u010bessorji u binarju Picatinny fuq nett g\u0127al monta\u0121\u0121 tal-mira ottika ta&#8217; tul s\u0127i\u0127.<\/p>\n<h3>Funzjonijiet AR-15 standard<\/h3>\n<p>Ix-xkubetta g\u0127andha l-funzjonijiet AR-15 standard kollha: forward assist, g\u0127atu kontra t-trab, sigurt\u00e0 reversibbli, stokk a\u0121\u0121ustabbli b&#8217;sitt po\u017cizzjonijiet u maqbad A2. Il-partijiet kollha jaqblu mal-ispe\u010bifikazzjonijiet AR-15 standard, allura jistg\u0127u fa\u010bilment ji\u0121u sostitwiti jew a\u0121\u0121ornati.<\/p>\n<h3>Komponenti premium<\/h3>\n<ul>\n<li>Ri\u010bevitur ta&#8217; fuq ippro\u010bessat b&#8217;CNC u ri\u010bevitur ta&#8217; isfel imsa\u0127\u0127a\u0127<\/li>\n<li>Kanna tal-azzar tal-karbonju kromata 16,1&#8243;<\/li>\n<li>Sapprexxar tal-vamp A2 (a\u010b\u010bessorju tal-\u0127alq)<\/li>\n<li>\u0126ares idejn M-LOK liberu ji\u010b\u010birkola<\/li>\n<li>Stokk a\u0121\u0121ustabbli b&#8217;sitt po\u017cizzjonijiet<\/li>\n<li>Ri\u010bevitur ta&#8217; fuq \u010batt g\u0127all-mira ottika<\/li>\n<\/ul>\n<h3>Spe\u010bifikazzjonijiet tekni\u010bi<\/h3>\n<table>\n<tr>\n<th>Mekkani\u017cmu<\/th>\n<td>Semiawtomatiku, impulse dirett tal-gass<\/td>\n<\/tr>\n<tr>\n<th>Kalibru<\/th>\n<td>.223 Rem \/ 5.56 NATO<\/td>\n<\/tr>\n<tr>\n<th>Tul tal-kanna<\/th>\n<td>16,1&#8243;<\/td>\n<\/tr>\n<tr>\n<th>Kanna<\/th>\n<td>Azzar tal-karbonju kromat<\/td>\n<\/tr>\n<tr>\n<th>Rata ta&#8217; tidwir<\/th>\n<td>1:8&#8243;<\/td>\n<\/tr>\n<tr>\n<th>A\u010b\u010bessorju tal-\u0127alq<\/th>\n<td>Sapprexxar tal-vamp A2<\/td>\n<\/tr>\n<tr>\n<th>Kamin tal-\u0127alq<\/th>\n<td>1\/2&#8243;-28<\/td>\n<\/tr>\n<tr>\n<th>\u0126ares idejn<\/th>\n<td>M-LOK liberu ji\u010b\u010birkola<\/td>\n<\/tr>\n<tr>\n<th>Stokk<\/th>\n<td>A\u0121\u0121ustabbli b&#8217;sitt po\u017cizzjonijiet<\/td>\n<\/tr>\n<tr>\n<th>Maqbad<\/th>\n<td>A2<\/td>\n<\/tr>\n<tr>\n<th>Pi\u017c<\/th>\n<td>~6,5 lbs<\/td>\n<\/tr>\n<\/table>\n","protected":false},"excerpt":{"rendered":"<p>Karabin AR-15 semiawtomatiku Ruger AR-556 affidabbli f&#8217;.223 Rem. Ri\u010bevitur ta&#8217; fuq ippro\u010bessat b&#8217;CNC, ri\u010bevitur ta&#8217; isfel imsa\u0127\u0127a\u0127, kanna 16,1&#8243; iswed mat, \u0127ares idejn M-LOK, stokk b&#8217;sitt po\u017cizzjonijiet u funzjonijiet AR-15 standard g\u0127al proporzjon e\u010b\u010bellenti tal-prezz-kwalit\u00e0.<\/p>\n","protected":false},"featured_media":754964,"template":"","meta":{"_acf_changed":false},"product_brand":[16232],"product_cat":[15123,14089,14111,14158,15124],"product_tag":[],"class_list":{"0":"post-754712","1":"product","2":"type-product","3":"status-publish","4":"has-post-thumbnail","6":"product_brand-ruger","7":"product_cat-ar-15-rifles-mt","8":"product_cat-karabbini","9":"product_cat-licenzjat","10":"product_cat-rifle","11":"product_cat-semi-automatic-rifles-mt","13":"first","14":"instock","15":"taxable","16":"shipping-taxable","17":"product-type-simple"},"acf":[],"_links":{"self":[{"href":"https:\/\/nbg.eu\/mt\/wp-json\/wp\/v2\/product\/754712","targetHints":{"allow":["GET"]}}],"collection":[{"href":"https:\/\/nbg.eu\/mt\/wp-json\/wp\/v2\/product"}],"about":[{"href":"https:\/\/nbg.eu\/mt\/wp-json\/wp\/v2\/types\/product"}],"wp:featuredmedia":[{"embeddable":true,"href":"https:\/\/nbg.eu\/mt\/wp-json\/wp\/v2\/media\/754964"}],"wp:attachment":[{"href":"https:\/\/nbg.eu\/mt\/wp-json\/wp\/v2\/media?parent=754712"}],"wp:term":[{"taxonomy":"product_brand","embeddable":true,"href":"https:\/\/nbg.eu\/mt\/wp-json\/wp\/v2\/product_brand?post=754712"},{"taxonomy":"product_cat","embeddable":true,"href":"https:\/\/nbg.eu\/mt\/wp-json\/wp\/v2\/product_cat?post=754712"},{"taxonomy":"product_tag","embeddable":true,"href":"https:\/\/nbg.eu\/mt\/wp-json\/wp\/v2\/product_tag?post=754712"}],"curies":[{"name":"wp","href":"https:\/\/api.w.org\/{rel}","templated":true}]}}