{"id":754791,"date":"2026-04-22T14:07:04","date_gmt":"2026-04-22T11:07:04","guid":{"rendered":"https:\/\/nbg.eu\/product\/remington-core-lokt-45-70-gov-405-grain-munizzjoni-tal-kacca\/"},"modified":"2026-04-29T14:37:21","modified_gmt":"2026-04-29T11:37:21","slug":"remington-core-lokt-45-70-gov-405-grain-munizzjoni-tal-kacca","status":"publish","type":"product","link":"https:\/\/nbg.eu\/mt\/product\/remington-core-lokt-45-70-gov-405-grain-munizzjoni-tal-kacca\/","title":{"rendered":"Remington Core-Lokt .45-70 Gov 405 grain \u2014 munizzjoni tal-ka\u010b\u010ba"},"content":{"rendered":"<h2>Remington Core-Lokt .45-70 Gov 405 grain<\/h2>\n<p>Il-Remington Core-Lokt hija familja tal-munizzjoni tal-ka\u010b\u010ba rispettata madwar id-dinja \u2014 sikwit imsej\u0127a &#8220;il-balla tal-ka\u010b\u010batur&#8221;. Introdotta fl-1939, id-disinn Core-Lokt g\u0127andu wie\u0127ed mill-itwal u l-a\u0127jar dokumentat rekord tas-su\u010b\u010bess tal-ka\u010b\u010ba ta&#8217; kwalunkwe balla fis-suq. Il-ver\u017cjoni .45-70 Government 405 grain tinsab fl-a\u0127jar tarf tqil tal-ispektrum tal-pi\u017c tradizzjonali tal-ka\u010b\u010ba, ideali g\u0127all-g\u0127ijid il-kbir.<\/p>\n<h3>Teknolo\u0121ija tal-balla Core-Lokt<\/h3>\n<p>Id-disinn Remington Core-Lokt jikkombina qalba ta\u010b-\u010bomb b&#8217;kavetta tar-ram spe\u010bjalment ikkalibrata. Il-kavetta g\u0127andha profil tal-\u0127xuna ddisinjat li jippermetti lill-balla tespandi b&#8217;mod ikkontrollat fl-impatt, filwaqt li l-kavetta u l-qalba jibqg\u0127u flimkien matul il-penetrazzjoni. Dan ifisser li l-balla tittrasferixxi ener\u0121ija sinifikanti lill-mira filwaqt li tipprovdi penetrazzjoni profonda \u2014 kritika g\u0127all-g\u0127ijid il-kbir.<\/p>\n<h3>Pi\u017c 405 grain<\/h3>\n<p>Il-405 grain huwa l-pi\u017c klassiku tal-kalibru .45-70. Dan huwa l-pi\u017c tradizzjonali \u017cviluppat g\u0127ax-xkubetti ori\u0121inali .45-70 Springfield-Trapdoor, u dak li jiddefinixxi l-wirt militari u tal-ka\u010b\u010ba tal-kalibru. Il-pi\u017c ta&#8217; 405 grain ji\u017cgura fond massimu ta&#8217; penetrazzjoni u l-iktar qtil affidabbli fuq l-akbar g\u0127ijid.<\/p>\n<h3>Prestazzjoni klassika tal-ka\u010b\u010ba<\/h3>\n<p>Il-Remington Core-Lokt .45-70 405 grain hija ideali g\u0127all-g\u0127ijid il-kbir: ors, mooses, \u010bervu nobbli u g\u0127ijid kbir ie\u0127or tal-Amerika ta&#8217; Fuq. Id-distanza tradizzjonali tal-kalibru hija fi \u0127dan 100 jardas, fejn il-balla Core-Lokt tipprovdi b&#8217;mod konsistenti ri\u017cultati affidabbli. Il-balla itqal ta\u0127dem l-a\u0127jar fil-qu\u010b\u010bata tal-medda possibbli tal-g\u0127ijid tal-.45-70.<\/p>\n<h3>G\u0127a\u017cla tal-fidu\u010bja tal-ka\u010b\u010baturi<\/h3>\n<p>Il-Remington Core-Lokt ilha su\u010b\u010bess kummer\u010bjali fis-suq tal-munizzjoni tal-ka\u010b\u010ba g\u0127al de\u010bennji. \u0120enerazzjonijiet ta&#8217; ka\u010b\u010baturi jafdaw fil-balla Core-Lokt \u2014 min\u0127abba l-kombinazzjoni rari tal-affidabbilt\u00e0, l-effettivit\u00e0 u l-valur.<\/p>\n<h3>Spe\u010bifikazzjonijiet<\/h3>\n<table>\n<tr>\n<th>Kalibru<\/th>\n<td>.45-70 Government<\/td>\n<\/tr>\n<tr>\n<th>Pi\u017c tal-balla<\/th>\n<td>405 grain<\/td>\n<\/tr>\n<tr>\n<th>Tip ta&#8217; balla<\/th>\n<td>Remington Core-Lokt SP (Soft Point)<\/td>\n<\/tr>\n<tr>\n<th>Kavetta<\/th>\n<td>Ram<\/td>\n<\/tr>\n<tr>\n<th>Qalba<\/th>\n<td>\u010aomb<\/td>\n<\/tr>\n<tr>\n<th>Ka\u017cing<\/th>\n<td>Bron\u017c, kapsula Boxer<\/td>\n<\/tr>\n<tr>\n<th>Pakketjar<\/th>\n<td>20 karto\u010b\u010bi \/ kaxxa<\/td>\n<\/tr>\n<tr>\n<th>U\u017cu<\/th>\n<td>Ka\u010b\u010ba tal-g\u0127ijid il-kbir (ors, mooses, \u010bervu nobbli)<\/td>\n<\/tr>\n<\/table>\n","protected":false},"excerpt":{"rendered":"<p>Munizzjoni klassika tal-ka\u010b\u010ba Remington Core-Lokt .45-70 Government 405 grain. L-iktar linja famu\u017ca u antika tal-munizzjoni tal-ka\u010b\u010ba fid-dinja, b&#8217;espansjoni kkontrollata affidabbli u effika\u010bja e\u010b\u010bellenti tal-qtil g\u0127all-ka\u010b\u010ba tal-g\u0127ijid il-kbir.<\/p>\n","protected":false},"featured_media":754792,"template":"","meta":{"_acf_changed":false},"product_brand":[16241],"product_cat":[14111,14161,14171],"product_tag":[],"class_list":{"0":"post-754791","1":"product","2":"type-product","3":"status-publish","4":"has-post-thumbnail","6":"product_brand-remington","7":"product_cat-licenzjat","8":"product_cat-munizzjon","9":"product_cat-munizzjon-tar-rifle","11":"first","12":"instock","13":"taxable","14":"shipping-taxable","15":"product-type-simple"},"acf":[],"_links":{"self":[{"href":"https:\/\/nbg.eu\/mt\/wp-json\/wp\/v2\/product\/754791","targetHints":{"allow":["GET"]}}],"collection":[{"href":"https:\/\/nbg.eu\/mt\/wp-json\/wp\/v2\/product"}],"about":[{"href":"https:\/\/nbg.eu\/mt\/wp-json\/wp\/v2\/types\/product"}],"wp:featuredmedia":[{"embeddable":true,"href":"https:\/\/nbg.eu\/mt\/wp-json\/wp\/v2\/media\/754792"}],"wp:attachment":[{"href":"https:\/\/nbg.eu\/mt\/wp-json\/wp\/v2\/media?parent=754791"}],"wp:term":[{"taxonomy":"product_brand","embeddable":true,"href":"https:\/\/nbg.eu\/mt\/wp-json\/wp\/v2\/product_brand?post=754791"},{"taxonomy":"product_cat","embeddable":true,"href":"https:\/\/nbg.eu\/mt\/wp-json\/wp\/v2\/product_cat?post=754791"},{"taxonomy":"product_tag","embeddable":true,"href":"https:\/\/nbg.eu\/mt\/wp-json\/wp\/v2\/product_tag?post=754791"}],"curies":[{"name":"wp","href":"https:\/\/api.w.org\/{rel}","templated":true}]}}