{"id":755343,"date":"2026-05-13T13:36:29","date_gmt":"2026-05-13T10:36:29","guid":{"rendered":"https:\/\/nbg.eu\/product\/borza-magnum-research-bfr-6-5-7-5-gilda-sewda\/"},"modified":"2026-05-13T14:48:23","modified_gmt":"2026-05-13T11:48:23","slug":"borza-magnum-research-bfr-6-5-7-5-gilda-sewda","status":"publish","type":"product","link":"https:\/\/nbg.eu\/mt\/product\/borza-magnum-research-bfr-6-5-7-5-gilda-sewda\/","title":{"rendered":"Bor\u017ca Magnum Research BFR 6.5\/7.5&#8243; &#8211; \u0121ilda (sewda)"},"content":{"rendered":"<h2>Bor\u017ca Magnum Research BFR 6.5\/7.5&#8243; &#8211; \u0121ilda (sewda)<\/h2>\n<p>Bor\u017ca tal-\u0121ilda ma\u0127duma bl-idejn g\u0127ar-revolver Magnum Research Big Frame Revolver (BFR) b&#8217;kanna ta&#8217; 6.5&#8243; jew 7.5&#8243;. Mag\u0127mula minn \u0121ilda full-grain premium; \u017camma sigura, \u0121bid bla xkiel u durabbilt\u00e0 twila.<\/p>\n<h3>Karatteristi\u010bi ewlenin<\/h3>\n<ul>\n<li>Imfassla g\u0127all-profil BFR 6.5&#8243;\/7.5&#8243;<\/li>\n<li>\u0120ilda full-grain premium<\/li>\n<li>\u0126jut imsa\u0127\u0127a g\u0127al revolvers tqal<\/li>\n<li>\u010ainga ta&#8217; \u017camma a\u0121\u0121ustabbli<\/li>\n<li>Tg\u0127odd ma&#8217; \u010binturini standard<\/li>\n<\/ul>\n<h3>Spe\u010bifikazzjonijiet<\/h3>\n<table>\n<tr>\n<td><strong>Tg\u0127odd g\u0127al<\/strong><\/td>\n<td>Magnum Research BFR 6.5&#8243; \/ 7.5&#8243;<\/td>\n<\/tr>\n<tr>\n<td><strong>Materjal<\/strong><\/td>\n<td>\u0120ilda premium (sewda)<\/td>\n<\/tr>\n<tr>\n<td><strong>\u0120arr<\/strong><\/td>\n<td>\u010ainturin<\/td>\n<\/tr>\n<tr>\n<td><strong>Ori\u0121ini<\/strong><\/td>\n<td>USA<\/td>\n<\/tr>\n<\/table>\n","protected":false},"excerpt":{"rendered":"<p>Bor\u017ca tal-\u0121ilda sewda ma\u0127duma bl-idejn, imfassla apposta g\u0127ar-revolver Magnum Research BFR b&#8217;kanna ta&#8217; 6.5&#8243; jew 7.5&#8243;.<\/p>\n","protected":false},"featured_media":756367,"template":"","meta":{"_acf_changed":false},"product_brand":[],"product_cat":[14164,14145],"product_tag":[],"class_list":{"0":"post-755343","1":"product","2":"type-product","3":"status-publish","4":"has-post-thumbnail","6":"product_cat-holster","7":"product_cat-holster-sportiv","9":"first","10":"instock","11":"sale","12":"taxable","13":"shipping-taxable","14":"purchasable","15":"product-type-simple"},"acf":[],"_links":{"self":[{"href":"https:\/\/nbg.eu\/mt\/wp-json\/wp\/v2\/product\/755343","targetHints":{"allow":["GET"]}}],"collection":[{"href":"https:\/\/nbg.eu\/mt\/wp-json\/wp\/v2\/product"}],"about":[{"href":"https:\/\/nbg.eu\/mt\/wp-json\/wp\/v2\/types\/product"}],"wp:featuredmedia":[{"embeddable":true,"href":"https:\/\/nbg.eu\/mt\/wp-json\/wp\/v2\/media\/756367"}],"wp:attachment":[{"href":"https:\/\/nbg.eu\/mt\/wp-json\/wp\/v2\/media?parent=755343"}],"wp:term":[{"taxonomy":"product_brand","embeddable":true,"href":"https:\/\/nbg.eu\/mt\/wp-json\/wp\/v2\/product_brand?post=755343"},{"taxonomy":"product_cat","embeddable":true,"href":"https:\/\/nbg.eu\/mt\/wp-json\/wp\/v2\/product_cat?post=755343"},{"taxonomy":"product_tag","embeddable":true,"href":"https:\/\/nbg.eu\/mt\/wp-json\/wp\/v2\/product_tag?post=755343"}],"curies":[{"name":"wp","href":"https:\/\/api.w.org\/{rel}","templated":true}]}}