{"id":755458,"date":"2026-05-13T13:36:36","date_gmt":"2026-05-13T10:36:36","guid":{"rendered":"https:\/\/nbg.eu\/product\/magazin-asc-ar-15-223-rem-5-56-nato-10-tiri\/"},"modified":"2026-05-13T14:49:29","modified_gmt":"2026-05-13T11:49:29","slug":"magazin-asc-ar-15-223-rem-5-56-nato-10-tiri","status":"publish","type":"product","link":"https:\/\/nbg.eu\/mt\/product\/magazin-asc-ar-15-223-rem-5-56-nato-10-tiri\/","title":{"rendered":"Ma\u0121a\u017cin ASC AR-15 .223 Rem \/ 5.56 NATO 10-tiri"},"content":{"rendered":"<h2>Ma\u0121a\u017cin ASC AR-15 .223 Rem \/ 5.56 NATO 10-tiri<\/h2>\n<p>Il-ma\u0121a\u017cin AR-15 ta&#8217; ASC huwa mag\u0127mul mill-azzar inossidabbli 410, b&#8217;molla tal-kromju-sili\u010bju u follower tal-polimer re\u017cistenti g\u0127as-s\u0127ana g\u0127al alimentazzjoni affidabbli ta&#8217; .223 Rem \/ 5.56 NATO \/ 5.56 NATO. Konformi mal-limitu ta&#8217; kapa\u010bit\u00e0 ta&#8217; 10-tiri.<\/p>\n<h3>Karatteristi\u010bi ewlenin<\/h3>\n<ul>\n<li>10-tiri (kapa\u010bit\u00e0 limitata)<\/li>\n<li>Korp mill-azzar inossidabbli 410<\/li>\n<li>Molla kromju-sili\u010bju<\/li>\n<li>Follower tal-polimer awtolubrikanti<\/li>\n<li>Tg\u0127odd ma&#8217; kull AR-15 lower receiver standard<\/li>\n<\/ul>\n<h3>Spe\u010bifikazzjonijiet<\/h3>\n<table>\n<tr>\n<td><strong>Kalibru<\/strong><\/td>\n<td>.223 Rem \/ 5.56 NATO \/ 5.56 NATO<\/td>\n<\/tr>\n<tr>\n<td><strong>Kapa\u010bit\u00e0<\/strong><\/td>\n<td>10 tiri<\/td>\n<\/tr>\n<tr>\n<td><strong>Materjal<\/strong><\/td>\n<td>Azzar inossidabbli 410<\/td>\n<\/tr>\n<tr>\n<td><strong>Manifattur<\/strong><\/td>\n<td>ASC (USA)<\/td>\n<\/tr>\n<\/table>\n","protected":false},"excerpt":{"rendered":"<p>Ma\u0121a\u017cin AR-15 ta&#8217; 10-tiri f&#8217;.223 Rem \/ 5.56 NATO mill-ASC (Ammunition Storage Components). Kostruzzjoni mtejba mill-azzar inossidabbli 410 b&#8217;follower tal-polimer.<\/p>\n","protected":false},"featured_media":755906,"template":"","meta":{"_acf_changed":false},"product_brand":[],"product_cat":[14111,14165,14158],"product_tag":[],"class_list":{"0":"post-755458","1":"product","2":"type-product","3":"status-publish","4":"has-post-thumbnail","6":"product_cat-licenzjat","7":"product_cat-magazines-tar-rifle","8":"product_cat-rifle","10":"first","11":"instock","12":"taxable","13":"shipping-taxable","14":"product-type-simple"},"acf":[],"_links":{"self":[{"href":"https:\/\/nbg.eu\/mt\/wp-json\/wp\/v2\/product\/755458","targetHints":{"allow":["GET"]}}],"collection":[{"href":"https:\/\/nbg.eu\/mt\/wp-json\/wp\/v2\/product"}],"about":[{"href":"https:\/\/nbg.eu\/mt\/wp-json\/wp\/v2\/types\/product"}],"wp:featuredmedia":[{"embeddable":true,"href":"https:\/\/nbg.eu\/mt\/wp-json\/wp\/v2\/media\/755906"}],"wp:attachment":[{"href":"https:\/\/nbg.eu\/mt\/wp-json\/wp\/v2\/media?parent=755458"}],"wp:term":[{"taxonomy":"product_brand","embeddable":true,"href":"https:\/\/nbg.eu\/mt\/wp-json\/wp\/v2\/product_brand?post=755458"},{"taxonomy":"product_cat","embeddable":true,"href":"https:\/\/nbg.eu\/mt\/wp-json\/wp\/v2\/product_cat?post=755458"},{"taxonomy":"product_tag","embeddable":true,"href":"https:\/\/nbg.eu\/mt\/wp-json\/wp\/v2\/product_tag?post=755458"}],"curies":[{"name":"wp","href":"https:\/\/api.w.org\/{rel}","templated":true}]}}