{"id":755481,"date":"2026-05-13T13:36:38","date_gmt":"2026-05-13T10:36:38","guid":{"rendered":"https:\/\/nbg.eu\/product\/magazin-cmmg-ar-9mm-conversion-10-tiri\/"},"modified":"2026-05-13T14:49:43","modified_gmt":"2026-05-13T11:49:43","slug":"magazin-cmmg-ar-9mm-conversion-10-tiri","status":"publish","type":"product","link":"https:\/\/nbg.eu\/mt\/product\/magazin-cmmg-ar-9mm-conversion-10-tiri\/","title":{"rendered":"Ma\u0121a\u017cin CMMG AR 9mm Conversion 10-tiri"},"content":{"rendered":"<h2>Ma\u0121a\u017cin CMMG AR 9mm Conversion 10-tiri<\/h2>\n<p>Iddisinjat spe\u010bifikament g\u0127as-sistemi 9mm AR-15 conversion ta&#8217; CMMG, dan il-ma\u0121a\u017cin ta&#8217; 10-tiri ju\u017ca disinn Glock-pattern modifikat addattat g\u0127all-pjattaforma AR. Mibni g\u0127al alimentazzjoni affidabbli ta&#8217; 9mm Luger fi xkubetti u pistoli CMMG Banshee, Resolute u Mk9.<\/p>\n<h3>Karatteristi\u010bi ewlenin<\/h3>\n<ul>\n<li>10-tiri (kapa\u010bit\u00e0 limitata)<\/li>\n<li>G\u0127al CMMG 9mm AR conversion uppers<\/li>\n<li>Korp Glock-pattern (modifikat)<\/li>\n<li>Disinn drop-free<\/li>\n<li>Polimer re\u017cistenti \u0127afna g\u0127all-impatt<\/li>\n<\/ul>\n<h3>Spe\u010bifikazzjonijiet<\/h3>\n<table>\n<tr>\n<td><strong>Kalibru<\/strong><\/td>\n<td>9mm Luger<\/td>\n<\/tr>\n<tr>\n<td><strong>Kapa\u010bit\u00e0<\/strong><\/td>\n<td>10 tiri<\/td>\n<\/tr>\n<tr>\n<td><strong>Pjattaforma<\/strong><\/td>\n<td>CMMG 9mm AR Conversion<\/td>\n<\/tr>\n<tr>\n<td><strong>Manifattur<\/strong><\/td>\n<td>CMMG (USA)<\/td>\n<\/tr>\n<\/table>\n","protected":false},"excerpt":{"rendered":"<p>Ma\u0121a\u017cin 9mm ta&#8217; 10-tiri g\u0127al CMMG AR-15 9mm conversion uppers. Ma\u0121a\u017cin Glock-pattern modifikat g\u0127al alimentazzjoni affidabbli.<\/p>\n","protected":false},"featured_media":755954,"template":"","meta":{"_acf_changed":false},"product_brand":[],"product_cat":[14111,14165,14158],"product_tag":[],"class_list":{"0":"post-755481","1":"product","2":"type-product","3":"status-publish","4":"has-post-thumbnail","6":"product_cat-licenzjat","7":"product_cat-magazines-tar-rifle","8":"product_cat-rifle","10":"first","11":"instock","12":"taxable","13":"shipping-taxable","14":"product-type-simple"},"acf":[],"_links":{"self":[{"href":"https:\/\/nbg.eu\/mt\/wp-json\/wp\/v2\/product\/755481","targetHints":{"allow":["GET"]}}],"collection":[{"href":"https:\/\/nbg.eu\/mt\/wp-json\/wp\/v2\/product"}],"about":[{"href":"https:\/\/nbg.eu\/mt\/wp-json\/wp\/v2\/types\/product"}],"wp:featuredmedia":[{"embeddable":true,"href":"https:\/\/nbg.eu\/mt\/wp-json\/wp\/v2\/media\/755954"}],"wp:attachment":[{"href":"https:\/\/nbg.eu\/mt\/wp-json\/wp\/v2\/media?parent=755481"}],"wp:term":[{"taxonomy":"product_brand","embeddable":true,"href":"https:\/\/nbg.eu\/mt\/wp-json\/wp\/v2\/product_brand?post=755481"},{"taxonomy":"product_cat","embeddable":true,"href":"https:\/\/nbg.eu\/mt\/wp-json\/wp\/v2\/product_cat?post=755481"},{"taxonomy":"product_tag","embeddable":true,"href":"https:\/\/nbg.eu\/mt\/wp-json\/wp\/v2\/product_tag?post=755481"}],"curies":[{"name":"wp","href":"https:\/\/api.w.org\/{rel}","templated":true}]}}