{"id":755619,"date":"2026-05-13T13:36:46","date_gmt":"2026-05-13T10:36:46","guid":{"rendered":"https:\/\/nbg.eu\/product\/linja-picatinny-contessa-howa-1500-long-action\/"},"modified":"2026-05-13T14:51:05","modified_gmt":"2026-05-13T11:51:05","slug":"linja-picatinny-contessa-howa-1500-long-action","status":"publish","type":"product","link":"https:\/\/nbg.eu\/mt\/product\/linja-picatinny-contessa-howa-1500-long-action\/","title":{"rendered":"Linja Picatinny Contessa Howa 1500 Long Action"},"content":{"rendered":"<h2>Linja Picatinny Contessa Howa 1500 Long Action<\/h2>\n<p>Linja Picatinny ma\u0127duma bi pre\u010bi\u017cjoni minn Contessa (Italja), iddisinjata spe\u010bifikament g\u0127ar-receiver Howa 1500 Long Action. Mag\u0127mula minn azzar CNC b&#8217;finitura sewda iebsa; pjattaforma stabbli g\u0127all-immuntar ta&#8217; otti\u010bi u a\u010b\u010bessorji.<\/p>\n<h3>Karatteristi\u010bi ewlenin<\/h3>\n<ul>\n<li>Tg\u0127odd ma&#8217; Howa 1500 Long Action<\/li>\n<li>Profil MIL-STD 1913 Picatinny<\/li>\n<li>Kostruzzjoni tal-azzar CNC<\/li>\n<li>Finitura sewda iebsa<\/li>\n<li>Mestrija Taljana Contessa<\/li>\n<\/ul>\n<h3>Spe\u010bifikazzjonijiet<\/h3>\n<table>\n<tr>\n<td><strong>Tg\u0127odd g\u0127al<\/strong><\/td>\n<td>Howa 1500 Long Action<\/td>\n<\/tr>\n<tr>\n<td><strong>Standard<\/strong><\/td>\n<td>MIL-STD 1913 Picatinny<\/td>\n<\/tr>\n<tr>\n<td><strong>Materjal<\/strong><\/td>\n<td>Azzar, finitura sewda iebsa<\/td>\n<\/tr>\n<tr>\n<td><strong>Manifattur<\/strong><\/td>\n<td>Contessa (Italja)<\/td>\n<\/tr>\n<\/table>\n","protected":false},"excerpt":{"rendered":"<p>Linja Picatinny Taljana Contessa g\u0127al otti\u010bi fuq xkubetti Howa 1500 Long Action bolt-action. Azzar CNC ta&#8217; pre\u010bi\u017cjoni.<\/p>\n","protected":false},"featured_media":756290,"template":"","meta":{"_acf_changed":false},"product_brand":[],"product_cat":[14891,15827,14172],"product_tag":[],"class_list":{"0":"post-755619","1":"product","2":"type-product","3":"status-publish","4":"has-post-thumbnail","6":"product_cat-mounts-mt","7":"product_cat-picatinny-rails-mt","8":"product_cat-rails","10":"first","11":"instock","12":"taxable","13":"shipping-taxable","14":"purchasable","15":"product-type-simple"},"acf":[],"_links":{"self":[{"href":"https:\/\/nbg.eu\/mt\/wp-json\/wp\/v2\/product\/755619","targetHints":{"allow":["GET"]}}],"collection":[{"href":"https:\/\/nbg.eu\/mt\/wp-json\/wp\/v2\/product"}],"about":[{"href":"https:\/\/nbg.eu\/mt\/wp-json\/wp\/v2\/types\/product"}],"wp:featuredmedia":[{"embeddable":true,"href":"https:\/\/nbg.eu\/mt\/wp-json\/wp\/v2\/media\/756290"}],"wp:attachment":[{"href":"https:\/\/nbg.eu\/mt\/wp-json\/wp\/v2\/media?parent=755619"}],"wp:term":[{"taxonomy":"product_brand","embeddable":true,"href":"https:\/\/nbg.eu\/mt\/wp-json\/wp\/v2\/product_brand?post=755619"},{"taxonomy":"product_cat","embeddable":true,"href":"https:\/\/nbg.eu\/mt\/wp-json\/wp\/v2\/product_cat?post=755619"},{"taxonomy":"product_tag","embeddable":true,"href":"https:\/\/nbg.eu\/mt\/wp-json\/wp\/v2\/product_tag?post=755619"}],"curies":[{"name":"wp","href":"https:\/\/api.w.org\/{rel}","templated":true}]}}