{"id":78648,"date":"2024-11-05T11:14:10","date_gmt":"2024-11-05T08:14:10","guid":{"rendered":"https:\/\/nbg.eu\/product\/tinck-arms-semi-automatic-rifle-ar-x15-ms-pro-cal-300-blackout-12-5\/"},"modified":"2026-01-21T11:34:58","modified_gmt":"2026-01-21T08:34:58","slug":"tinck-arms-semi-automatic-rifle-ar-x15-ms-pro-cal-300-blackout-12-5","status":"publish","type":"product","link":"https:\/\/nbg.eu\/mt\/product\/tinck-arms-semi-automatic-rifle-ar-x15-ms-pro-cal-300-blackout-12-5\/","title":{"rendered":"Tinck Arms Semi-automatic Rifle AR X15-MS Pro Cal. .300 Blackout &#8211; 12.5&#8243;"},"content":{"rendered":"<div class=\"product-description\">\n<h2>Tinck Arms ARX15-MS Pro Cal. .300AAC &#8211; 12.5&#8243;<\/h2>\n<p>L-ARX15-MS Pro huwa xkubetta g\u0127all-isparar ta&#8217; pre\u010bi\u017cjoni u dinamiku. Huwa adattat g\u0127al sparaturi ta&#8217; pre\u010bi\u017cjoni stati\u010bi, ka\u010b\u010baturi jew dilettanti tal-isparar dinamiku.<\/p>\n<h2>Karatteristi\u010bi Ewlenin:<\/h2>\n<ul>\n<li>Kalibru: .300AAC<\/li>\n<li>Tul tal-Kanna: 12.5&#8243; (Tulijiet o\u0127ra disponibbli fuq talba)<\/li>\n<li>Operazzjoni semi-awtomatika<\/li>\n<li>Bolt li jdur imsakkar, sistema ta&#8217; Impatt Dirett (DI)<\/li>\n<li>U\u017cu ambidestru<\/li>\n<li>Disinn \u0127afif: 2.8kg biss inklu\u017c magazine ta&#8217; 30 tir<\/li>\n<li>Kompatt u a\u0121\u0121ustabbli: Tul ivarja minn 660mm sa 970mm<\/li>\n<\/ul>\n<h2>In\u0121inerija ta&#8217; Pre\u010bi\u017cjoni:<\/h2>\n<p>L-ARX15-MS Pro g\u0127andu kanna b&#8217;rata ta&#8217; dawran ta&#8217; 1:7&#8243;, li ti\u017cgura pre\u010bi\u017cjoni u stabbilt\u00e0 g\u0127al balal .300AAC. Il-brake tal-muzzle bi 3 kmamar inaqqas ir-recoil, filwaqt li l-konnettur tas-suppressor integrat ta&#8217; 1\/2&#8243;-28 jippermetti personalizzazzjoni fa\u010bli.<\/p>\n<h2>Versatili u Personalizzabbli:<\/h2>\n<p>B&#8217;1+3 M-LOK NAR rails, din ix-xkubetta toffri g\u0127a\u017cliet estensivi ta&#8217; personalizzazzjoni g\u0127all-a\u010b\u010bessorji. Il-manku tal-i\u010b\u010bar\u0121jar mhux re\u010biprokanti u s-sight ta&#8217; emer\u0121enza flip-up jipprovdu operazzjoni affidabbli.<\/p>\n<h2>Kumdit\u00e0 u Ergonomika:<\/h2>\n<p>Mg\u0127ammar b&#8217;buffer tube tal-AR-15 u buttstock MFT, l-ARX15-MS Pro ji\u017cgura esperjenza ta&#8217; sparar komda. Il-kontrolli ambidestri huma adattati g\u0127al sparaturi xellugin u leminin.<\/p>\n<h2>Spe\u010bifikazzjonijiet Addizzjonali:<\/h2>\n<ul>\n<li>Wisa&#8217;: 56mm (70mm inklu\u017c il-manku tal-i\u010b\u010bar\u0121jar)<\/li>\n<li>G\u0127oli: 220mm b&#8217;magazine ta&#8217; 30 tir<\/li>\n<li>Tul tas-Sight: G\u0127a\u017cliet ta&#8217; 330mm, 370mm, 450mm<\/li>\n<li>Kapa\u010bit\u00e0 tal-Magazine: 10 jew 30 tir (tal-plastik)<\/li>\n<\/ul>\n<p>It-Tinck Arms ARX15-MS Pro Cal. .300AAC &#8211; 12.5&#8243; ji\u0121i b&#8217;magazine wie\u0127ed ta&#8217; 10 (jew 30) tir u manwal tal-utent dettaljat.<\/p>\n<\/div>\n","protected":false},"excerpt":{"rendered":"<p>Azzarda versatili tal-.300AAC g\u0127al sparar pre\u010bi\u017c u dinamiku. Kanna ta&#8217; 12.5&#8243;, semi-awtomatika.<\/p>\n","protected":false},"featured_media":77584,"template":"","meta":{"_acf_changed":false},"product_brand":[11921],"product_cat":[15123,14089,14158,15124],"product_tag":[],"class_list":{"0":"post-78648","1":"product","2":"type-product","3":"status-publish","4":"has-post-thumbnail","6":"product_brand-tinck-arms","7":"product_cat-ar-15-rifles-mt","8":"product_cat-karabbini","9":"product_cat-rifle","10":"product_cat-semi-automatic-rifles-mt","12":"first","13":"outofstock","14":"taxable","15":"shipping-taxable","16":"purchasable","17":"product-type-simple"},"acf":[],"_links":{"self":[{"href":"https:\/\/nbg.eu\/mt\/wp-json\/wp\/v2\/product\/78648","targetHints":{"allow":["GET"]}}],"collection":[{"href":"https:\/\/nbg.eu\/mt\/wp-json\/wp\/v2\/product"}],"about":[{"href":"https:\/\/nbg.eu\/mt\/wp-json\/wp\/v2\/types\/product"}],"wp:featuredmedia":[{"embeddable":true,"href":"https:\/\/nbg.eu\/mt\/wp-json\/wp\/v2\/media\/77584"}],"wp:attachment":[{"href":"https:\/\/nbg.eu\/mt\/wp-json\/wp\/v2\/media?parent=78648"}],"wp:term":[{"taxonomy":"product_brand","embeddable":true,"href":"https:\/\/nbg.eu\/mt\/wp-json\/wp\/v2\/product_brand?post=78648"},{"taxonomy":"product_cat","embeddable":true,"href":"https:\/\/nbg.eu\/mt\/wp-json\/wp\/v2\/product_cat?post=78648"},{"taxonomy":"product_tag","embeddable":true,"href":"https:\/\/nbg.eu\/mt\/wp-json\/wp\/v2\/product_tag?post=78648"}],"curies":[{"name":"wp","href":"https:\/\/api.w.org\/{rel}","templated":true}]}}