{"id":78670,"date":"2024-11-04T19:26:19","date_gmt":"2024-11-04T19:26:19","guid":{"rendered":"https:\/\/nbg.eu\/product\/tinck-arms-semi-automatic-rifle-ar-x15-ms-pro-cal-5-56x45-223-rem-12-5\/"},"modified":"2026-01-21T11:45:15","modified_gmt":"2026-01-21T08:45:15","slug":"tinck-arms-semi-automatic-rifle-ar-x15-ms-pro-cal-5-56x45-223-rem-12-5","status":"publish","type":"product","link":"https:\/\/nbg.eu\/mt\/product\/tinck-arms-semi-automatic-rifle-ar-x15-ms-pro-cal-5-56x45-223-rem-12-5\/","title":{"rendered":"Tinck Arms Semi-automatic Rifle AR X15-MS Pro Cal. 5.56&#215;45 (.223 Rem) &#8211; 12.5&#8243;"},"content":{"rendered":"<div class=\"product-description\">\n<h2>Tinck Arms ARX15-MS Pro Cal. 5.56&#215;45 (.223 Rem) &#8211; 12.5&#8243;<\/h2>\n<p>L-ARX15-MS Pro huwa arma tan-nar g\u0127al sparar ta&#8217; pre\u010bi\u017cjoni u dinamiku. Huwa adattat g\u0127al tiratur b&#8217;esperjenza, ka\u010b\u010batur jew tiratur rikreattiv.<\/p>\n<h2>Karatteristi\u010bi Ewlenin:<\/h2>\n<ul>\n<li>Kalibru: 5.56&#215;45 (.223 Rem)<\/li>\n<li>Operazzjoni semi-awtomatika b&#8217;sistema ta&#8217; bolt rotanti msakkra DI<\/li>\n<li>Disinn kompatt u a\u0121\u0121ustabbli (660mm &#8211; 970mm)<\/li>\n<li>\u0126afif b&#8217;pi\u017c ta&#8217; 2.8kg (inklu\u017c ma\u0121a\u017cin ta&#8217; 30 tir)<\/li>\n<li>Kanna ta&#8217; 12.5&#8243; b&#8217;rata ta&#8217; dawrien ta&#8217; 1:7&#8243; g\u0127al pre\u010bi\u017cjoni ottimali<\/li>\n<li>Immani\u0121\u0121jar ambidestru g\u0127al tiraturi xellugin u leminin<\/li>\n<li>Rails kompatibbli ma&#8217; M-LOK g\u0127al immuntar ta&#8217; a\u010b\u010bessorji<\/li>\n<li>Konnettur ta&#8217; suppressor integrat b&#8217;kamin ta&#8217; 1\/2&#8243; &#8211; 28<\/li>\n<li>Brake tal-kanna bi tliet kmamar g\u0127al inqas recoil u kontroll a\u0127jar<\/li>\n<\/ul>\n<h2>Versatilit\u00e0 u Personalizzazzjoni:<\/h2>\n<p>L-ARX15-MS Pro g\u0127andu tul a\u0121\u0121ustabbli u kontrolli ambidestri. Ir-rails kompatibbli ma&#8217; M-LOK jippermettu personalizzazzjoni b&#8217;varjet\u00e0 ta&#8217; a\u010b\u010bessorji.<\/p>\n<h2>Pre\u010bi\u017cjoni u Prestazzjoni:<\/h2>\n<p>Il-kanna ta&#8217; 12.5&#8243; b&#8217;rata ta&#8217; dawrien ta&#8217; 1:7&#8243; toffri pre\u010bi\u017cjoni g\u0127al sparar f&#8217;distanzi qosra u medji. Il-brake tal-kanna bi tliet kmamar inaqqas ir-recoil.<\/p>\n<h2>A\u010b\u010bessorji Inklu\u017ci:<\/h2>\n<ul>\n<li>Ma\u0121a\u017cin tal-polimer ta&#8217; 10 jew 30 tir<\/li>\n<li>Buttstock MFT kompatibbli ma&#8217; buffer tube AR-15<\/li>\n<li>Mira ta&#8217; emer\u0121enza flip-up<\/li>\n<li>Manwal tal-utent<\/li>\n<\/ul>\n<\/div>\n","protected":false},"excerpt":{"rendered":"<p>Xkubetta semi-awtomatika versatili ta&#8217; 5.56&#215;45. Kanna ta&#8217; 12.5&#8243;, linji M-LOK, ambidestru.<\/p>\n","protected":false},"featured_media":77584,"template":"","meta":{"_acf_changed":false},"product_brand":[11921],"product_cat":[15123,14089,14158,15124],"product_tag":[],"class_list":{"0":"post-78670","1":"product","2":"type-product","3":"status-publish","4":"has-post-thumbnail","6":"product_brand-tinck-arms","7":"product_cat-ar-15-rifles-mt","8":"product_cat-karabbini","9":"product_cat-rifle","10":"product_cat-semi-automatic-rifles-mt","12":"first","13":"instock","14":"taxable","15":"shipping-taxable","16":"purchasable","17":"product-type-simple"},"acf":[],"_links":{"self":[{"href":"https:\/\/nbg.eu\/mt\/wp-json\/wp\/v2\/product\/78670","targetHints":{"allow":["GET"]}}],"collection":[{"href":"https:\/\/nbg.eu\/mt\/wp-json\/wp\/v2\/product"}],"about":[{"href":"https:\/\/nbg.eu\/mt\/wp-json\/wp\/v2\/types\/product"}],"wp:featuredmedia":[{"embeddable":true,"href":"https:\/\/nbg.eu\/mt\/wp-json\/wp\/v2\/media\/77584"}],"wp:attachment":[{"href":"https:\/\/nbg.eu\/mt\/wp-json\/wp\/v2\/media?parent=78670"}],"wp:term":[{"taxonomy":"product_brand","embeddable":true,"href":"https:\/\/nbg.eu\/mt\/wp-json\/wp\/v2\/product_brand?post=78670"},{"taxonomy":"product_cat","embeddable":true,"href":"https:\/\/nbg.eu\/mt\/wp-json\/wp\/v2\/product_cat?post=78670"},{"taxonomy":"product_tag","embeddable":true,"href":"https:\/\/nbg.eu\/mt\/wp-json\/wp\/v2\/product_tag?post=78670"}],"curies":[{"name":"wp","href":"https:\/\/api.w.org\/{rel}","templated":true}]}}