{"id":83561,"date":"2024-11-27T08:27:04","date_gmt":"2024-12-17T12:03:01","guid":{"rendered":"https:\/\/nbg.eu\/product\/geissele-ak-trigger-enhanced-with-lightning-bow-akt-el\/"},"modified":"2026-01-21T11:45:40","modified_gmt":"2026-01-21T08:45:40","slug":"geissele-ak-trigger-enhanced-with-lightning-bow-akt-el","status":"publish","type":"product","link":"https:\/\/nbg.eu\/mt\/product\/geissele-ak-trigger-enhanced-with-lightning-bow-akt-el\/","title":{"rendered":"Geissele AK Trigger Enhanced with Lightning Bow (AKT-EL)"},"content":{"rendered":"<div class=\"product-description\">\n<h2>Geissele AK Trigger Imtejjeb b&#8217;Lightning Bow (AKT-EL)<\/h2>\n<p>Il-Geissele AK Trigger Imtejjeb b&#8217;Lightning Bow (AKT-EL) g\u0127all-AK47\/AK74. Dan it-trigger ta&#8217; stadju wie\u0127ed joffri:<\/p>\n<ul>\n<li>\u0120bid tat-trigger aktar qasir u aktar lixx<\/li>\n<li>Mag\u0127mul b&#8217;pre\u010bi\u017cjoni minn azzar tal-liga ta&#8217; kwalit\u00e0 g\u0127all-armi<\/li>\n<li>Finitura ta&#8217; Manganese Phosphate re\u017cistenti g\u0127all-korru\u017cjoni<\/li>\n<li>Disinn Lightning Bow\u00ae g\u0127al kontroll a\u0127jar tat-trigger<\/li>\n<li>Mag\u0127mul fl-Istati Uniti (North Wales, PA)<\/li>\n<li>Jikkontribwixxi g\u0127all-konformit\u00e0 922(r) bi tliet partijiet<\/li>\n<\/ul>\n<p><strong>Nota:<\/strong> Mhux kompatibbli ma&#8217; varjanti ta&#8217; 12 Gauge u 308 \/ 7.62x54r. Installazzjoni professjonali rakkomandata.<\/p>\n<\/div>\n","protected":false},"excerpt":{"rendered":"<p>Grillatur AK imsa\u0127\u0127a\u0127 b&#8217;Lightning Bow g\u0127al attwazzjoni aktar lixxa u qasira.<\/p>\n","protected":false},"featured_media":82126,"template":"","meta":{"_acf_changed":false},"product_brand":[11394],"product_cat":[14170,14096,14119],"product_tag":[],"class_list":{"0":"post-83561","1":"product","2":"type-product","3":"status-publish","4":"has-post-thumbnail","6":"product_brand-geissele","7":"product_cat-triggers","8":"product_cat-tuning-ak","9":"product_cat-tuning-tar-rifle","11":"first","12":"instock","13":"taxable","14":"shipping-taxable","15":"product-type-simple"},"acf":[],"_links":{"self":[{"href":"https:\/\/nbg.eu\/mt\/wp-json\/wp\/v2\/product\/83561","targetHints":{"allow":["GET"]}}],"collection":[{"href":"https:\/\/nbg.eu\/mt\/wp-json\/wp\/v2\/product"}],"about":[{"href":"https:\/\/nbg.eu\/mt\/wp-json\/wp\/v2\/types\/product"}],"wp:featuredmedia":[{"embeddable":true,"href":"https:\/\/nbg.eu\/mt\/wp-json\/wp\/v2\/media\/82126"}],"wp:attachment":[{"href":"https:\/\/nbg.eu\/mt\/wp-json\/wp\/v2\/media?parent=83561"}],"wp:term":[{"taxonomy":"product_brand","embeddable":true,"href":"https:\/\/nbg.eu\/mt\/wp-json\/wp\/v2\/product_brand?post=83561"},{"taxonomy":"product_cat","embeddable":true,"href":"https:\/\/nbg.eu\/mt\/wp-json\/wp\/v2\/product_cat?post=83561"},{"taxonomy":"product_tag","embeddable":true,"href":"https:\/\/nbg.eu\/mt\/wp-json\/wp\/v2\/product_tag?post=83561"}],"curies":[{"name":"wp","href":"https:\/\/api.w.org\/{rel}","templated":true}]}}