{"id":83605,"date":"2024-11-27T16:26:53","date_gmt":"2024-12-17T12:20:37","guid":{"rendered":"https:\/\/nbg.eu\/product\/super-precision-t1-mount-absolute-co-witness-black\/"},"modified":"2026-01-21T11:46:49","modified_gmt":"2026-01-21T08:46:49","slug":"super-precision-t1-mount-absolute-co-witness-black","status":"publish","type":"product","link":"https:\/\/nbg.eu\/mt\/product\/super-precision-t1-mount-absolute-co-witness-black\/","title":{"rendered":"Super Precision T1 Mount &#8211; Absolute Co-Witness &#8211; Black"},"content":{"rendered":"<h2>Immuntar ta&#8217; Pre\u010bi\u017cjoni T1 &#8211; Ko-Xhud Assolut &#8211; Iswed<\/h2>\n<p>L-Immuntar ta&#8217; Pre\u010bi\u017cjoni T1 huwa mag\u0127mul g\u0127all-Aimpoint T1 u optika simili ta&#8217; dot a\u0127mar. Ma\u0127dum minn bi\u010b\u010ba wa\u0127da ta&#8217; aluminju 7075-T6 b&#8217;sa\u0127\u0127tu.<\/p>\n<ul>\n<li>G\u0127a\u017cla ta&#8217; g\u0127oli ta&#8217; ko-xhud assolut<\/li>\n<li>Finitura anodizzata iebsa tip 3 sewda<\/li>\n<li>Ji\u017cen biss 2 oz<\/li>\n<li>Ju\u017ca l-metodu a\u0121\u0121ornat ta&#8217; skorfina u bolt ta&#8217; Geissele<\/li>\n<li>1,400 libbra ta&#8217; forza ta&#8217; qbid<\/li>\n<li>3 lugs ta&#8217; qsim g\u0127al ri\u0121idit\u00e0 massima u ritorn g\u0127a\u017c-\u017cero<\/li>\n<\/ul>\n<p>L-Immuntar ta&#8217; Pre\u010bi\u017cjoni T1 ji\u017cgura li l-optika tieg\u0127ek tibqa&#8217; f&#8217;postha b&#8217;mod sikur.<\/p>\n","protected":false},"excerpt":{"rendered":"<p>Mount T1 immanifatturat bi pre\u010bi\u017cjoni g\u0127al ko-witness assolut. Aluminium durabbli, tqeg\u0127id ri\u0121idu.<\/p>\n","protected":false},"featured_media":82497,"template":"","meta":{"_acf_changed":false},"product_brand":[11394],"product_cat":[14140,14108,14104,14898],"product_tag":[],"class_list":{"0":"post-83605","1":"product","2":"type-product","3":"status-publish","4":"has-post-thumbnail","6":"product_brand-geissele","7":"product_cat-dots-gall-pistola","8":"product_cat-partijiet-kmr","9":"product_cat-partijiet-tal-pistola","10":"product_cat-red-dot-sights-mounts-mt","12":"first","13":"instock","14":"taxable","15":"shipping-taxable","16":"product-type-simple"},"acf":[],"_links":{"self":[{"href":"https:\/\/nbg.eu\/mt\/wp-json\/wp\/v2\/product\/83605","targetHints":{"allow":["GET"]}}],"collection":[{"href":"https:\/\/nbg.eu\/mt\/wp-json\/wp\/v2\/product"}],"about":[{"href":"https:\/\/nbg.eu\/mt\/wp-json\/wp\/v2\/types\/product"}],"wp:featuredmedia":[{"embeddable":true,"href":"https:\/\/nbg.eu\/mt\/wp-json\/wp\/v2\/media\/82497"}],"wp:attachment":[{"href":"https:\/\/nbg.eu\/mt\/wp-json\/wp\/v2\/media?parent=83605"}],"wp:term":[{"taxonomy":"product_brand","embeddable":true,"href":"https:\/\/nbg.eu\/mt\/wp-json\/wp\/v2\/product_brand?post=83605"},{"taxonomy":"product_cat","embeddable":true,"href":"https:\/\/nbg.eu\/mt\/wp-json\/wp\/v2\/product_cat?post=83605"},{"taxonomy":"product_tag","embeddable":true,"href":"https:\/\/nbg.eu\/mt\/wp-json\/wp\/v2\/product_tag?post=83605"}],"curies":[{"name":"wp","href":"https:\/\/api.w.org\/{rel}","templated":true}]}}