{"id":83627,"date":"2024-11-27T08:29:48","date_gmt":"2024-11-27T08:29:48","guid":{"rendered":"https:\/\/nbg.eu\/product\/geissele-ak-trigger-ultimate-with-lightning-bow-akt-ul\/"},"modified":"2026-04-21T17:33:22","modified_gmt":"2026-04-21T14:33:22","slug":"geissele-ak-trigger-ultimate-with-lightning-bow-akt-ul","status":"publish","type":"product","link":"https:\/\/nbg.eu\/mt\/product\/geissele-ak-trigger-ultimate-with-lightning-bow-akt-ul\/","title":{"rendered":"Geissele Trigger AK Ultimate with Lightning Bow (AKT-UL)"},"content":{"rendered":"<div class=\"product-description\">\n<h2>Geissele AK Trigger Ultimate b&#8217;Lightning Bow (AKT-UL)<\/h2>\n<p>L-ALG AK Trigger Ultimate bil-Lightning Bow (AKT-UL) g\u0127all-AK47 jew AK74. Dan it-trigger ta&#8217; stadju wie\u0127ed joffri:<\/p>\n<ul>\n<li>\u0120bid iqsar u reset aktar \u010bar<\/li>\n<li>Mag\u0127mul minn azzar tal-liga<\/li>\n<li>Disinn Lightning Bow<\/li>\n<li>Mag\u0127mul fl-Istati Uniti, jikkontribwixxi g\u0127all-konformit\u00e0 922(r)<\/li>\n<\/ul>\n<p>G\u0127all-isparar ta&#8217; pre\u010bi\u017cjoni u fuq miri. Nota: Installazzjoni professjonali rakkomandata min\u0127abba \u0127ti\u0121ijiet possibbli ta&#8217; ttestjar. Mhux kompatibbli ma&#8217; varjanti ta&#8217; 12 Gauge u 308 \/ 7.62x54r.<\/p>\n<\/div>\n","protected":false},"excerpt":{"rendered":"<p>Grillu AK ta&#8217; pre\u010bi\u017cjoni b&#8217;Lightning Bow g\u0127al kontroll u sensazzjoni mtejba.<\/p>\n","protected":false},"featured_media":82196,"template":"","meta":{"_acf_changed":false},"product_brand":[11394],"product_cat":[14158,14170,14096,14119],"product_tag":[],"class_list":{"0":"post-83627","1":"product","2":"type-product","3":"status-publish","4":"has-post-thumbnail","6":"product_brand-geissele","7":"product_cat-rifle","8":"product_cat-triggers","9":"product_cat-tuning-ak","10":"product_cat-tuning-tar-rifle","12":"first","13":"instock","14":"taxable","15":"shipping-taxable","16":"product-type-simple"},"acf":[],"_links":{"self":[{"href":"https:\/\/nbg.eu\/mt\/wp-json\/wp\/v2\/product\/83627","targetHints":{"allow":["GET"]}}],"collection":[{"href":"https:\/\/nbg.eu\/mt\/wp-json\/wp\/v2\/product"}],"about":[{"href":"https:\/\/nbg.eu\/mt\/wp-json\/wp\/v2\/types\/product"}],"wp:featuredmedia":[{"embeddable":true,"href":"https:\/\/nbg.eu\/mt\/wp-json\/wp\/v2\/media\/82196"}],"wp:attachment":[{"href":"https:\/\/nbg.eu\/mt\/wp-json\/wp\/v2\/media?parent=83627"}],"wp:term":[{"taxonomy":"product_brand","embeddable":true,"href":"https:\/\/nbg.eu\/mt\/wp-json\/wp\/v2\/product_brand?post=83627"},{"taxonomy":"product_cat","embeddable":true,"href":"https:\/\/nbg.eu\/mt\/wp-json\/wp\/v2\/product_cat?post=83627"},{"taxonomy":"product_tag","embeddable":true,"href":"https:\/\/nbg.eu\/mt\/wp-json\/wp\/v2\/product_tag?post=83627"}],"curies":[{"name":"wp","href":"https:\/\/api.w.org\/{rel}","templated":true}]}}