{"id":84549,"date":"2024-11-17T07:25:58","date_gmt":"2024-11-17T07:25:58","guid":{"rendered":"https:\/\/nbg.eu\/product\/tangent-theta-tt315m-3-15x50mm-marksman\/"},"modified":"2026-01-21T12:34:16","modified_gmt":"2026-01-21T09:34:16","slug":"tangent-theta-tt315m-3-15x50mm-marksman","status":"publish","type":"product","link":"https:\/\/nbg.eu\/mt\/product\/tangent-theta-tt315m-3-15x50mm-marksman\/","title":{"rendered":"Tangent Theta TT315M (3-15x50mm Marksman)"},"content":{"rendered":"<div class=\"product-description\">\n<p>Tangent Theta twaqqfet fl-2013 f&#8217;Nova Scotia, il-Kanada bl-g\u0127an li tipprodu\u010bi l-aqwa skops tar-rifle fid-dinja. L-iskops tar-rifle huma mmuntati bl-idejn, ittestjati u spezzjonati individwalment minn tim ta&#8217; disinjaturi otti\u010bi, in\u0121iniera mekkani\u010bi u markmani tal-medda twila ta&#8217; klassi internazzjonali.<\/p>\n<h2>Tangent Theta TT315M 3-15x50mm Teleskopju tar-Rifle tal-Marksman<\/h2>\n<p>It-Tangent Theta TT315M huwa strument ta&#8217; mira ta&#8217; pre\u010bi\u017cjoni g\u0127all-medda intermedja mfassal g\u0127all-pulizija u l-markmani tas-sigurt\u00e0. Dan it-teleskopju tar-rifle professjonali b&#8217;pi\u017c imnaqqas jikkombina teknolo\u0121ija avvanzata ma&#8217; prestazzjoni ottika.<\/p>\n<h2>Karatteristi\u010bi Ewlenin:<\/h2>\n<ul>\n<li>Lenti objettiva ta&#8217; 50mm g\u0127all-\u0121bir tad-dawl<\/li>\n<li>Tubu prin\u010bipali ta&#8217; 30mm g\u0127ad-durabilit\u00e0<\/li>\n<li>Indikatur tad-direzzjoni tal-windage mekkaniku<\/li>\n<li>11-il setting ta&#8217; illuminazzjoni tar-reticle g\u0127al kundizzjonijiet differenti ta&#8217; dawl<\/li>\n<li>A\u0121\u0121ustament tal-parallax mil-\u0121enb g\u0127al iffukar pre\u010bi\u017c<\/li>\n<li>Knobs mhux traslati b&#8217;\u017cero-stop tal-elevazzjoni<\/li>\n<li>Elevazzjoni b&#8217;dawra doppja b&#8217;indikatur tar-revoluzzjoni u tad-direzzjoni tal-windage<\/li>\n<li>Firxa ta&#8217; tkabbir versatili ta&#8217; 3-15x<\/li>\n<li>Diopter li ja\u0121\u0121usta malajr u jista&#8217; ji\u0121i msakkar<\/li>\n<\/ul>\n<h2>E\u010b\u010bellenza Ottika:<\/h2>\n<p>It-TT315M g\u0127andu mog\u0127dija ottika ottimizzata, li tag\u0127ti kwalit\u00e0 tal-imma\u0121ni. Dan jippermetti lill-markmani jiddistingwu dettalji \u017cg\u0127ar tal-mira u j\u017commu l-mira g\u0127al perjodi twal ming\u0127ajr g\u0127eja fl-g\u0127ajnejn.<\/p>\n<h2>A\u0121\u0121ustamenti Pre\u010bi\u017ci:<\/h2>\n<p>B&#8217;mekkani\u017cmi ta&#8217; a\u0121\u0121ustament pre\u010bi\u017ci b&#8217;\u017cero stops, indikaturi mekkani\u010bi tar-revoluzzjoni u tad-direzzjoni tal-windage, it-TT315M jelimina l-i\u017cbalji ta&#8217; a\u0121\u0121ustament, u ji\u017cgura l-pre\u010bi\u017cjoni f&#8217;sitwazzjonijiet kriti\u010bi.<\/p>\n<h2>G\u0127a\u017cliet tar-Reticle:<\/h2>\n<ul>\n<li>Gen 2XR<\/li>\n<li>MoA<\/li>\n<li>Gen 2 Mil-Dot<\/li>\n<li>Gen 3XR<\/li>\n<\/ul>\n<h2>Spe\u010bifikazzjonijiet Tekni\u010bi:<\/h2>\n<ul>\n<li>Tul: 351mm<\/li>\n<li>Pi\u017c: 786g<\/li>\n<li>Kamp Vi\u017civ @ 3x: 7.3 gradi (12.8m @ 100m)<\/li>\n<li>Kamp Vi\u017civ @ 15x: 1.6 gradi (2.8m @ 100m)<\/li>\n<li>Ser\u0127an g\u0127all-g\u0127ajn: 90mm<\/li>\n<li>Firxa Totali ta&#8217; A\u0121\u0121ustament tal-Elevazzjoni: 18 mrad (60 MoA)<\/li>\n<li>Firxa Totali ta&#8217; A\u0121\u0121ustament tal-Windage: +\/- 12 mrad (+\/-40 MoA)<\/li>\n<li>Ri\u017coluzzjoni tal-a\u0121\u0121ustament: 0.1 mrad jew 1\/4 MoA<\/li>\n<li>Firxa ta&#8217; a\u0121\u0121ustament tal-parallax: 50m sa infinit\u00e0<\/li>\n<\/ul>\n<h2>Durabilit\u00e0:<\/h2>\n<p>It-TT315M huwa mibni biex jifla\u0127 kundizzjonijiet \u0127orox, impermeabbli g\u0127al 4 sig\u0127at f&#8217;10 metri u re\u017cistenti g\u0127ax-xokkijiet sa 700g f&#8217;10,000 \u010biklu. L-estern g\u0127andu finitura opaka Anodizzata Tip II g\u0127al protezzjoni addizzjonali.<\/p>\n<h2>A\u010b\u010bessorji Inklu\u017ci:<\/h2>\n<p>G\u0127atjien tal-lenti Tenebraex u ARD (Apparat Kontra r-Riflessjoni) huma inklu\u017ci b\u0127ala a\u010b\u010bessorji standard.<\/p>\n<\/div>\n","protected":false},"excerpt":{"rendered":"<p>Skop ta&#8217; pre\u010bi\u017cjoni 3-15x50mm g\u0127all-ka\u010b\u010baturi esperti. Imma\u0121ni ottima, zero-stop, illuminat.<\/p>\n","protected":false},"featured_media":167619,"template":"","meta":{"_acf_changed":false},"product_brand":[11897],"product_cat":[14109,14122],"product_tag":[],"class_list":{"0":"post-84549","1":"product","2":"type-product","3":"status-publish","4":"has-post-thumbnail","6":"product_brand-tangent-theta","7":"product_cat-immira","8":"product_cat-ottici-magnifikati","10":"first","11":"instock","12":"taxable","13":"shipping-taxable","14":"purchasable","15":"product-type-variable","16":"wvs-archive-product-wrapper"},"acf":[],"_links":{"self":[{"href":"https:\/\/nbg.eu\/mt\/wp-json\/wp\/v2\/product\/84549","targetHints":{"allow":["GET"]}}],"collection":[{"href":"https:\/\/nbg.eu\/mt\/wp-json\/wp\/v2\/product"}],"about":[{"href":"https:\/\/nbg.eu\/mt\/wp-json\/wp\/v2\/types\/product"}],"wp:featuredmedia":[{"embeddable":true,"href":"https:\/\/nbg.eu\/mt\/wp-json\/wp\/v2\/media\/167619"}],"wp:attachment":[{"href":"https:\/\/nbg.eu\/mt\/wp-json\/wp\/v2\/media?parent=84549"}],"wp:term":[{"taxonomy":"product_brand","embeddable":true,"href":"https:\/\/nbg.eu\/mt\/wp-json\/wp\/v2\/product_brand?post=84549"},{"taxonomy":"product_cat","embeddable":true,"href":"https:\/\/nbg.eu\/mt\/wp-json\/wp\/v2\/product_cat?post=84549"},{"taxonomy":"product_tag","embeddable":true,"href":"https:\/\/nbg.eu\/mt\/wp-json\/wp\/v2\/product_tag?post=84549"}],"curies":[{"name":"wp","href":"https:\/\/api.w.org\/{rel}","templated":true}]}}