{"id":732176,"date":"2026-03-13T17:32:28","date_gmt":"2026-03-13T14:32:28","guid":{"rendered":"https:\/\/nbg.eu\/product\/microtech-socom-elite-s-e-auto-stonewash-standard-2\/"},"modified":"2026-03-16T12:28:45","modified_gmt":"2026-03-16T09:28:45","slug":"microtech-socom-elite-s-e-auto-stonewash-standard-2","status":"publish","type":"product","link":"https:\/\/nbg.eu\/nl\/product\/microtech-socom-elite-s-e-auto-stonewash-standard-2\/","title":{"rendered":"Microtech Socom Elite S\/E Auto Stonewash Standaard"},"content":{"rendered":"<h2>Overzicht<\/h2>\n<p>De Microtech Socom Elite is sinds de introductie in 1996 een van de meest populaire tactische vouwmessen gebleven en deze automatische variant zet die erfenis voort. De ergonomische handgreep van de Socom Elite is voorzien van een M390-lemmet met stonewash-afwerking en standaard gladde rand en vormt zich op natuurlijke wijze naar de hand, terwijl een ge\u00efntegreerde glasbreker en grote duimsteun praktisch nut en eenvoudige bediening met \u00e9\u00e9n hand bieden, zelfs met handschoenen.<\/p>\n<h3>Bewezen tactisch ontwerp<\/h3>\n<p>Sinds 1996 is de Socom Elite verfijnd dankzij tientallen jaren praktijkgerichte feedback van militaire, rechtshandhavings- en civiele gebruikers. De geometrie van het handvat zorgt voor een natuurlijke, veilige grip die vermoeidheid bij langdurig gebruik vermindert.<\/p>\n<h3>Ge\u00efntegreerde glasbreker<\/h3>\n<p>Een geharde glasbreker ingebouwd in de basis van de handgreep zorgt voor noodontsnappingsmogelijkheden, waardoor de Socom Elite een veelzijdig hulpmiddel is dat verder gaat dan snijwerkzaamheden.<\/p>\n<h3>Handschoenvriendelijke bediening<\/h3>\n<p>De extra grote duimsteun en getextureerde gripinleg op de aluminium handvatschalen zorgen voor positieve controle en eenvoudige inzet, zelfs met tactische handschoenen of in natte omstandigheden.<\/p>\n<h3>Premiumcomponenten<\/h3>\n<ul>\n<li>Bohler M390-mes<\/li>\n<li>6061-T6 aluminium handgreep met gripinleg<\/li>\n<li>Ge\u00efntegreerde glasbreker<\/li>\n<li>Grote duimsteun voor bediening met handschoenen<\/li>\n<li>Zakclip<\/li>\n<\/ul>\n<h3>Specificaties<\/h3>\n<table class=\"shop_attributes\">\n<tr>\n<td><strong>Typ<\/strong><\/td>\n<td>Automatische map<\/td>\n<\/tr>\n<tr>\n<td><strong>Meslengte<\/strong><\/td>\n<td>4,05&#8243;<\/td>\n<\/tr>\n<tr>\n<td><strong>Totale lengte<\/strong><\/td>\n<td>9,17&#8243;<\/td>\n<\/tr>\n<tr>\n<td><strong>Lemmetstaal<\/strong><\/td>\n<td>Bohler M390<\/td>\n<\/tr>\n<tr>\n<td><strong>Behandel materiaal<\/strong><\/td>\n<td>6061-T6 aluminium (zwart)<\/td>\n<\/tr>\n<tr>\n<td><strong>Gewicht<\/strong><\/td>\n<td>5,40 oz<\/td>\n<\/tr>\n<tr>\n<td><strong>Messtijl<\/strong><\/td>\n<td>Clippunt (Z\/E)<\/td>\n<\/tr>\n<tr>\n<td><strong>Mesafwerking<\/strong><\/td>\n<td>Stonewash<\/td>\n<\/tr>\n<tr>\n<td><strong>Randtype<\/strong><\/td>\n<td>Gewoon<\/td>\n<\/tr>\n<tr>\n<td><strong>Vergrendelen<\/strong><\/td>\n<td>Knopvergrendeling<\/td>\n<\/tr>\n<tr>\n<td><strong>Glasbreker<\/strong><\/td>\n<td>Ge\u00efntegreerd<\/td>\n<\/tr>\n<tr>\n<td><strong>Land van herkomst<\/strong><\/td>\n<td>VS<\/td>\n<\/tr>\n","protected":false},"excerpt":{"rendered":"<p>Socom Elite automatische vouwer met stonewash-afwerking M390 enkelzijdig clippoint-lemmet. Iconisch tactisch ontwerp sinds 1996 met ge\u00efntegreerde glasbreker. 4,05\u2033 mes, 9,17\u2033 totaal, 5,4 oz.<\/p>\n","protected":false},"featured_media":731136,"template":"","meta":{"_acf_changed":false},"product_brand":[15524],"product_cat":[15370,15348],"product_tag":[],"class_list":{"0":"post-732176","1":"product","2":"type-product","3":"status-publish","4":"has-post-thumbnail","6":"product_brand-microtech","7":"product_cat-folding-knives-nl","8":"product_cat-knives-nl","10":"first","11":"outofstock","12":"taxable","13":"shipping-taxable","14":"purchasable","15":"product-type-simple"},"acf":[],"_links":{"self":[{"href":"https:\/\/nbg.eu\/nl\/wp-json\/wp\/v2\/product\/732176","targetHints":{"allow":["GET"]}}],"collection":[{"href":"https:\/\/nbg.eu\/nl\/wp-json\/wp\/v2\/product"}],"about":[{"href":"https:\/\/nbg.eu\/nl\/wp-json\/wp\/v2\/types\/product"}],"wp:featuredmedia":[{"embeddable":true,"href":"https:\/\/nbg.eu\/nl\/wp-json\/wp\/v2\/media\/731136"}],"wp:attachment":[{"href":"https:\/\/nbg.eu\/nl\/wp-json\/wp\/v2\/media?parent=732176"}],"wp:term":[{"taxonomy":"product_brand","embeddable":true,"href":"https:\/\/nbg.eu\/nl\/wp-json\/wp\/v2\/product_brand?post=732176"},{"taxonomy":"product_cat","embeddable":true,"href":"https:\/\/nbg.eu\/nl\/wp-json\/wp\/v2\/product_cat?post=732176"},{"taxonomy":"product_tag","embeddable":true,"href":"https:\/\/nbg.eu\/nl\/wp-json\/wp\/v2\/product_tag?post=732176"}],"curies":[{"name":"wp","href":"https:\/\/api.w.org\/{rel}","templated":true}]}}