{"id":134529,"date":"2024-11-26T13:10:26","date_gmt":"2024-11-26T10:10:26","guid":{"rendered":"https:\/\/nbg.eu\/product\/geissele-ak-braided-spring\/"},"modified":"2026-04-22T11:25:36","modified_gmt":"2026-04-22T08:25:36","slug":"geissele-ak-flettet-fjaer","status":"publish","type":"product","link":"https:\/\/nbg.eu\/no\/produkt\/geissele-ak-flettet-fjaer\/","title":{"rendered":"Geissele Flettet Slagfj\u00e6r AK"},"content":{"rendered":"<h2>AK Braided Spring<\/h2>\n<p>ALG AK Braided Main Spring er en erstatningsfj\u00e6r for AK47\/74-plattformrifler. Dette erstatningsalternativet er produsert i USA av tre tr\u00e5der som er vevd sammen. Den flettede utformingen gir \u00f8kt holdbarhet og p\u00e5litelighet sammenlignet med tradisjonelle AK-hovedfj\u00e6rer, noe som sikrer jevn og konsistent drift av riflen din.<\/p>\n<p>Laget av h\u00f8ykvalitetsmaterialer er AK Braided Spring bygget for \u00e5 t\u00e5le belastningene av tung bruk og t\u00f8ffe forhold. Den robuste konstruksjonen bidrar til \u00e5 redusere risikoen for fj\u00e6rsvikt, noe som kan f\u00f8re til mistenning eller andre feil. Ved \u00e5 oppgradere hovedfj\u00e6ren i AK-en din med denne p\u00e5litelige komponenten, kan du nyte forbedret ytelse og v\u00e6re trygg p\u00e5 at riflen din fungerer p\u00e5 sitt beste.<\/p>\n<p>Enten du er konkurranseskytter eller taktisk operat\u00f8r, er AK Braided Spring et vesentlig oppgraderingsalternativ \u00e5 vurdere for AK47\/74-plattformen.Dens overlegne design og produksjonsstandarder gj\u00f8r den til et p\u00e5litelig valg blant kresne v\u00e5peneiere som forlanger det h\u00f8yeste niv\u00e5et av p\u00e5litelighet og ytelse fra utstyret sitt.<\/p>\n","protected":false},"excerpt":{"rendered":"<p>AK Braided Spring er en amerikansk produsert erstatningsfj\u00e6r med 3-tr\u00e5dig fletting for AK47\/74-rifler.<\/p>\n","protected":false},"featured_media":81105,"template":"","meta":{"_acf_changed":false},"product_brand":[11384],"product_cat":[13279],"product_tag":[],"class_list":{"0":"post-134529","1":"product","2":"type-product","3":"status-publish","4":"has-post-thumbnail","6":"product_brand-geissele","7":"product_cat-fjaerer","9":"first","10":"instock","11":"taxable","12":"shipping-taxable","13":"product-type-simple"},"acf":[],"_links":{"self":[{"href":"https:\/\/nbg.eu\/no\/wp-json\/wp\/v2\/product\/134529","targetHints":{"allow":["GET"]}}],"collection":[{"href":"https:\/\/nbg.eu\/no\/wp-json\/wp\/v2\/product"}],"about":[{"href":"https:\/\/nbg.eu\/no\/wp-json\/wp\/v2\/types\/product"}],"wp:featuredmedia":[{"embeddable":true,"href":"https:\/\/nbg.eu\/no\/wp-json\/wp\/v2\/media\/81105"}],"wp:attachment":[{"href":"https:\/\/nbg.eu\/no\/wp-json\/wp\/v2\/media?parent=134529"}],"wp:term":[{"taxonomy":"product_brand","embeddable":true,"href":"https:\/\/nbg.eu\/no\/wp-json\/wp\/v2\/product_brand?post=134529"},{"taxonomy":"product_cat","embeddable":true,"href":"https:\/\/nbg.eu\/no\/wp-json\/wp\/v2\/product_cat?post=134529"},{"taxonomy":"product_tag","embeddable":true,"href":"https:\/\/nbg.eu\/no\/wp-json\/wp\/v2\/product_tag?post=134529"}],"curies":[{"name":"wp","href":"https:\/\/api.w.org\/{rel}","templated":true}]}}