{"id":176880,"date":"2024-11-01T10:30:55","date_gmt":"2024-11-01T07:30:55","guid":{"rendered":"https:\/\/nbg.eu\/product\/ipsc-mini-cardboard-targets\/"},"modified":"2026-01-21T12:16:48","modified_gmt":"2026-01-21T09:16:48","slug":"ipsc-mini-cardboard-targets","status":"publish","type":"product","link":"https:\/\/nbg.eu\/no\/produkt\/ipsc-mini-cardboard-targets\/","title":{"rendered":"IPSC Mini Cardboard Targets"},"content":{"rendered":"<div class=\"product-description\">\n<h2>IPSC Mini Pappskiver &#8211; Pakke med 100<\/h2>\n<p>Miniatyr 2\/3 (60% st\u00f8rrelse) IPSC pappskiver for skytetrening. Hver pakke inneholder 100 stykker.<\/p>\n<ul>\n<li>Markerte poenglinjer for n\u00f8yaktig poengberegning<\/li>\n<li>Fast vaffelstruktur for \u00f8kt holdbarhet<\/li>\n<li>Hvit bakside for bruk som hard dekning eller No-Shoot m\u00e5l<\/li>\n<li>Egnet for \u00e5 simulere lengre avstander p\u00e5 begrenset skytebaneomr\u00e5de<\/li>\n<li>Passende for Airsoft-trening p\u00e5 kortere avstander<\/li>\n<\/ul>\n<p>Disse m\u00e5lene t\u00e5ler flere treff f\u00f8r de m\u00e5 byttes ut. Den mindre st\u00f8rrelsen lar deg \u00f8ve p\u00e5 langdistanseskudd selv p\u00e5 kompakte skytebaner.<\/p>\n<p>IPSC Mini Pappskiver for skytetrening.<\/p>\n<\/div>\n","protected":false},"excerpt":{"rendered":"<p>IPSC Mini Pappskiver: Slitesterke, allsidige, 60% st\u00f8rrelse for realistisk trening.<\/p>\n","protected":false},"featured_media":75290,"template":"","meta":{"_acf_changed":false},"product_brand":[11273],"product_cat":[13267,13246,13319],"product_tag":[],"class_list":{"0":"post-176880","1":"product","2":"type-product","3":"status-publish","4":"has-post-thumbnail","6":"product_brand-doublealpha","7":"product_cat-mal","8":"product_cat-papirmal","9":"product_cat-utstyr","11":"first","12":"outofstock","13":"taxable","14":"shipping-taxable","15":"purchasable","16":"product-type-simple"},"acf":[],"_links":{"self":[{"href":"https:\/\/nbg.eu\/no\/wp-json\/wp\/v2\/product\/176880","targetHints":{"allow":["GET"]}}],"collection":[{"href":"https:\/\/nbg.eu\/no\/wp-json\/wp\/v2\/product"}],"about":[{"href":"https:\/\/nbg.eu\/no\/wp-json\/wp\/v2\/types\/product"}],"wp:featuredmedia":[{"embeddable":true,"href":"https:\/\/nbg.eu\/no\/wp-json\/wp\/v2\/media\/75290"}],"wp:attachment":[{"href":"https:\/\/nbg.eu\/no\/wp-json\/wp\/v2\/media?parent=176880"}],"wp:term":[{"taxonomy":"product_brand","embeddable":true,"href":"https:\/\/nbg.eu\/no\/wp-json\/wp\/v2\/product_brand?post=176880"},{"taxonomy":"product_cat","embeddable":true,"href":"https:\/\/nbg.eu\/no\/wp-json\/wp\/v2\/product_cat?post=176880"},{"taxonomy":"product_tag","embeddable":true,"href":"https:\/\/nbg.eu\/no\/wp-json\/wp\/v2\/product_tag?post=176880"}],"curies":[{"name":"wp","href":"https:\/\/api.w.org\/{rel}","templated":true}]}}