{"id":274539,"date":"2025-03-03T19:48:45","date_gmt":"2025-03-03T19:48:45","guid":{"rendered":"https:\/\/nbg.eu\/product\/daa-dry-fire-target-set-classic-ipsc\/"},"modified":"2026-05-13T16:03:50","modified_gmt":"2026-05-13T13:03:50","slug":"daa-torrtrening-malsett-classic-ipsc","status":"publish","type":"product","link":"https:\/\/nbg.eu\/no\/produkt\/daa-torrtrening-malsett-classic-ipsc\/","title":{"rendered":"DAA T\u00f8rrtrening M\u00e5lsett (Classic-IPSC)"},"content":{"rendered":"<h2>DAA T\u00f8rr-skyte m\u00e5lsett (Klassisk-IPSC)<\/h2>\n<p>T\u00f8rr-skyte m\u00e5lsett med 20 nedskalerte IPSC Klassiske m\u00e5l. Egnet for innend\u00f8rs trening, disse trepanelene simulerer realistiske avstander og siktbilder.<\/p>\n<ul>\n<li>3mm tykke treplater<\/li>\n<li>St\u00f8rrelser: 32% (18,5cm), 20% (11,5cm), og 12% (6,8cm) av fullst\u00f8rrelse m\u00e5l<\/li>\n<li>Inkluderer 3 sm\u00e5 popper-m\u00e5l og delvise m\u00e5l<\/li>\n<li>Opphengshull for enkel oppsetting<\/li>\n<\/ul>\n<p>Tren skyteteknikk uten ammunisjonskostnader eller banetid. Bruk eget utstyr og utvikle ferdigheter. Plasser m\u00e5l 2,5-3 meter unna for \u00e5 simulere avstander p\u00e5 15, 20 og 30 meter. \u00d8v siktebilde og avtrekkskontroll hjemme.<\/p>\n<p>DAA T\u00f8rr-skyte m\u00e5lsett for t\u00f8rr-skytetrening.<\/p>\n","protected":false},"excerpt":{"rendered":"<p>Realistiske, skalerte IPSC-m\u00e5l for effektiv t\u00f8rrtrening hjemme.<\/p>\n","protected":false},"featured_media":235931,"template":"","meta":{"_acf_changed":false},"product_brand":[11273],"product_cat":[13267,13246],"product_tag":[],"class_list":{"0":"post-274539","1":"product","2":"type-product","3":"status-publish","4":"has-post-thumbnail","6":"product_brand-doublealpha","7":"product_cat-mal","8":"product_cat-papirmal","10":"first","11":"outofstock","12":"taxable","13":"shipping-taxable","14":"purchasable","15":"product-type-simple"},"acf":[],"_links":{"self":[{"href":"https:\/\/nbg.eu\/no\/wp-json\/wp\/v2\/product\/274539","targetHints":{"allow":["GET"]}}],"collection":[{"href":"https:\/\/nbg.eu\/no\/wp-json\/wp\/v2\/product"}],"about":[{"href":"https:\/\/nbg.eu\/no\/wp-json\/wp\/v2\/types\/product"}],"wp:featuredmedia":[{"embeddable":true,"href":"https:\/\/nbg.eu\/no\/wp-json\/wp\/v2\/media\/235931"}],"wp:attachment":[{"href":"https:\/\/nbg.eu\/no\/wp-json\/wp\/v2\/media?parent=274539"}],"wp:term":[{"taxonomy":"product_brand","embeddable":true,"href":"https:\/\/nbg.eu\/no\/wp-json\/wp\/v2\/product_brand?post=274539"},{"taxonomy":"product_cat","embeddable":true,"href":"https:\/\/nbg.eu\/no\/wp-json\/wp\/v2\/product_cat?post=274539"},{"taxonomy":"product_tag","embeddable":true,"href":"https:\/\/nbg.eu\/no\/wp-json\/wp\/v2\/product_tag?post=274539"}],"curies":[{"name":"wp","href":"https:\/\/api.w.org\/{rel}","templated":true}]}}