{"id":275149,"date":"2025-03-03T12:58:09","date_gmt":"2025-03-03T12:58:09","guid":{"rendered":"https:\/\/nbg.eu\/product\/bore-tech-extreme-grease-hd-10ml\/"},"modified":"2026-01-21T11:38:40","modified_gmt":"2026-01-21T08:38:40","slug":"bore-tech-extreme-fett-hd-10ml","status":"publish","type":"product","link":"https:\/\/nbg.eu\/no\/produkt\/bore-tech-extreme-fett-hd-10ml\/","title":{"rendered":"Bore Tech EXTREME FETT HD 10ml"},"content":{"rendered":"<h2>Bore Tech EXTREME GREASE HD 10ml<\/h2>\n<p>Bore Tech&#8217;s EXTREME GREASE HD er et syntetisk sm\u00f8remiddel for skytev\u00e5pen.<\/p>\n<ul>\n<li>Brukstemperaturomr\u00e5de: -65\u00b0C til +371\u00b0C<\/li>\n<li>Utvidet temperaturomr\u00e5de: opptil 1093\u00b0C<\/li>\n<li>Ikke-klissende, ikke-rennende formulering<\/li>\n<li>Sm\u00f8ring og forebygging av slitasje<\/li>\n<li>Lavere friksjonskoeffisient<\/li>\n<li>Rustinhibitorer<\/li>\n<li>Nano-keramiske temperatursm\u00f8remidler<\/li>\n<\/ul>\n<p>Egnet for bruk p\u00e5 l\u00e5sekammer, rammer, hengselpinner og kammekanismer. Bidrar til jevn drift og lengre levetid for deler under ekstreme forhold.<\/p>\n<p>10cc plastr\u00f8r med dispenseringsspiss og skrukork for enkel p\u00e5f\u00f8ring.<\/p>\n","protected":false},"excerpt":{"rendered":"<p>Ultra-klebrig syntetisk v\u00e5penfett for ekstreme forhold (-65\u00b0C til 371\u00b0C)<\/p>\n","protected":false},"featured_media":235479,"template":"","meta":{"_acf_changed":false},"product_brand":[11166],"product_cat":[13266,13253],"product_tag":[],"class_list":{"0":"post-275149","1":"product","2":"type-product","3":"status-publish","4":"has-post-thumbnail","6":"product_brand-boretech","7":"product_cat-smoremidler","8":"product_cat-vapenrengjoring","10":"first","11":"outofstock","12":"taxable","13":"shipping-taxable","14":"purchasable","15":"product-type-simple"},"acf":[],"_links":{"self":[{"href":"https:\/\/nbg.eu\/no\/wp-json\/wp\/v2\/product\/275149","targetHints":{"allow":["GET"]}}],"collection":[{"href":"https:\/\/nbg.eu\/no\/wp-json\/wp\/v2\/product"}],"about":[{"href":"https:\/\/nbg.eu\/no\/wp-json\/wp\/v2\/types\/product"}],"wp:featuredmedia":[{"embeddable":true,"href":"https:\/\/nbg.eu\/no\/wp-json\/wp\/v2\/media\/235479"}],"wp:attachment":[{"href":"https:\/\/nbg.eu\/no\/wp-json\/wp\/v2\/media?parent=275149"}],"wp:term":[{"taxonomy":"product_brand","embeddable":true,"href":"https:\/\/nbg.eu\/no\/wp-json\/wp\/v2\/product_brand?post=275149"},{"taxonomy":"product_cat","embeddable":true,"href":"https:\/\/nbg.eu\/no\/wp-json\/wp\/v2\/product_cat?post=275149"},{"taxonomy":"product_tag","embeddable":true,"href":"https:\/\/nbg.eu\/no\/wp-json\/wp\/v2\/product_tag?post=275149"}],"curies":[{"name":"wp","href":"https:\/\/api.w.org\/{rel}","templated":true}]}}