{"id":275988,"date":"2025-03-03T22:22:36","date_gmt":"2025-03-03T19:22:36","guid":{"rendered":"https:\/\/nbg.eu\/product\/qwik-dri-dry-lubricant-1-oz\/"},"modified":"2026-01-21T11:41:29","modified_gmt":"2026-01-21T08:41:29","slug":"qwik-dri-torr-smoremiddel-1-oz","status":"publish","type":"product","link":"https:\/\/nbg.eu\/no\/produkt\/qwik-dri-torr-smoremiddel-1-oz\/","title":{"rendered":"QWIK-DRI T\u00d8RR SM\u00d8REMIDDEL, 1 Oz"},"content":{"rendered":"<h2>QWIK-DRI T\u00d8RR SM\u00d8REMIDDEL, 30 ml<\/h2>\n<p>Bore Tech Qwik-Dri\u2122 er et t\u00f8rt sm\u00f8remiddel med PTFE-partikler i en hurtigfordampende b\u00e6rer.<\/p>\n<ul>\n<li>Trenger inn i metallporer<\/li>\n<li>Danner en slitesterk, t\u00f8rr film<\/li>\n<li>Fungerer ved ekstreme temperaturer (-73\u00b0C til 316\u00b0C)<\/li>\n<li>Reduserer friksjon og slitasje<\/li>\n<li>Avviser st\u00f8v og skitt<\/li>\n<li>Ikke-oljete p\u00e5f\u00f8ring<\/li>\n<\/ul>\n<p>Egnet for pistolslider, avtrekkere, riflebolter, magasiner og mer. Qwik-Dri\u2122 sikrer jevn funksjon. Passer for hylstrede v\u00e5pen og setter ikke flekker p\u00e5 kl\u00e6r. Produsert i USA.<\/p>\n","protected":false},"excerpt":{"rendered":"<p>QWIK-DRI: Hurtigt\u00f8rkende PTFE-sm\u00f8remiddel for ekstreme temperaturer. Avst\u00f8ter smuss.<\/p>\n","protected":false},"featured_media":235682,"template":"","meta":{"_acf_changed":false},"product_brand":[11166],"product_cat":[13326,13266,13253],"product_tag":[],"class_list":{"0":"post-275988","1":"product","2":"type-product","3":"status-publish","4":"has-post-thumbnail","6":"product_brand-boretech","7":"product_cat-rengjoringsmidler","8":"product_cat-smoremidler","9":"product_cat-vapenrengjoring","11":"first","12":"instock","13":"taxable","14":"shipping-taxable","15":"purchasable","16":"product-type-simple"},"acf":[],"_links":{"self":[{"href":"https:\/\/nbg.eu\/no\/wp-json\/wp\/v2\/product\/275988","targetHints":{"allow":["GET"]}}],"collection":[{"href":"https:\/\/nbg.eu\/no\/wp-json\/wp\/v2\/product"}],"about":[{"href":"https:\/\/nbg.eu\/no\/wp-json\/wp\/v2\/types\/product"}],"wp:featuredmedia":[{"embeddable":true,"href":"https:\/\/nbg.eu\/no\/wp-json\/wp\/v2\/media\/235682"}],"wp:attachment":[{"href":"https:\/\/nbg.eu\/no\/wp-json\/wp\/v2\/media?parent=275988"}],"wp:term":[{"taxonomy":"product_brand","embeddable":true,"href":"https:\/\/nbg.eu\/no\/wp-json\/wp\/v2\/product_brand?post=275988"},{"taxonomy":"product_cat","embeddable":true,"href":"https:\/\/nbg.eu\/no\/wp-json\/wp\/v2\/product_cat?post=275988"},{"taxonomy":"product_tag","embeddable":true,"href":"https:\/\/nbg.eu\/no\/wp-json\/wp\/v2\/product_tag?post=275988"}],"curies":[{"name":"wp","href":"https:\/\/api.w.org\/{rel}","templated":true}]}}