{"id":277932,"date":"2025-03-07T22:09:14","date_gmt":"2025-03-07T19:09:14","guid":{"rendered":"https:\/\/nbg.eu\/product\/vortex-strike-eagle-1-8x24-ffp\/"},"modified":"2026-01-21T11:46:18","modified_gmt":"2026-01-21T08:46:18","slug":"vortex-strike-eagle-1-8x24-ffp","status":"publish","type":"product","link":"https:\/\/nbg.eu\/no\/produkt\/vortex-strike-eagle-1-8x24-ffp\/","title":{"rendered":"Vortex &#8211; Strike Eagle\u00ae &#8211; 1-8&#215;24 FFP"},"content":{"rendered":"<div class=\"product-description\">\n<h1>Vortex &#8211; Strike Eagle\u00ae &#8211; 1-8&#215;24 FFP<\/h1>\n<p>Strike Eagle\u00ae er et taktisk kikkertsikte som gir allsidighet og optisk ytelse. Med solid konstruksjon, glass av h\u00f8y kvalitet og avanserte funksjoner, er dette siktet egnet for b\u00e5de korte avstander og engasjementer p\u00e5 opptil 1000 meter.<\/p>\n<h2>Hovedfunksjoner:<\/h2>\n<ul>\n<li>Forst\u00f8rrelse: 1-8x<\/li>\n<li>Objektivdiameter: 24 mm<\/li>\n<li>F\u00f8rste fokalplan (FFP)<\/li>\n<li>EBR-8 MOA-retikkel<\/li>\n<li>\u00d8yeavstand: 3,9&#8243;<\/li>\n<li>Synsfelt: 113,6&#8242; &#8211; 14,1&#8242; @ 100 meter<\/li>\n<li>30 mm tubest\u00f8rrelse<\/li>\n<li>1\/4 MOA justeringsgradering<\/li>\n<li>145 MOA maksimal h\u00f8yde- og vindavdriftsjustering<\/li>\n<li>Vekt: 23,9 oz<\/li>\n<\/ul>\n<h2>EBR-8 Retikkel:<\/h2>\n<p>EBR-8 MOA f\u00f8rste fokalplan, glassetset, belyst retikkel muliggj\u00f8r hurtig skyting fra kort hold til 600 meter med popul\u00e6re .223\/5.56mm og .308\/7.62mm ladninger. Retikkelet kan ogs\u00e5 brukes med andre kalibre og ladninger ved hjelp av BDC-markeringer.<\/p>\n<h2>Holdbarhet og klarhet:<\/h2>\n<ul>\n<li>Konstruksjon i flykvalitets aluminium<\/li>\n<li>ArmorTek\u00ae ripesikker belegg<\/li>\n<li>Fullstendig flerbelagte linser for optimal lystransmisjon<\/li>\n<li>St\u00f8tsikker design for \u00e5 t\u00e5le rekyl og st\u00f8t<\/li>\n<\/ul>\n<h2>Tilleggsfunksjoner:<\/h2>\n<ul>\n<li>T\u00e5rn med hetter<\/li>\n<li>25 MOA vandring per rotasjon<\/li>\n<li>Parallakseinnstilling: 125 meter<\/li>\n<li>Inkludert spak for raske forst\u00f8rrelsesjusteringer<\/li>\n<\/ul>\n<p>Vortex Strike Eagle\u00ae 1-8&#215;24 FFP er en allsidig optikk med h\u00f8y ytelse. Dette siktet gir presisjon og p\u00e5litelighet for b\u00e5de n\u00e6rstrids- og langdistanseskyting.<\/p>\n<\/div>\n","protected":false},"excerpt":{"rendered":"<p>Allsidig 1-8&#215;24 FFP-sikte med EBR-8 retikkel. Robust optikk med h\u00f8y ytelse for taktisk skyting.<\/p>\n","protected":false},"featured_media":249209,"template":"","meta":{"_acf_changed":false},"product_brand":[11971],"product_cat":[13275,13262],"product_tag":[],"class_list":{"0":"post-277932","1":"product","2":"type-product","3":"status-publish","4":"has-post-thumbnail","6":"product_brand-vortex","7":"product_cat-forstorret-optikk","8":"product_cat-sikte","10":"first","11":"outofstock","12":"taxable","13":"shipping-taxable","14":"purchasable","15":"product-type-simple"},"acf":[],"_links":{"self":[{"href":"https:\/\/nbg.eu\/no\/wp-json\/wp\/v2\/product\/277932","targetHints":{"allow":["GET"]}}],"collection":[{"href":"https:\/\/nbg.eu\/no\/wp-json\/wp\/v2\/product"}],"about":[{"href":"https:\/\/nbg.eu\/no\/wp-json\/wp\/v2\/types\/product"}],"wp:featuredmedia":[{"embeddable":true,"href":"https:\/\/nbg.eu\/no\/wp-json\/wp\/v2\/media\/249209"}],"wp:attachment":[{"href":"https:\/\/nbg.eu\/no\/wp-json\/wp\/v2\/media?parent=277932"}],"wp:term":[{"taxonomy":"product_brand","embeddable":true,"href":"https:\/\/nbg.eu\/no\/wp-json\/wp\/v2\/product_brand?post=277932"},{"taxonomy":"product_cat","embeddable":true,"href":"https:\/\/nbg.eu\/no\/wp-json\/wp\/v2\/product_cat?post=277932"},{"taxonomy":"product_tag","embeddable":true,"href":"https:\/\/nbg.eu\/no\/wp-json\/wp\/v2\/product_tag?post=277932"}],"curies":[{"name":"wp","href":"https:\/\/api.w.org\/{rel}","templated":true}]}}