{"id":283474,"date":"2025-03-07T20:40:36","date_gmt":"2025-03-07T17:40:36","guid":{"rendered":"https:\/\/nbg.eu\/product\/rusan-adapter-arm52-64-64mm\/"},"modified":"2026-01-21T11:38:39","modified_gmt":"2026-01-21T08:38:39","slug":"rusan-adapter-arm52-64-64mm","status":"publish","type":"product","link":"https:\/\/nbg.eu\/no\/produkt\/rusan-adapter-arm52-64-64mm\/","title":{"rendered":"Rusan &#8211; Adapter ARM52-64, 64mm"},"content":{"rendered":"<div class=\"product-description\">\n<h1>Rusan &#8211; Adapter ARM52-64, 64mm<\/h1>\n<h2>Kombinasjon av styrke, tilpasningsevne og presisjonsteknikk<\/h2>\n<p>Rusan &#8211; Adapter ARM52-64 er en 64mm adapter som kombinerer styrke, tilpasningsevne og presisjon, designet for \u00e5 optimalisere oppsettet for ulike skytescenarier.<\/p>\n<h3>Hovedfunksjoner:<\/h3>\n<ul>\n<li><strong>RRS-Lock\u2122 System:<\/strong> Inkluderer sikkerhetsstopp-funksjoner i b\u00e5de monteringsskinnen og hurtigutl\u00f8serklemmen, i samsvar med RRS 1.5&#8243; Standard. Har flere &laquo;harde stopp&raquo;-posisjoner langs skinnen med jevne kanter for ergonomi.<\/li>\n<li><strong>Enkel topplasting:<\/strong> G\u00e5r fra lukket til fullt \u00e5pen i \u00e9n bevegelse, for enkel topplasting av RRS Dovetail og Arca-Swiss-kompatible hurtigutl\u00f8serplater.<\/li>\n<li><strong>Visuell l\u00e5sebekreftelse:<\/strong> Viser spakens posisjon &#8211; l\u00e5st, halv\u00e5pen eller fullt \u00e5pen.<\/li>\n<li><strong>Justerbar spenning:<\/strong> Finjuster klemmespenningen for bedre kompatibilitet med tredjeparts plater og skinner.<\/li>\n<li><strong>Patentert dobbel klemme:<\/strong> Passer b\u00e5de Picatinny og Arca-style skinner.<\/li>\n<li><strong>Brukervennlig design:<\/strong> Bakoverkompatibel med ikke-RRS-Lock\u2122 Arca-style skinner.<\/li>\n<\/ul>\n<h3>Kompatible tof\u00f8tter:<\/h3>\n<ul>\n<li>B&amp;T Industries&#8217; Atlas A.R.M.S. 17s tof\u00f8tter<\/li>\n<li>Thunder Beast Arms TBAC<\/li>\n<li>Magpul A.R.M.S. 17s Style<\/li>\n<li>Alle andre A.R.M.S. 17s applikasjoner<\/li>\n<\/ul>\n<h3>Spesifikasjoner:<\/h3>\n<table>\n<tr>\n<td>Kjevelengde:<\/td>\n<td>1,97&#8243; \/ 50mm<\/td>\n<\/tr>\n<tr>\n<td>Bredde:<\/td>\n<td>2,94&#8243; \/ 74,6mm<\/td>\n<\/tr>\n<tr>\n<td>H\u00f8yde:<\/td>\n<td>0,7&#8243; \/ 17,4mm<\/td>\n<\/tr>\n<tr>\n<td>Vekt:<\/td>\n<td>3,8oz \/ 107g (inkludert utstyr)<\/td>\n<\/tr>\n<\/table>\n<p>Rusan &#8211; Adapter ARM52-64 er designet for presisjonskyting. Denne adapteren sikrer at utstyret ditt er festet med et p\u00e5litelig klemmesystem.<\/p>\n<\/div>\n","protected":false},"excerpt":{"rendered":"<p>Rusan ARM52-64: 64mm adapter for presisjonsmontering. Slitesterk, allsidig og konstruert for optimal ytelse.<\/p>\n","protected":false},"featured_media":248370,"template":"","meta":{"_acf_changed":false},"product_brand":[11694],"product_cat":[13262,13287,13282],"product_tag":[],"class_list":{"0":"post-283474","1":"product","2":"type-product","3":"status-publish","4":"has-post-thumbnail","6":"product_brand-rusan","7":"product_cat-sikte","8":"product_cat-siktetilbehor","9":"product_cat-termisk","11":"first","12":"outofstock","13":"taxable","14":"shipping-taxable","15":"purchasable","16":"product-type-simple"},"acf":[],"_links":{"self":[{"href":"https:\/\/nbg.eu\/no\/wp-json\/wp\/v2\/product\/283474","targetHints":{"allow":["GET"]}}],"collection":[{"href":"https:\/\/nbg.eu\/no\/wp-json\/wp\/v2\/product"}],"about":[{"href":"https:\/\/nbg.eu\/no\/wp-json\/wp\/v2\/types\/product"}],"wp:featuredmedia":[{"embeddable":true,"href":"https:\/\/nbg.eu\/no\/wp-json\/wp\/v2\/media\/248370"}],"wp:attachment":[{"href":"https:\/\/nbg.eu\/no\/wp-json\/wp\/v2\/media?parent=283474"}],"wp:term":[{"taxonomy":"product_brand","embeddable":true,"href":"https:\/\/nbg.eu\/no\/wp-json\/wp\/v2\/product_brand?post=283474"},{"taxonomy":"product_cat","embeddable":true,"href":"https:\/\/nbg.eu\/no\/wp-json\/wp\/v2\/product_cat?post=283474"},{"taxonomy":"product_tag","embeddable":true,"href":"https:\/\/nbg.eu\/no\/wp-json\/wp\/v2\/product_tag?post=283474"}],"curies":[{"name":"wp","href":"https:\/\/api.w.org\/{rel}","templated":true}]}}