{"id":46469,"date":"2024-07-31T20:54:52","date_gmt":"2024-07-31T20:54:52","guid":{"rendered":"https:\/\/nbg.eu\/product\/shotgun-brush\/"},"modified":"2026-05-13T15:12:05","modified_gmt":"2026-05-13T12:12:05","slug":"hagleborste","status":"publish","type":"product","link":"https:\/\/nbg.eu\/no\/produkt\/hagleborste\/","title":{"rendered":"Hagleb\u00f8rste"},"content":{"rendered":"<p>\nHaglgev\u00e6rb\u00f8rste i koboltbl\u00e5 fra Iosso Products. Egenskaper:<\/p>\n<ul>\n<li>Tykkere, stivere fibrer for rengj\u00f8ring fram og tilbake<\/li>\n<li>Tett viklet med flere fibrer per tomme<\/li>\n<li>Kan brukes flere ganger<\/li>\n<li>Egnet for bruk med Iosso L\u00f8prenser<\/li>\n<li>Fjerner alle typer forurensning<\/li>\n<li>Reduserer rengj\u00f8ringstiden betydelig<\/li>\n<\/ul>\n<p>Effektiv l\u00f8prengj\u00f8ring.<\/p>\n","protected":false},"excerpt":{"rendered":"<p>F\u00f8rsteklasses koboltbl\u00e5 b\u00f8rste for effektiv og grundig rengj\u00f8ring av hagle.<\/p>\n","protected":false},"featured_media":46470,"template":"","meta":{"_acf_changed":false},"product_brand":[11489],"product_cat":[13270,13253],"product_tag":[],"class_list":{"0":"post-46469","1":"product","2":"type-product","3":"status-publish","4":"has-post-thumbnail","6":"product_brand-iosso","7":"product_cat-borster","8":"product_cat-vapenrengjoring","10":"first","11":"instock","12":"taxable","13":"shipping-taxable","14":"purchasable","15":"product-type-variable","16":"wvs-archive-product-wrapper"},"acf":[],"_links":{"self":[{"href":"https:\/\/nbg.eu\/no\/wp-json\/wp\/v2\/product\/46469","targetHints":{"allow":["GET"]}}],"collection":[{"href":"https:\/\/nbg.eu\/no\/wp-json\/wp\/v2\/product"}],"about":[{"href":"https:\/\/nbg.eu\/no\/wp-json\/wp\/v2\/types\/product"}],"wp:featuredmedia":[{"embeddable":true,"href":"https:\/\/nbg.eu\/no\/wp-json\/wp\/v2\/media\/46470"}],"wp:attachment":[{"href":"https:\/\/nbg.eu\/no\/wp-json\/wp\/v2\/media?parent=46469"}],"wp:term":[{"taxonomy":"product_brand","embeddable":true,"href":"https:\/\/nbg.eu\/no\/wp-json\/wp\/v2\/product_brand?post=46469"},{"taxonomy":"product_cat","embeddable":true,"href":"https:\/\/nbg.eu\/no\/wp-json\/wp\/v2\/product_cat?post=46469"},{"taxonomy":"product_tag","embeddable":true,"href":"https:\/\/nbg.eu\/no\/wp-json\/wp\/v2\/product_tag?post=46469"}],"curies":[{"name":"wp","href":"https:\/\/api.w.org\/{rel}","templated":true}]}}