{"id":49013,"date":"2024-07-29T21:46:44","date_gmt":"2024-07-29T18:46:44","guid":{"rendered":"https:\/\/nbg.eu\/product\/horizontal-ten-speed-single-m4-mag-pouch\/"},"modified":"2026-01-21T12:05:16","modified_gmt":"2026-01-21T09:05:16","slug":"horisontal-ten-speed-enkelt-m4-magasinpose","status":"publish","type":"product","link":"https:\/\/nbg.eu\/no\/produkt\/horisontal-ten-speed-enkelt-m4-magasinpose\/","title":{"rendered":"Horisontal Ten-Speed\u00ae Enkelt M4 Magasinpose"},"content":{"rendered":"<h2>Horisontal Ten-Speed\u00ae Enkelt M4 Magasinlomme<\/h2>\n<p>Ten-Speed\u00ae M4 Magasinlomme er en horisontal lomme for ammunisjon. Den har en elastisk konstruksjon og er designet for \u00e5 passe p\u00e5 ubrukte MOLLE-festeseksjoner p\u00e5 plateb\u00e6rere, vester eller belter.<\/p>\n<ul>\n<li>Kompatibel med 30-runds STANAG M4 magasiner og de fleste 5,56 magasiner<\/li>\n<li>Passer til st\u00f8rre SMG-magasiner (UMP, CZ Scorpion, P90) og noen AK-74 magasiner<\/li>\n<li>Fleksible lagringsmuligheter: kuler opp\/ned, forover\/bakover<\/li>\n<li>Tilgjengelig i MOLLE-kompatible Helium Whisper og Beltemonterte versjoner<\/li>\n<li>Beltemontert versjon passer belter opptil 2&#8243; brede med justerbare borrel\u00e5sfester<\/li>\n<\/ul>\n<p>Horisontal Ten-Speed\u00ae Enkelt M4 Magasinlomme er en l\u00f8sning for effektiv h\u00e5ndtering av ammunisjon.<\/p>\n","protected":false},"excerpt":{"rendered":"<p>Allsidig horisontal magasinlomme for M4\/5,56 magasiner. MOLLE- eller beltefeste.<\/p>\n","protected":false},"featured_media":49020,"template":"","meta":{"_acf_changed":false},"product_brand":[11136],"product_cat":[13302,13319,13309],"product_tag":[],"class_list":{"0":"post-49013","1":"product","2":"type-product","3":"status-publish","4":"has-post-thumbnail","6":"product_brand-blue-force-gear","7":"product_cat-magasinholdere","8":"product_cat-utstyr","9":"product_cat-vesker","11":"first","12":"instock","13":"taxable","14":"shipping-taxable","15":"purchasable","16":"product-type-simple"},"acf":[],"_links":{"self":[{"href":"https:\/\/nbg.eu\/no\/wp-json\/wp\/v2\/product\/49013","targetHints":{"allow":["GET"]}}],"collection":[{"href":"https:\/\/nbg.eu\/no\/wp-json\/wp\/v2\/product"}],"about":[{"href":"https:\/\/nbg.eu\/no\/wp-json\/wp\/v2\/types\/product"}],"wp:featuredmedia":[{"embeddable":true,"href":"https:\/\/nbg.eu\/no\/wp-json\/wp\/v2\/media\/49020"}],"wp:attachment":[{"href":"https:\/\/nbg.eu\/no\/wp-json\/wp\/v2\/media?parent=49013"}],"wp:term":[{"taxonomy":"product_brand","embeddable":true,"href":"https:\/\/nbg.eu\/no\/wp-json\/wp\/v2\/product_brand?post=49013"},{"taxonomy":"product_cat","embeddable":true,"href":"https:\/\/nbg.eu\/no\/wp-json\/wp\/v2\/product_cat?post=49013"},{"taxonomy":"product_tag","embeddable":true,"href":"https:\/\/nbg.eu\/no\/wp-json\/wp\/v2\/product_tag?post=49013"}],"curies":[{"name":"wp","href":"https:\/\/api.w.org\/{rel}","templated":true}]}}