{"id":525781,"date":"2025-08-19T20:38:50","date_gmt":"2025-08-19T17:38:50","guid":{"rendered":"https:\/\/nbg.eu\/product\/hographic-sight-eotech-exps3\/"},"modified":"2026-01-21T11:45:40","modified_gmt":"2026-01-21T08:45:40","slug":"hographic-sight-eotech-exps3","status":"publish","type":"product","link":"https:\/\/nbg.eu\/no\/produkt\/hographic-sight-eotech-exps3\/","title":{"rendered":"Hographic sight EOTECH EXPS3"},"content":{"rendered":"<div class=\"product-description\">\n<h2>EOTECH HWS EXPS3\u2122 Holografisk V\u00e5pensikte<\/h2>\n<p>EOTECH HWS EXPS3\u2122 er et holografisk sikte som tilbyr:<\/p>\n<ul>\n<li>Skyting med begge \u00f8yne \u00e5pne for m\u00e5lengasjement<\/li>\n<li>Nattsyn-kompatibilitet med 10 ekstra innstillinger<\/li>\n<li>7mm hevet hurtigkoblings-base for nedre 1\/3 jern-sikte samvisning<\/li>\n<li>Kompakt design: 3,8&#8243; x 2,3&#8243; x 2,9&#8243;<\/li>\n<li>Vekt: 11,2 oz<\/li>\n<li>Vannbestandig opptil 33 fot dybde<\/li>\n<li>20 lysstyrkeinnstillinger for dagslys<\/li>\n<li>1000 timers batterilevetid ved normal innstilling<\/li>\n<\/ul>\n<p>Produsert i USA. EXPS3 monteres p\u00e5 1&#8243; Weaver eller MIL-STD-1913 skinner og fungerer i temperaturer fra -40\u00b0C til 60\u00b0C. Inkluderer hurtigstartveiledning, garantikort og CR123-batteri.<\/p>\n<\/div>\n","protected":false},"excerpt":{"rendered":"<p>Rask m\u00e5linnhenting, kompatibel med nattsyn, hevet hurtigavtagbar base.<\/p>\n","protected":false},"featured_media":466375,"template":"","meta":{"_acf_changed":false},"product_brand":[],"product_cat":[13271,13262],"product_tag":[],"class_list":{"0":"post-525781","1":"product","2":"type-product","3":"status-publish","4":"has-post-thumbnail","6":"product_cat-rifle-dots","7":"product_cat-sikte","9":"first","10":"outofstock","11":"taxable","12":"shipping-taxable","13":"purchasable","14":"product-type-simple"},"acf":[],"_links":{"self":[{"href":"https:\/\/nbg.eu\/no\/wp-json\/wp\/v2\/product\/525781","targetHints":{"allow":["GET"]}}],"collection":[{"href":"https:\/\/nbg.eu\/no\/wp-json\/wp\/v2\/product"}],"about":[{"href":"https:\/\/nbg.eu\/no\/wp-json\/wp\/v2\/types\/product"}],"wp:featuredmedia":[{"embeddable":true,"href":"https:\/\/nbg.eu\/no\/wp-json\/wp\/v2\/media\/466375"}],"wp:attachment":[{"href":"https:\/\/nbg.eu\/no\/wp-json\/wp\/v2\/media?parent=525781"}],"wp:term":[{"taxonomy":"product_brand","embeddable":true,"href":"https:\/\/nbg.eu\/no\/wp-json\/wp\/v2\/product_brand?post=525781"},{"taxonomy":"product_cat","embeddable":true,"href":"https:\/\/nbg.eu\/no\/wp-json\/wp\/v2\/product_cat?post=525781"},{"taxonomy":"product_tag","embeddable":true,"href":"https:\/\/nbg.eu\/no\/wp-json\/wp\/v2\/product_tag?post=525781"}],"curies":[{"name":"wp","href":"https:\/\/api.w.org\/{rel}","templated":true}]}}