{"id":526324,"date":"2025-08-19T21:01:26","date_gmt":"2025-08-19T18:01:26","guid":{"rendered":"https:\/\/nbg.eu\/product\/ak-safety-lever-krebs-customs-enhanced-safety-mkvi\/"},"modified":"2026-01-21T11:34:11","modified_gmt":"2026-01-21T08:34:11","slug":"ak-safety-lever-krebs-customs-enhanced-safety-mkvi","status":"publish","type":"product","link":"https:\/\/nbg.eu\/no\/produkt\/ak-safety-lever-krebs-customs-enhanced-safety-mkvi\/","title":{"rendered":"AK safety lever Krebs Customs Enhanced Safety (MKVI)"},"content":{"rendered":"<div class=\"product-description\">\n<h2>Krebs Custom Mk VI forbedret sikkerhetshendel for stansede AK-rifler<\/h2>\n<p>Sikkerhetshendel for AK-rifler med standard stanset mottaker. Denne sikkerhetshendelen tilbyr:<\/p>\n<ul>\n<li>Produsert i USA, i ett stykke<\/li>\n<li>1mm 1050 st\u00e5l, varmebehandlet til 50C Rockwell<\/li>\n<li>Forbedret ergonomi og funksjonalitet<\/li>\n<li>Enkel installasjon (b\u00f8rsemaker anbefales for VEPR 12)<\/li>\n<\/ul>\n<p>Merk: Ikke kompatibel med Polish Tantal, Yugo-rifler, eller Century-rifler uten mindre b\u00f8rsemakerarbeid. Velg mellom Mk VI og Mk VI-S basert p\u00e5 din rifles n\u00e5v\u00e6rende sikkerhetsposisjon. Ogs\u00e5 tilgjengelig for konverterte Saiga-rifler (AKM6S).<\/p>\n<\/div>\n","protected":false},"excerpt":{"rendered":"<p>Presisjonspreget AK-sikkerhetsspak for standard pregede mottakere.<\/p>\n","protected":false},"featured_media":467130,"template":"","meta":{"_acf_changed":false},"product_brand":[],"product_cat":[13249,13311,13272],"product_tag":[],"class_list":{"0":"post-526324","1":"product","2":"type-product","3":"status-publish","4":"has-post-thumbnail","6":"product_cat-ak-tuning","7":"product_cat-rifle","8":"product_cat-rifle-tuning","10":"first","11":"instock","12":"taxable","13":"shipping-taxable","14":"purchasable","15":"product-type-simple"},"acf":[],"_links":{"self":[{"href":"https:\/\/nbg.eu\/no\/wp-json\/wp\/v2\/product\/526324","targetHints":{"allow":["GET"]}}],"collection":[{"href":"https:\/\/nbg.eu\/no\/wp-json\/wp\/v2\/product"}],"about":[{"href":"https:\/\/nbg.eu\/no\/wp-json\/wp\/v2\/types\/product"}],"wp:featuredmedia":[{"embeddable":true,"href":"https:\/\/nbg.eu\/no\/wp-json\/wp\/v2\/media\/467130"}],"wp:attachment":[{"href":"https:\/\/nbg.eu\/no\/wp-json\/wp\/v2\/media?parent=526324"}],"wp:term":[{"taxonomy":"product_brand","embeddable":true,"href":"https:\/\/nbg.eu\/no\/wp-json\/wp\/v2\/product_brand?post=526324"},{"taxonomy":"product_cat","embeddable":true,"href":"https:\/\/nbg.eu\/no\/wp-json\/wp\/v2\/product_cat?post=526324"},{"taxonomy":"product_tag","embeddable":true,"href":"https:\/\/nbg.eu\/no\/wp-json\/wp\/v2\/product_tag?post=526324"}],"curies":[{"name":"wp","href":"https:\/\/api.w.org\/{rel}","templated":true}]}}