{"id":526430,"date":"2025-08-20T17:48:48","date_gmt":"2025-08-20T14:48:48","guid":{"rendered":"https:\/\/nbg.eu\/product\/recoil-spring-ismi-15-lb-spring-for-glock-17-gl15\/"},"modified":"2026-01-21T11:39:14","modified_gmt":"2026-01-21T08:39:14","slug":"recoil-spring-ismi-15-lb-spring-for-glock-17-gl15","status":"publish","type":"product","link":"https:\/\/nbg.eu\/no\/produkt\/recoil-spring-ismi-15-lb-spring-for-glock-17-gl15\/","title":{"rendered":"Recoil spring ISMI 15 lb. Spring for Glock 17 (GL15)"},"content":{"rendered":"<div class=\"product-description\">\n<h2>ISMI 15 lb. Flat Wire Rekylfj\u00e6r for Glock 17 (GL15)<\/h2>\n<p>ISMI rekylfj\u00e6r for Glock 17. Denne 15 lb. flat wire-fj\u00e6ren er laget av krom-vanadium legering, designet for \u00e5 passe fabrikkens styrestang med diameter p\u00e5 .250&#8243; eller mindre.<\/p>\n<ul>\n<li>CAD-designet og bygget etter luftfartsspesifikasjoner<\/li>\n<li>Varmebehandlet, kulepen\u00e9 og fullstendig spenningsavlastet<\/li>\n<li>Sikrer konsistent ytelse<\/li>\n<li>Kompatibel med Glock 17, 17L, 20, 21, 22, 24, 31, 35<\/li>\n<li>Produsert i USA<\/li>\n<\/ul>\n<p>ISMI rekylfj\u00e6r for Glock for p\u00e5litelighet og ytelse. For forbedret skytekomfort og presisjon.<\/p>\n<\/div>\n","protected":false},"excerpt":{"rendered":"<p>Presisjons 15lb flat wire rekylfj\u00e6r for Glock 17. Produsert i USA, forbedrer ytelsen.<\/p>\n","protected":false},"featured_media":470577,"template":"","meta":{"_acf_changed":false},"product_brand":[11413],"product_cat":[13279,13261],"product_tag":[],"class_list":{"0":"post-526430","1":"product","2":"type-product","3":"status-publish","4":"has-post-thumbnail","6":"product_brand-glock","7":"product_cat-fjaerer","8":"product_cat-kmr-deler","10":"first","11":"outofstock","12":"taxable","13":"shipping-taxable","14":"purchasable","15":"product-type-simple"},"acf":[],"_links":{"self":[{"href":"https:\/\/nbg.eu\/no\/wp-json\/wp\/v2\/product\/526430","targetHints":{"allow":["GET"]}}],"collection":[{"href":"https:\/\/nbg.eu\/no\/wp-json\/wp\/v2\/product"}],"about":[{"href":"https:\/\/nbg.eu\/no\/wp-json\/wp\/v2\/types\/product"}],"wp:featuredmedia":[{"embeddable":true,"href":"https:\/\/nbg.eu\/no\/wp-json\/wp\/v2\/media\/470577"}],"wp:attachment":[{"href":"https:\/\/nbg.eu\/no\/wp-json\/wp\/v2\/media?parent=526430"}],"wp:term":[{"taxonomy":"product_brand","embeddable":true,"href":"https:\/\/nbg.eu\/no\/wp-json\/wp\/v2\/product_brand?post=526430"},{"taxonomy":"product_cat","embeddable":true,"href":"https:\/\/nbg.eu\/no\/wp-json\/wp\/v2\/product_cat?post=526430"},{"taxonomy":"product_tag","embeddable":true,"href":"https:\/\/nbg.eu\/no\/wp-json\/wp\/v2\/product_tag?post=526430"}],"curies":[{"name":"wp","href":"https:\/\/api.w.org\/{rel}","templated":true}]}}