{"id":527204,"date":"2025-09-02T20:11:34","date_gmt":"2025-09-02T17:11:34","guid":{"rendered":"https:\/\/nbg.eu\/product\/ftcs-enlarged-magazine-catch-ak-platform-graphite-black-h-146-nr-29\/"},"modified":"2026-01-21T12:01:49","modified_gmt":"2026-01-21T09:01:49","slug":"ftcs-enlarged-magazine-catch-ak-platform-graphite-black-h-146-nr-29","status":"publish","type":"product","link":"https:\/\/nbg.eu\/no\/produkt\/ftcs-enlarged-magazine-catch-ak-platform-graphite-black-h-146-nr-29\/","title":{"rendered":"FTCS &#8211; Enlarged Magazine Catch &#8211; AK Platform &#8211; Graphite Black H-146 &#8211; Nr. 29"},"content":{"rendered":"<div class=\"product-description\">\n<h1>FTCS &#8211; Forst\u00f8rret magasinsperre &#8211; AK-plattform<\/h1>\n<h2>Grafittsvart H-146 &#8211; Nr. 29<\/h2>\n<p>En forst\u00f8rret magasinsperre fra FTCS for AK-plattform. Designet for enklere fjerning av magasinet.<\/p>\n<ul>\n<li>Kompatibel med de fleste AK\/AKM\/AK-74 v\u00e5pen<\/li>\n<li>Laget av st\u00e5l med Cerakote-belegg<\/li>\n<li>Grafittsvart H-146 farge<\/li>\n<li>Riflet tunge for bedre grep<\/li>\n<li>M\u00e5l: 51 x 16 x 14 mm<\/li>\n<li>Vekt: 20 g<\/li>\n<\/ul>\n<p>Denne forst\u00f8rrede sperren tillater fjerning av magasinet ved bruk av tommelen eller et annet magasin. Cerakote-overflaten gir holdbarhet.<\/p>\n<\/div>\n","protected":false},"excerpt":{"rendered":"<p>Forst\u00f8rret magasinl\u00e5s for AK. Enkel utl\u00f8sning. St\u00e5l, Cerakote-behandlet. Grafittsort.<\/p>\n","protected":false},"featured_media":0,"template":"","meta":{"_acf_changed":false},"product_brand":[],"product_cat":[13327],"product_tag":[],"class_list":{"0":"post-527204","1":"product","2":"type-product","3":"status-publish","5":"product_cat-ukategorisert","7":"first","8":"instock","9":"taxable","10":"shipping-taxable","11":"purchasable","12":"product-type-simple"},"acf":[],"_links":{"self":[{"href":"https:\/\/nbg.eu\/no\/wp-json\/wp\/v2\/product\/527204","targetHints":{"allow":["GET"]}}],"collection":[{"href":"https:\/\/nbg.eu\/no\/wp-json\/wp\/v2\/product"}],"about":[{"href":"https:\/\/nbg.eu\/no\/wp-json\/wp\/v2\/types\/product"}],"wp:attachment":[{"href":"https:\/\/nbg.eu\/no\/wp-json\/wp\/v2\/media?parent=527204"}],"wp:term":[{"taxonomy":"product_brand","embeddable":true,"href":"https:\/\/nbg.eu\/no\/wp-json\/wp\/v2\/product_brand?post=527204"},{"taxonomy":"product_cat","embeddable":true,"href":"https:\/\/nbg.eu\/no\/wp-json\/wp\/v2\/product_cat?post=527204"},{"taxonomy":"product_tag","embeddable":true,"href":"https:\/\/nbg.eu\/no\/wp-json\/wp\/v2\/product_tag?post=527204"}],"curies":[{"name":"wp","href":"https:\/\/api.w.org\/{rel}","templated":true}]}}