{"id":527521,"date":"2025-09-02T20:13:23","date_gmt":"2025-09-02T17:13:23","guid":{"rendered":"https:\/\/nbg.eu\/product\/general-nano-protection-super-nano-grease-synthetic-761034\/"},"modified":"2026-01-21T11:44:39","modified_gmt":"2026-01-21T08:44:39","slug":"general-nano-protection-super-nano-grease-synthetic-761034","status":"publish","type":"product","link":"https:\/\/nbg.eu\/no\/produkt\/general-nano-protection-super-nano-grease-synthetic-761034\/","title":{"rendered":"General Nano Protection &#8211; Super Nano Grease &#8211; Synthetic &#8211; 761034"},"content":{"rendered":"<h1>General Nano Protection &#8211; Super Nano Grease &#8211; Syntetisk &#8211; 761034<\/h1>\n<p>Syntetisk v\u00e5penolje. Denne 200ml flasken med Super Nano Grease gir beskyttelse og ytelse for v\u00e5penet ditt.<\/p>\n<ul>\n<li>Rengj\u00f8r pulverst\u00f8v, karbon og fett<\/li>\n<li>Fjerner fuktighet og beskytter mot korrosjon<\/li>\n<li>Reduserer friksjon og slitasje p\u00e5 ulike materialer<\/li>\n<li>Forlenger v\u00e5penets levetid<\/li>\n<li>Nanopartikkelteknologi for bedre penetrering<\/li>\n<li>Vannavst\u00f8tende belegg<\/li>\n<li>Varmebestandig fra -60\u00b0C til +250\u00b0C<\/li>\n<li>Trygg for bruk p\u00e5 metall, tre, maling, gummi og plast<\/li>\n<\/ul>\n<p>Egnet for bruk p\u00e5 operasjonsstenger, l\u00f8pshoder, kambolter og andre bevegelige deler.<\/p>\n","protected":false},"excerpt":{"rendered":"<p>Avansert nano-v\u00e5penolje: rengj\u00f8r, sm\u00f8rer og beskytter skytev\u00e5pen.<\/p>\n","protected":false},"featured_media":490524,"template":"","meta":{"_acf_changed":false},"product_brand":[],"product_cat":[13327],"product_tag":[],"class_list":{"0":"post-527521","1":"product","2":"type-product","3":"status-publish","4":"has-post-thumbnail","6":"product_cat-ukategorisert","8":"first","9":"instock","10":"taxable","11":"shipping-taxable","12":"purchasable","13":"product-type-simple"},"acf":[],"_links":{"self":[{"href":"https:\/\/nbg.eu\/no\/wp-json\/wp\/v2\/product\/527521","targetHints":{"allow":["GET"]}}],"collection":[{"href":"https:\/\/nbg.eu\/no\/wp-json\/wp\/v2\/product"}],"about":[{"href":"https:\/\/nbg.eu\/no\/wp-json\/wp\/v2\/types\/product"}],"wp:featuredmedia":[{"embeddable":true,"href":"https:\/\/nbg.eu\/no\/wp-json\/wp\/v2\/media\/490524"}],"wp:attachment":[{"href":"https:\/\/nbg.eu\/no\/wp-json\/wp\/v2\/media?parent=527521"}],"wp:term":[{"taxonomy":"product_brand","embeddable":true,"href":"https:\/\/nbg.eu\/no\/wp-json\/wp\/v2\/product_brand?post=527521"},{"taxonomy":"product_cat","embeddable":true,"href":"https:\/\/nbg.eu\/no\/wp-json\/wp\/v2\/product_cat?post=527521"},{"taxonomy":"product_tag","embeddable":true,"href":"https:\/\/nbg.eu\/no\/wp-json\/wp\/v2\/product_tag?post=527521"}],"curies":[{"name":"wp","href":"https:\/\/api.w.org\/{rel}","templated":true}]}}