{"id":530442,"date":"2025-09-04T17:31:52","date_gmt":"2025-09-04T14:31:52","guid":{"rendered":"https:\/\/nbg.eu\/product\/strike-industries-overmolded-ultimate-dust-cover-for-223-5-56-mm-black\/"},"modified":"2026-01-21T12:14:40","modified_gmt":"2026-01-21T09:14:40","slug":"strike-industries-overmolded-ultimate-dust-cover-for-223-5-56-mm-black","status":"publish","type":"product","link":"https:\/\/nbg.eu\/no\/produkt\/strike-industries-overmolded-ultimate-dust-cover-for-223-5-56-mm-black\/","title":{"rendered":"Strike Industries &#8211; Overmolded Ultimate Dust Cover for .223\/5.56 mm &#8211; Black"},"content":{"rendered":"<div class=\"product-description\">\n<h2>Strike Industries &#8211; St\u00f8vdeksel for .223\/5.56 mm &#8211; Svart<\/h2>\n<p>Dette st\u00f8vdekselet for AR-15 har en dobbel injeksjonsform og gummiforsegling for beskyttelse mot rusk og vann. Den interne leppen gir en tettere forsegling enn tradisjonelle st\u00f8vdeksler.<\/p>\n<ul>\n<li>Verkt\u00f8yfri installasjon og enkel demontering<\/li>\n<li>Justerbar festeskrue for slitasjekompensasjon<\/li>\n<li>St\u00f8yreduserende gummipolstring<\/li>\n<li>Laget av polymer<\/li>\n<li>Rustbestandig<\/li>\n<li>Installeres eller fjernes p\u00e5 5-10 sekunder<\/li>\n<\/ul>\n<p>Kompatibel med AR-15 Mil-Spec og de fleste billet \u00f8vre mottakere, inkludert Aero Precision M4E1. Ikke kompatibel med VLTOR MUR, ZRO Delta, Lantac Enhanced BCG, eller Bootleg Four Position Adjustable Carrier.<\/p>\n<\/div>\n","protected":false},"excerpt":{"rendered":"<p>Forbedret AR-15 st\u00f8vdeksel: Lydl\u00f8s, rask installasjon, st\u00f8vsikker forsegling.<\/p>\n","protected":false},"featured_media":493276,"template":"","meta":{"_acf_changed":false},"product_brand":[14626],"product_cat":[13295,13311,13272],"product_tag":[],"class_list":{"0":"post-530442","1":"product","2":"type-product","3":"status-publish","4":"has-post-thumbnail","6":"product_brand-strike-industries","7":"product_cat-ar-tuning","8":"product_cat-rifle","9":"product_cat-rifle-tuning","11":"first","12":"instock","13":"taxable","14":"shipping-taxable","15":"purchasable","16":"product-type-simple"},"acf":[],"_links":{"self":[{"href":"https:\/\/nbg.eu\/no\/wp-json\/wp\/v2\/product\/530442","targetHints":{"allow":["GET"]}}],"collection":[{"href":"https:\/\/nbg.eu\/no\/wp-json\/wp\/v2\/product"}],"about":[{"href":"https:\/\/nbg.eu\/no\/wp-json\/wp\/v2\/types\/product"}],"wp:featuredmedia":[{"embeddable":true,"href":"https:\/\/nbg.eu\/no\/wp-json\/wp\/v2\/media\/493276"}],"wp:attachment":[{"href":"https:\/\/nbg.eu\/no\/wp-json\/wp\/v2\/media?parent=530442"}],"wp:term":[{"taxonomy":"product_brand","embeddable":true,"href":"https:\/\/nbg.eu\/no\/wp-json\/wp\/v2\/product_brand?post=530442"},{"taxonomy":"product_cat","embeddable":true,"href":"https:\/\/nbg.eu\/no\/wp-json\/wp\/v2\/product_cat?post=530442"},{"taxonomy":"product_tag","embeddable":true,"href":"https:\/\/nbg.eu\/no\/wp-json\/wp\/v2\/product_tag?post=530442"}],"curies":[{"name":"wp","href":"https:\/\/api.w.org\/{rel}","templated":true}]}}