{"id":532756,"date":"2025-09-04T17:51:31","date_gmt":"2025-09-04T14:51:31","guid":{"rendered":"https:\/\/nbg.eu\/product\/strike-industries-mass-driver-comp-for-glock-17-gen4\/"},"modified":"2026-01-21T11:34:30","modified_gmt":"2026-01-21T08:34:30","slug":"strike-industries-mass-driver-comp-for-glock-17-gen4","status":"publish","type":"product","link":"https:\/\/nbg.eu\/no\/produkt\/strike-industries-mass-driver-comp-for-glock-17-gen4\/","title":{"rendered":"Strike Industries &#8211; Mass Driver Comp for Glock 17 Gen4"},"content":{"rendered":"<h2>Strike Industries &#8211; Mass Driver Comp for Glock 17 Gen4<\/h2>\n<p>Strike Industries Mass Driver Compensator (MDC) for Glock 17 Gen4 er en kompensator som reduserer mekanisk rekyl uten \u00e5 p\u00e5virke p\u00e5liteligheten av syklusen.<\/p>\n<h2>Hovedfunksjoner:<\/h2>\n<ul>\n<li>Separeres fra operative komponenter etter tenning<\/li>\n<li>Opprettholder n\u00e6r standard syklushastighet<\/li>\n<li>Reduserer resiprokerende masse<\/li>\n<li>Utvidet boring for \u00e5 minimere baffeltreff og keyholing<\/li>\n<li>2,5 mm avlastningskutt for \u00e5 forhindre skade p\u00e5 sleiden<\/li>\n<li>Kompatibel med de fleste ettermonterte gjengede l\u00f8p<\/li>\n<li>Passer til GLOCK\u2122 GEN3, GEN4 og GEN5 G17 sleider<\/li>\n<li>Fungerer med de fleste \u00e5pne hylstre<\/li>\n<\/ul>\n<p><strong>Merk:<\/strong> Anbefalt moment for styrestangmutter: 25 lbs\/in. Bruk av +P og +P+ ammunisjon kan f\u00f8re til for tidlig slitasje.<\/p>\n","protected":false},"excerpt":{"rendered":"<p>Revolusjonerende kompensatordesign for redusert rekyl og raskere syklus.<\/p>\n","protected":false},"featured_media":493840,"template":"","meta":{"_acf_changed":false},"product_brand":[14626],"product_cat":[13281,13257],"product_tag":[],"class_list":{"0":"post-532756","1":"product","2":"type-product","3":"status-publish","4":"has-post-thumbnail","6":"product_brand-strike-industries","7":"product_cat-pistol","8":"product_cat-pistoldeler","10":"first","11":"outofstock","12":"taxable","13":"shipping-taxable","14":"purchasable","15":"product-type-simple"},"acf":[],"_links":{"self":[{"href":"https:\/\/nbg.eu\/no\/wp-json\/wp\/v2\/product\/532756","targetHints":{"allow":["GET"]}}],"collection":[{"href":"https:\/\/nbg.eu\/no\/wp-json\/wp\/v2\/product"}],"about":[{"href":"https:\/\/nbg.eu\/no\/wp-json\/wp\/v2\/types\/product"}],"wp:featuredmedia":[{"embeddable":true,"href":"https:\/\/nbg.eu\/no\/wp-json\/wp\/v2\/media\/493840"}],"wp:attachment":[{"href":"https:\/\/nbg.eu\/no\/wp-json\/wp\/v2\/media?parent=532756"}],"wp:term":[{"taxonomy":"product_brand","embeddable":true,"href":"https:\/\/nbg.eu\/no\/wp-json\/wp\/v2\/product_brand?post=532756"},{"taxonomy":"product_cat","embeddable":true,"href":"https:\/\/nbg.eu\/no\/wp-json\/wp\/v2\/product_cat?post=532756"},{"taxonomy":"product_tag","embeddable":true,"href":"https:\/\/nbg.eu\/no\/wp-json\/wp\/v2\/product_tag?post=532756"}],"curies":[{"name":"wp","href":"https:\/\/api.w.org\/{rel}","templated":true}]}}