{"id":534528,"date":"2025-09-04T20:13:16","date_gmt":"2025-09-04T17:13:16","guid":{"rendered":"https:\/\/nbg.eu\/product\/ismi-17-lb-pruzhina-za-glock-17-gl17\/"},"modified":"2026-02-27T15:51:50","modified_gmt":"2026-02-27T12:51:50","slug":"ismi-17-lb-pruzhina-za-glock-17-gl17","status":"publish","type":"product","link":"https:\/\/nbg.eu\/no\/produkt\/ismi-17-lb-pruzhina-za-glock-17-gl17\/","title":{"rendered":"ISMI 17 lb. \u041f\u0440\u0443\u0436\u0438\u043d\u0430 \u0437\u0430 Glock 17 (GL17)"},"content":{"rendered":"<div class=\"product-description\">\n<h2>ISMI 17 lb. Fj\u00e6r for Glock 17 (GL17)<\/h2>\n<p>Denne 17 lb rekylfj\u00e6ren er laget for Glock 17. Produsert i USA etter luftfartsspesifikasjoner, tilbyr denne fj\u00e6ren:<\/p>\n<ul>\n<li>CAD-designet for presis passform<\/li>\n<li>Laget av krom-silisium, rustfritt st\u00e5l eller krom-vanadium<\/li>\n<li>Varmebehandlet, kulepeen og spenningsavlastet for holdbarhet<\/li>\n<li>Flat tr\u00e5ddesign for jevn funksjon<\/li>\n<li>Passer til fabrikkens styrestang (.250&#8243; eller mindre)<\/li>\n<li>Kompatibel med Glock 17, 17L, 20, 21, 22, 24, 31, 35<\/li>\n<\/ul>\n<p>Denne korrosjonsbestandige fj\u00e6ren er konstruert for \u00e5 m\u00f8te kravene til din Glock 17.<\/p>\n<\/div>\n","protected":false},"excerpt":{"rendered":"<p>17 lb rekylfj\u00e6r for Glock 17. Produsert i USA, holdbar, p\u00e5litelig.<\/p>\n","protected":false},"featured_media":495353,"template":"","meta":{"_acf_changed":false},"product_brand":[],"product_cat":[13279,13257],"product_tag":[],"class_list":{"0":"post-534528","1":"product","2":"type-product","3":"status-publish","4":"has-post-thumbnail","6":"product_cat-fjaerer","7":"product_cat-pistoldeler","9":"first","10":"outofstock","11":"taxable","12":"shipping-taxable","13":"purchasable","14":"product-type-simple"},"acf":[],"_links":{"self":[{"href":"https:\/\/nbg.eu\/no\/wp-json\/wp\/v2\/product\/534528","targetHints":{"allow":["GET"]}}],"collection":[{"href":"https:\/\/nbg.eu\/no\/wp-json\/wp\/v2\/product"}],"about":[{"href":"https:\/\/nbg.eu\/no\/wp-json\/wp\/v2\/types\/product"}],"wp:featuredmedia":[{"embeddable":true,"href":"https:\/\/nbg.eu\/no\/wp-json\/wp\/v2\/media\/495353"}],"wp:attachment":[{"href":"https:\/\/nbg.eu\/no\/wp-json\/wp\/v2\/media?parent=534528"}],"wp:term":[{"taxonomy":"product_brand","embeddable":true,"href":"https:\/\/nbg.eu\/no\/wp-json\/wp\/v2\/product_brand?post=534528"},{"taxonomy":"product_cat","embeddable":true,"href":"https:\/\/nbg.eu\/no\/wp-json\/wp\/v2\/product_cat?post=534528"},{"taxonomy":"product_tag","embeddable":true,"href":"https:\/\/nbg.eu\/no\/wp-json\/wp\/v2\/product_tag?post=534528"}],"curies":[{"name":"wp","href":"https:\/\/api.w.org\/{rel}","templated":true}]}}