{"id":535200,"date":"2025-09-04T23:53:22","date_gmt":"2025-09-04T20:53:22","guid":{"rendered":"https:\/\/nbg.eu\/product\/law-tactical-llc-armorers-flange-tool-2019aft\/"},"modified":"2026-01-21T11:58:40","modified_gmt":"2026-01-21T08:58:40","slug":"law-tactical-llc-armorers-flange-tool-2019aft","status":"publish","type":"product","link":"https:\/\/nbg.eu\/no\/produkt\/law-tactical-llc-armorers-flange-tool-2019aft\/","title":{"rendered":"LAW TACTICAL LLC Armorer&#8217;s Flange Tool (2019AFT)"},"content":{"rendered":"<div class=\"product-description\">\n<h2>LAW TACTICAL LLC Armorer&#8217;s Flange-verkt\u00f8y (2019AFT)<\/h2>\n<p>Et verkt\u00f8y for vedlikehold av Law Tactical Folding Stock Adapter. Dette gjenbrukbare verkt\u00f8yet for installasjon og fjerning av flens er laget av varmebehandlet karbonst\u00e5l.<\/p>\n<ul>\n<li>Maskinert fra en solid stang av varmebehandlet karbonst\u00e5l<\/li>\n<li>Designet for lang levetid<\/li>\n<li>Har 3\/8&#8243; firkantdrev for momentn\u00f8kkelkompatibilitet<\/li>\n<li>Individuelt inspisert for kvalitetssikring<\/li>\n<li>Svart Melonite-belagt for beskyttelse<\/li>\n<\/ul>\n<p>Et verkt\u00f8y for v\u00e5pensmeder, egnet for b\u00e5de entusiaster og fagfolk.<\/p>\n<\/div>\n","protected":false},"excerpt":{"rendered":"<p>Slitesterk st\u00e5lverkt\u00f8y for Law Tactical Folding Stock Adapter-flenser.<\/p>\n","protected":false},"featured_media":495828,"template":"","meta":{"_acf_changed":false},"product_brand":[14384],"product_cat":[13327],"product_tag":[],"class_list":{"0":"post-535200","1":"product","2":"type-product","3":"status-publish","4":"has-post-thumbnail","6":"product_brand-law-tactical-llc","7":"product_cat-ukategorisert","9":"first","10":"outofstock","11":"taxable","12":"shipping-taxable","13":"purchasable","14":"product-type-simple"},"acf":[],"_links":{"self":[{"href":"https:\/\/nbg.eu\/no\/wp-json\/wp\/v2\/product\/535200","targetHints":{"allow":["GET"]}}],"collection":[{"href":"https:\/\/nbg.eu\/no\/wp-json\/wp\/v2\/product"}],"about":[{"href":"https:\/\/nbg.eu\/no\/wp-json\/wp\/v2\/types\/product"}],"wp:featuredmedia":[{"embeddable":true,"href":"https:\/\/nbg.eu\/no\/wp-json\/wp\/v2\/media\/495828"}],"wp:attachment":[{"href":"https:\/\/nbg.eu\/no\/wp-json\/wp\/v2\/media?parent=535200"}],"wp:term":[{"taxonomy":"product_brand","embeddable":true,"href":"https:\/\/nbg.eu\/no\/wp-json\/wp\/v2\/product_brand?post=535200"},{"taxonomy":"product_cat","embeddable":true,"href":"https:\/\/nbg.eu\/no\/wp-json\/wp\/v2\/product_cat?post=535200"},{"taxonomy":"product_tag","embeddable":true,"href":"https:\/\/nbg.eu\/no\/wp-json\/wp\/v2\/product_tag?post=535200"}],"curies":[{"name":"wp","href":"https:\/\/api.w.org\/{rel}","templated":true}]}}