{"id":535522,"date":"2025-09-05T00:00:24","date_gmt":"2025-09-04T21:00:24","guid":{"rendered":"https:\/\/nbg.eu\/product\/rh-504-2-screws-iwb\/"},"modified":"2026-01-21T11:34:53","modified_gmt":"2026-01-21T08:34:53","slug":"rh-504-2-screws-iwb","status":"publish","type":"product","link":"https:\/\/nbg.eu\/no\/produkt\/rh-504-2-screws-iwb\/","title":{"rendered":"RH 504-2 Screws IWB"},"content":{"rendered":"<h1>RH 504-2 Skruer IWB &#8211; Erstatningssett for IWB-hylstre<\/h1>\n<p>RH 504-2 Skruer IWB erstatningssett er designet for v\u00e5re Black Trident IWB-hylstre, for \u00e5 sikre passform og funksjon.<\/p>\n<h2>Settets innhold:<\/h2>\n<ul>\n<li>4 x 9mm skruer med hylser og avstandsstykker<\/li>\n<li>4 x 3mm avstandsstykker<\/li>\n<li>4 x 6mm skruer<\/li>\n<li>4 x 4,7mm hylser<\/li>\n<\/ul>\n<p>Kompatibel med Viking, Quasimodo og Guardian hylstermodeller.<\/p>\n<p><strong>Tips:<\/strong> For \u00f8kt sikkerhet anbefaler vi \u00e5 bruke skruelim (selges separat) for \u00e5 holde utstyret p\u00e5 plass.<\/p>\n<p>Bestill ditt RH 504-2 Skruer IWB-sett for \u00e5 holde hylsteret i god stand.<\/p>\n","protected":false},"excerpt":{"rendered":"<p>Erstatningsskruesett for Black Trident IWB-hylstre. 16 deler inkludert.<\/p>\n","protected":false},"featured_media":0,"template":"","meta":{"_acf_changed":false},"product_brand":[11647],"product_cat":[13292],"product_tag":[],"class_list":{"0":"post-535522","1":"product","2":"type-product","3":"status-publish","5":"product_brand-rh-holsters","6":"product_cat-holstertilbehor","8":"first","9":"instock","10":"taxable","11":"shipping-taxable","12":"purchasable","13":"product-type-simple"},"acf":[],"_links":{"self":[{"href":"https:\/\/nbg.eu\/no\/wp-json\/wp\/v2\/product\/535522","targetHints":{"allow":["GET"]}}],"collection":[{"href":"https:\/\/nbg.eu\/no\/wp-json\/wp\/v2\/product"}],"about":[{"href":"https:\/\/nbg.eu\/no\/wp-json\/wp\/v2\/types\/product"}],"wp:attachment":[{"href":"https:\/\/nbg.eu\/no\/wp-json\/wp\/v2\/media?parent=535522"}],"wp:term":[{"taxonomy":"product_brand","embeddable":true,"href":"https:\/\/nbg.eu\/no\/wp-json\/wp\/v2\/product_brand?post=535522"},{"taxonomy":"product_cat","embeddable":true,"href":"https:\/\/nbg.eu\/no\/wp-json\/wp\/v2\/product_cat?post=535522"},{"taxonomy":"product_tag","embeddable":true,"href":"https:\/\/nbg.eu\/no\/wp-json\/wp\/v2\/product_tag?post=535522"}],"curies":[{"name":"wp","href":"https:\/\/api.w.org\/{rel}","templated":true}]}}