{"id":536062,"date":"2025-09-05T00:03:25","date_gmt":"2025-09-04T21:03:25","guid":{"rendered":"https:\/\/nbg.eu\/product\/utg-pro-monolithic-m-lok-handguard-for-mp5-extended-length\/"},"modified":"2026-02-27T15:51:13","modified_gmt":"2026-02-27T12:51:13","slug":"utg-pro-monolithic-m-lok-handguard-for-mp5-extended-length","status":"publish","type":"product","link":"https:\/\/nbg.eu\/no\/produkt\/utg-pro-monolithic-m-lok-handguard-for-mp5-extended-length\/","title":{"rendered":"UTG PRO\u00ae Monolithic M-LOK\u00ae Handguard, for MP5\u00ae, Extended Length"},"content":{"rendered":"<div class=\"product-description\">\n<h2>UTG PRO\u00ae Monolittisk M-LOK\u00ae H\u00e5ndvern for MP5\u00ae, Forlenget Lengde<\/h2>\n<p>UTG PRO\u00ae Monolittisk M-LOK\u00ae H\u00e5ndvern for MP5\u00ae har f\u00f8lgende egenskaper:<\/p>\n<ul>\n<li>Aluminiumskonstruksjon<\/li>\n<li>M-LOK\u00ae kompatible spor for tilbeh\u00f8rsmontering<\/li>\n<li>Forlenget lengde<\/li>\n<li>Monolittisk design<\/li>\n<li>Installasjon med inkludert utstyr<\/li>\n<li>Varmeledende egenskaper<\/li>\n<\/ul>\n<p>Dette h\u00e5ndvernet er egnet for taktiske entusiaster og konkurranseskyttere. Det kan forbedre n\u00f8yaktighet og h\u00e5ndtering av MP5\u00ae.<\/p>\n<\/div>\n","protected":false},"excerpt":{"rendered":"<p>UTG PRO\u00ae Forlenget M-LOK\u00ae H\u00e5ndvern for MP5\u00ae: Slitesterk, allsidig, presisjonsutviklet.<\/p>\n","protected":false},"featured_media":745417,"template":"","meta":{"_acf_changed":false},"product_brand":[14412],"product_cat":[14805,13311,13272,13325],"product_tag":[],"class_list":{"0":"post-536062","1":"product","2":"type-product","3":"status-publish","4":"has-post-thumbnail","6":"product_brand-leapers-inc","7":"product_cat-handbeskyttere","8":"product_cat-rifle","9":"product_cat-rifle-tuning","10":"product_cat-skinner","12":"first","13":"instock","14":"taxable","15":"shipping-taxable","16":"purchasable","17":"product-type-simple"},"acf":[],"_links":{"self":[{"href":"https:\/\/nbg.eu\/no\/wp-json\/wp\/v2\/product\/536062","targetHints":{"allow":["GET"]}}],"collection":[{"href":"https:\/\/nbg.eu\/no\/wp-json\/wp\/v2\/product"}],"about":[{"href":"https:\/\/nbg.eu\/no\/wp-json\/wp\/v2\/types\/product"}],"wp:featuredmedia":[{"embeddable":true,"href":"https:\/\/nbg.eu\/no\/wp-json\/wp\/v2\/media\/745417"}],"wp:attachment":[{"href":"https:\/\/nbg.eu\/no\/wp-json\/wp\/v2\/media?parent=536062"}],"wp:term":[{"taxonomy":"product_brand","embeddable":true,"href":"https:\/\/nbg.eu\/no\/wp-json\/wp\/v2\/product_brand?post=536062"},{"taxonomy":"product_cat","embeddable":true,"href":"https:\/\/nbg.eu\/no\/wp-json\/wp\/v2\/product_cat?post=536062"},{"taxonomy":"product_tag","embeddable":true,"href":"https:\/\/nbg.eu\/no\/wp-json\/wp\/v2\/product_tag?post=536062"}],"curies":[{"name":"wp","href":"https:\/\/api.w.org\/{rel}","templated":true}]}}