{"id":536277,"date":"2025-09-05T00:15:54","date_gmt":"2025-09-04T21:15:54","guid":{"rendered":"https:\/\/nbg.eu\/product\/dillon-aluminum-roller-handle\/"},"modified":"2026-01-21T11:59:38","modified_gmt":"2026-01-21T08:59:38","slug":"dillon-aluminum-roller-handle","status":"publish","type":"product","link":"https:\/\/nbg.eu\/no\/produkt\/dillon-aluminum-roller-handle\/","title":{"rendered":"Dillon Aluminum Roller Handle"},"content":{"rendered":"<div class=\"product-description\">\n<h2>Dillon Aluminium Rulleh\u00e5ndtak<\/h2>\n<p>Dette lette aluminium rulleh\u00e5ndtaket er designet for \u00e5 forbedre komfort og effektivitet under lange omladings\u00f8kter.<\/p>\n<ul>\n<li>Kompatibel med RL550, XL750 og 650 ladere<\/li>\n<li>Reduserer operat\u00f8rens tretthet<\/li>\n<li>Forbedrer tennhette-plassering<\/li>\n<li>Sterk og holdbar aluminiumskonstruksjon<\/li>\n<li>Tilgjengelig i Dillon bl\u00e5<\/li>\n<\/ul>\n<p>Dette tilbeh\u00f8ret bidrar til en mer komfortabel omladingsprosess.<\/p>\n<\/div>\n","protected":false},"excerpt":{"rendered":"<p>Ergonomisk aluminiumsh\u00e5ndtak for jevnere omlading. Passer til RL550\/XL750\/650.<\/p>\n","protected":false},"featured_media":496394,"template":"","meta":{"_acf_changed":false},"product_brand":[14337],"product_cat":[13297,13286],"product_tag":[],"class_list":{"0":"post-536277","1":"product","2":"type-product","3":"status-publish","4":"has-post-thumbnail","6":"product_brand-dillon-precision","7":"product_cat-omlading","8":"product_cat-omlastingstilbehor","10":"first","11":"outofstock","12":"taxable","13":"shipping-taxable","14":"purchasable","15":"product-type-simple"},"acf":[],"_links":{"self":[{"href":"https:\/\/nbg.eu\/no\/wp-json\/wp\/v2\/product\/536277","targetHints":{"allow":["GET"]}}],"collection":[{"href":"https:\/\/nbg.eu\/no\/wp-json\/wp\/v2\/product"}],"about":[{"href":"https:\/\/nbg.eu\/no\/wp-json\/wp\/v2\/types\/product"}],"wp:featuredmedia":[{"embeddable":true,"href":"https:\/\/nbg.eu\/no\/wp-json\/wp\/v2\/media\/496394"}],"wp:attachment":[{"href":"https:\/\/nbg.eu\/no\/wp-json\/wp\/v2\/media?parent=536277"}],"wp:term":[{"taxonomy":"product_brand","embeddable":true,"href":"https:\/\/nbg.eu\/no\/wp-json\/wp\/v2\/product_brand?post=536277"},{"taxonomy":"product_cat","embeddable":true,"href":"https:\/\/nbg.eu\/no\/wp-json\/wp\/v2\/product_cat?post=536277"},{"taxonomy":"product_tag","embeddable":true,"href":"https:\/\/nbg.eu\/no\/wp-json\/wp\/v2\/product_tag?post=536277"}],"curies":[{"name":"wp","href":"https:\/\/api.w.org\/{rel}","templated":true}]}}