{"id":538448,"date":"2025-09-05T17:36:50","date_gmt":"2025-09-05T14:36:50","guid":{"rendered":"https:\/\/nbg.eu\/product\/ar-15-m16-quick-detach-receiver-end-plate\/"},"modified":"2026-01-21T12:35:08","modified_gmt":"2026-01-21T09:35:08","slug":"ar-15-m16-quick-detach-receiver-end-plate","status":"publish","type":"product","link":"https:\/\/nbg.eu\/no\/produkt\/ar-15-m16-quick-detach-receiver-end-plate\/","title":{"rendered":"AR-15\/M16 QUICK DETACH RECEIVER END PLATE"},"content":{"rendered":"<div class=\"product-description\">\n<h2>AR-15\/M16 BCMGUNFIGHTER QD ENDPLATE<\/h2>\n<p>BCMGUNFIGHTER Quick Detach (QD) Endplate er et tilbeh\u00f8r for AR-15 eller M16. Dette produktet er laget for \u00e5 gi allsidighet og holdbarhet til v\u00e5penet ditt.<\/p>\n<ul>\n<li>Maskinert av st\u00e5l for langvarig bruk<\/li>\n<li>Har et innebygd Quick Disconnect (QD) svivelpunkt<\/li>\n<li>Kompatibel med AR-15 og AR-308 plattformer<\/li>\n<li>Tilrettelagt for staking for sikker installasjon<\/li>\n<li>Produsert i USA<\/li>\n<li>Tilgjengelig i svart finish<\/li>\n<\/ul>\n<p>BCMGUNFIGHTER QD Endplate muliggj\u00f8r rask festing og l\u00f8sning av remmer, noe som forbedrer h\u00e5ndteringen og allsidigheten til riflen i ulike situasjoner. Dette er en komponent for AR-15 eller M16.<\/p>\n<\/div>\n","protected":false},"excerpt":{"rendered":"<p>St\u00e5l QD-endeplatte for AR-15\/M16. Produsert i USA, stakbar design.<\/p>\n","protected":false},"featured_media":497163,"template":"","meta":{"_acf_changed":false},"product_brand":[],"product_cat":[13272],"product_tag":[],"class_list":{"0":"post-538448","1":"product","2":"type-product","3":"status-publish","4":"has-post-thumbnail","6":"product_cat-rifle-tuning","8":"first","9":"instock","10":"taxable","11":"shipping-taxable","12":"purchasable","13":"product-type-simple"},"acf":[],"_links":{"self":[{"href":"https:\/\/nbg.eu\/no\/wp-json\/wp\/v2\/product\/538448","targetHints":{"allow":["GET"]}}],"collection":[{"href":"https:\/\/nbg.eu\/no\/wp-json\/wp\/v2\/product"}],"about":[{"href":"https:\/\/nbg.eu\/no\/wp-json\/wp\/v2\/types\/product"}],"wp:featuredmedia":[{"embeddable":true,"href":"https:\/\/nbg.eu\/no\/wp-json\/wp\/v2\/media\/497163"}],"wp:attachment":[{"href":"https:\/\/nbg.eu\/no\/wp-json\/wp\/v2\/media?parent=538448"}],"wp:term":[{"taxonomy":"product_brand","embeddable":true,"href":"https:\/\/nbg.eu\/no\/wp-json\/wp\/v2\/product_brand?post=538448"},{"taxonomy":"product_cat","embeddable":true,"href":"https:\/\/nbg.eu\/no\/wp-json\/wp\/v2\/product_cat?post=538448"},{"taxonomy":"product_tag","embeddable":true,"href":"https:\/\/nbg.eu\/no\/wp-json\/wp\/v2\/product_tag?post=538448"}],"curies":[{"name":"wp","href":"https:\/\/api.w.org\/{rel}","templated":true}]}}