{"id":539785,"date":"2025-09-05T17:40:49","date_gmt":"2025-09-05T14:40:49","guid":{"rendered":"https:\/\/nbg.eu\/product\/scope-mount-30mm-vortex-pro-series-low-pr30-l\/"},"modified":"2026-01-21T12:26:40","modified_gmt":"2026-01-21T09:26:40","slug":"scope-mount-30mm-vortex-pro-series-low-pr30-l","status":"publish","type":"product","link":"https:\/\/nbg.eu\/no\/produkt\/scope-mount-30mm-vortex-pro-series-low-pr30-l\/","title":{"rendered":"Scope mount 30mm Vortex Pro Series LOW PR30-l"},"content":{"rendered":"<h1>Vortex Pro 30mm Lav (0.90&#8243;) Kikkertsikteringer PR30-L<\/h1>\n<p>Vortex Pro Series 30mm Lav H\u00f8yde Ringer er laget for montering av kikkertsikter. De er presisjonsprodusert av 6061 aluminium av flykvalitet, og tilbyr p\u00e5litelighet og styrke.<\/p>\n<h2>Hovedegenskaper:<\/h2>\n<ul>\n<li>Matt svart anodisert overflate<\/li>\n<li>Lasergravert momentspesifikasjoner<\/li>\n<li>#8 festemidler for sikker montering<\/li>\n<li>Integrert rekylstopper for \u00f8kt stabilitet<\/li>\n<li>Kompatibel med Weaver eller Picatinny-skinner<\/li>\n<li>Lett design p\u00e5 1,58 oz<\/li>\n<\/ul>\n<p>Vortex Pro PR30-L ringene er egnet for jegere som \u00f8nsker kvalitet. De s\u00f8rger for at kikkertsiktet forblir p\u00e5 plass under bruk.<\/p>\n","protected":false},"excerpt":{"rendered":"<p>Slitesterke 30mm lave kikkertringer for Weaver\/Picatinny-skinner. Presisjonsmaskinert.<\/p>\n","protected":false},"featured_media":497577,"template":"","meta":{"_acf_changed":false},"product_brand":[11971],"product_cat":[13262,13287],"product_tag":[],"class_list":{"0":"post-539785","1":"product","2":"type-product","3":"status-publish","4":"has-post-thumbnail","6":"product_brand-vortex","7":"product_cat-sikte","8":"product_cat-siktetilbehor","10":"first","11":"outofstock","12":"taxable","13":"shipping-taxable","14":"purchasable","15":"product-type-simple"},"acf":[],"_links":{"self":[{"href":"https:\/\/nbg.eu\/no\/wp-json\/wp\/v2\/product\/539785","targetHints":{"allow":["GET"]}}],"collection":[{"href":"https:\/\/nbg.eu\/no\/wp-json\/wp\/v2\/product"}],"about":[{"href":"https:\/\/nbg.eu\/no\/wp-json\/wp\/v2\/types\/product"}],"wp:featuredmedia":[{"embeddable":true,"href":"https:\/\/nbg.eu\/no\/wp-json\/wp\/v2\/media\/497577"}],"wp:attachment":[{"href":"https:\/\/nbg.eu\/no\/wp-json\/wp\/v2\/media?parent=539785"}],"wp:term":[{"taxonomy":"product_brand","embeddable":true,"href":"https:\/\/nbg.eu\/no\/wp-json\/wp\/v2\/product_brand?post=539785"},{"taxonomy":"product_cat","embeddable":true,"href":"https:\/\/nbg.eu\/no\/wp-json\/wp\/v2\/product_cat?post=539785"},{"taxonomy":"product_tag","embeddable":true,"href":"https:\/\/nbg.eu\/no\/wp-json\/wp\/v2\/product_tag?post=539785"}],"curies":[{"name":"wp","href":"https:\/\/api.w.org\/{rel}","templated":true}]}}