{"id":539897,"date":"2025-09-05T17:40:49","date_gmt":"2025-09-05T14:40:49","guid":{"rendered":"https:\/\/nbg.eu\/product\/badger-ordnance-c1-coaxial-laser-integration-fixture-9-slot-rail-black-700-20b\/"},"modified":"2026-01-21T12:07:04","modified_gmt":"2026-01-21T09:07:04","slug":"badger-ordnance-c1-coaxial-laser-integration-fixture-9-slot-rail-black-700-20b","status":"publish","type":"product","link":"https:\/\/nbg.eu\/no\/produkt\/badger-ordnance-c1-coaxial-laser-integration-fixture-9-slot-rail-black-700-20b\/","title":{"rendered":"BADGER ORDNANCE C1 COAXIAL LASER INTEGRATION FIXTURE 9 SLOT RAIL BLACK (700-20B)"},"content":{"rendered":"<div class=\"product-description\">\n<h2>BADGER ORDNANCE C1 KOAKSIAL LASER INTEGRASJONSFESTE 9 SPORS SKINNE SVART (700-20B)<\/h2>\n<p>Badger Ordnance 9-spors CLIF (Koaksial Laser Integrasjonsfeste). Dette tilbeh\u00f8ret er designet for bruk med Badger&#8217;s Condition One-fester, og muliggj\u00f8r integrering av v\u00e5penmonterte laseravstandsm\u00e5lere.<\/p>\n<ul>\n<li>Kompatibel med ARC for montering av lasere og avstandsm\u00e5lere over optikken<\/li>\n<li>Festes uten \u00e5 fjerne C1 tilbeh\u00f8rsringdeksel, bevarer prim\u00e6roptikkens opprinnelige nullstilling<\/li>\n<li>9-spors skinnedesign for ulike monteringsmuligheter<\/li>\n<li>Svart finish<\/li>\n<li>Delenummer: 700-20B<\/li>\n<\/ul>\n<p>P\u00e5 lager og klar for forsendelse.<\/p>\n<\/div>\n","protected":false},"excerpt":{"rendered":"<p>BADGER ORDNANCE C1 CLIF: 9-spors skinne for laserintegrasjon p\u00e5 optikk.<\/p>\n","protected":false},"featured_media":497600,"template":"","meta":{"_acf_changed":false},"product_brand":[11093],"product_cat":[14909,13262,13287],"product_tag":[],"class_list":{"0":"post-539897","1":"product","2":"type-product","3":"status-publish","4":"has-post-thumbnail","6":"product_brand-badger-ordnance","7":"product_cat-mounts-no","8":"product_cat-sikte","9":"product_cat-siktetilbehor","11":"first","12":"instock","13":"taxable","14":"shipping-taxable","15":"purchasable","16":"product-type-simple"},"acf":[],"_links":{"self":[{"href":"https:\/\/nbg.eu\/no\/wp-json\/wp\/v2\/product\/539897","targetHints":{"allow":["GET"]}}],"collection":[{"href":"https:\/\/nbg.eu\/no\/wp-json\/wp\/v2\/product"}],"about":[{"href":"https:\/\/nbg.eu\/no\/wp-json\/wp\/v2\/types\/product"}],"wp:featuredmedia":[{"embeddable":true,"href":"https:\/\/nbg.eu\/no\/wp-json\/wp\/v2\/media\/497600"}],"wp:attachment":[{"href":"https:\/\/nbg.eu\/no\/wp-json\/wp\/v2\/media?parent=539897"}],"wp:term":[{"taxonomy":"product_brand","embeddable":true,"href":"https:\/\/nbg.eu\/no\/wp-json\/wp\/v2\/product_brand?post=539897"},{"taxonomy":"product_cat","embeddable":true,"href":"https:\/\/nbg.eu\/no\/wp-json\/wp\/v2\/product_cat?post=539897"},{"taxonomy":"product_tag","embeddable":true,"href":"https:\/\/nbg.eu\/no\/wp-json\/wp\/v2\/product_tag?post=539897"}],"curies":[{"name":"wp","href":"https:\/\/api.w.org\/{rel}","templated":true}]}}