{"id":540281,"date":"2025-09-05T17:42:22","date_gmt":"2025-09-05T14:42:22","guid":{"rendered":"https:\/\/nbg.eu\/product\/ameriglo-range-fo-sight-set-for-glock\/"},"modified":"2026-01-21T12:29:16","modified_gmt":"2026-01-21T09:29:16","slug":"ameriglo-range-fo-sight-set-for-glock","status":"publish","type":"product","link":"https:\/\/nbg.eu\/no\/produkt\/ameriglo-range-fo-sight-set-for-glock\/","title":{"rendered":"AMERIGLO RANGE FO SIGHT SET FOR GLOCK"},"content":{"rendered":"<div class=\"product-description\">\n<h2>AMERIGLO SIKTESETT FOR GLOCK<\/h2>\n<p>Oppgrader din Glock G5 9mm\/.40 Kaliber med AMERIGLO Siktesett med Riflet Overflate. Dette siktesettet er designet for \u00e5 forbedre skytepresisjon og m\u00e5loppfatning.<\/p>\n<ul>\n<li>Kompatibel med Glock 19 Gen 5 og Glock 23 Gen 5<\/li>\n<li>Konstruert i st\u00e5l<\/li>\n<li>Svart overflate<\/li>\n<li>Firkantet hakesiktestil<\/li>\n<li>Riflet overflate reduserer gjenskinn<\/li>\n<li>Vekt: 0,313 lbs<\/li>\n<\/ul>\n<p>Disse siktene gir p\u00e5litelighet og ytelse for skytebaneskyting og taktiske situasjoner. AMERIGLO Siktesett er enkelt \u00e5 installere og laget for \u00e5 vare.<\/p>\n<\/div>\n","protected":false},"excerpt":{"rendered":"<p>Svart sagtannet siktemiddelsett for Glock G5 9mm\/.40, konstruert i st\u00e5l.<\/p>\n","protected":false},"featured_media":497809,"template":"","meta":{"_acf_changed":false},"product_brand":[],"product_cat":[13281,13257,13262,13287],"product_tag":[],"class_list":{"0":"post-540281","1":"product","2":"type-product","3":"status-publish","4":"has-post-thumbnail","6":"product_cat-pistol","7":"product_cat-pistoldeler","8":"product_cat-sikte","9":"product_cat-siktetilbehor","11":"first","12":"outofstock","13":"taxable","14":"shipping-taxable","15":"purchasable","16":"product-type-simple"},"acf":[],"_links":{"self":[{"href":"https:\/\/nbg.eu\/no\/wp-json\/wp\/v2\/product\/540281","targetHints":{"allow":["GET"]}}],"collection":[{"href":"https:\/\/nbg.eu\/no\/wp-json\/wp\/v2\/product"}],"about":[{"href":"https:\/\/nbg.eu\/no\/wp-json\/wp\/v2\/types\/product"}],"wp:featuredmedia":[{"embeddable":true,"href":"https:\/\/nbg.eu\/no\/wp-json\/wp\/v2\/media\/497809"}],"wp:attachment":[{"href":"https:\/\/nbg.eu\/no\/wp-json\/wp\/v2\/media?parent=540281"}],"wp:term":[{"taxonomy":"product_brand","embeddable":true,"href":"https:\/\/nbg.eu\/no\/wp-json\/wp\/v2\/product_brand?post=540281"},{"taxonomy":"product_cat","embeddable":true,"href":"https:\/\/nbg.eu\/no\/wp-json\/wp\/v2\/product_cat?post=540281"},{"taxonomy":"product_tag","embeddable":true,"href":"https:\/\/nbg.eu\/no\/wp-json\/wp\/v2\/product_tag?post=540281"}],"curies":[{"name":"wp","href":"https:\/\/api.w.org\/{rel}","templated":true}]}}