{"id":575529,"date":"2025-10-10T12:34:58","date_gmt":"2025-10-10T09:34:58","guid":{"rendered":"https:\/\/nbg.eu\/product\/grips-kmr-l-dotmatrix-ergo-brass\/"},"modified":"2026-04-16T18:13:06","modified_gmt":"2026-04-16T15:13:06","slug":"grep-kmr-l-prikkmonster-ergo-messing","status":"publish","type":"product","link":"https:\/\/nbg.eu\/no\/produkt\/grep-kmr-l-prikkmonster-ergo-messing\/","title":{"rendered":"KMR Grep L DotMatrix Ergo Messing"},"content":{"rendered":"<h2>GRIPS KMR L DOTMATRIX ERGO MESSING<\/h2>\n<p>Messinggrep fra KMR Precision Arms gir skytev\u00e5penet ditt et moderne, distinktivt utseende samtidig som de legger til en balansert vekt for bedre kontroll. Den ergonomisk formede DotMatrix Ergo-teksturen gir et trygt og behagelig grep, og forbedrer stabiliteten selv ved langvarig bruk eller i krevende forhold. Med presis maskinering, h\u00f8y holdbarhet og et raffinert design er disse grepene et utmerket valg for skytere som s\u00f8ker en blanding av funksjonalitet, p\u00e5litelighet og stil.<\/p>\n<p>Merke: KMR Precision Arms<br \/>\nFor v\u00e5pen: KMR<br \/>\nKompatibilitet: KMR L-02 UMBRA FRA 2024<br \/>\nGrepslengde: Fullst\u00f8rrelse &#8211; ingen magnasjoner<br \/>\nTekstur: Dotmatrix Ergo<br \/>\nMateriale: Messing<\/p>\n","protected":false},"excerpt":{"rendered":"<p>Messing Grepgrep KMR \u2013 DotMatrix Ergo M\u00f8nster. Ergonomisk tekstur for sikker og komfortabel h\u00e5ndtering, balansert vekt for bedre kontroll.<\/p>\n","protected":false},"featured_media":575559,"template":"","meta":{"_acf_changed":false},"product_brand":[11504],"product_cat":[13261,14868],"product_tag":[],"class_list":{"0":"post-575529","1":"product","2":"type-product","3":"status-publish","4":"has-post-thumbnail","6":"product_brand-kmr-precision","7":"product_cat-kmr-deler","8":"product_cat-pistol-grips-no","10":"first","11":"instock","12":"taxable","13":"shipping-taxable","14":"purchasable","15":"product-type-simple"},"acf":[],"_links":{"self":[{"href":"https:\/\/nbg.eu\/no\/wp-json\/wp\/v2\/product\/575529","targetHints":{"allow":["GET"]}}],"collection":[{"href":"https:\/\/nbg.eu\/no\/wp-json\/wp\/v2\/product"}],"about":[{"href":"https:\/\/nbg.eu\/no\/wp-json\/wp\/v2\/types\/product"}],"wp:featuredmedia":[{"embeddable":true,"href":"https:\/\/nbg.eu\/no\/wp-json\/wp\/v2\/media\/575559"}],"wp:attachment":[{"href":"https:\/\/nbg.eu\/no\/wp-json\/wp\/v2\/media?parent=575529"}],"wp:term":[{"taxonomy":"product_brand","embeddable":true,"href":"https:\/\/nbg.eu\/no\/wp-json\/wp\/v2\/product_brand?post=575529"},{"taxonomy":"product_cat","embeddable":true,"href":"https:\/\/nbg.eu\/no\/wp-json\/wp\/v2\/product_cat?post=575529"},{"taxonomy":"product_tag","embeddable":true,"href":"https:\/\/nbg.eu\/no\/wp-json\/wp\/v2\/product_tag?post=575529"}],"curies":[{"name":"wp","href":"https:\/\/api.w.org\/{rel}","templated":true}]}}