{"id":575937,"date":"2025-10-10T12:35:14","date_gmt":"2025-10-10T09:35:14","guid":{"rendered":"https:\/\/nbg.eu\/product\/safety-set-kmr-lw-rf\/"},"modified":"2026-04-16T18:13:00","modified_gmt":"2026-04-16T15:13:00","slug":"safety-set-kmr-lw-rf","status":"publish","type":"product","link":"https:\/\/nbg.eu\/no\/produkt\/safety-set-kmr-lw-rf\/","title":{"rendered":"KMR Sikringssett LW-RF"},"content":{"rendered":"<h2>SIKKERHETSSETT KMR LW-RF<\/h2>\n<p><strong>Referanse:<\/strong> 0671-03002-0000<\/p>\n<p>\u00d8k sikkerheten p\u00e5 ditt KMR-v\u00e5pen med v\u00e5rt omfattende SIKKERHETSSETT KMR LW-RF. Dette n\u00f8dvendige settet er utviklet for \u00e5 sikre optimal beskyttelse og funksjonalitet for et bredt utvalg av KMR-modeller, inkludert:<\/p>\n<ul>\n<li>KMR L-02 ORCA (2024 og nyere)<\/li>\n<li>KMR L-02 ORCA (2023 og eldre)<\/li>\n<li>KMR L-02 SPECTRA (2023 og eldre)<\/li>\n<li>KMR W-02 CUDA (2024 og nyere)<\/li>\n<li>KMR W-02 CUDA (2023 og eldre)<\/li>\n<li>KMR W-02 UMBRA<\/li>\n<li>KMR W-02 UMBRA (OR)<\/li>\n<\/ul>\n<p>V\u00e5rt SIKKERHETSSETT KMR LW-RF er konstruert for \u00e5 m\u00f8te de h\u00f8yeste standardene for p\u00e5litelighet og ytelse. Uavhengig av om du bruker den nyeste ORCA-modellen eller den klassiske UMBRA, s\u00f8rger dette allsidige sikkerhetssettet for at ditt v\u00e5pen fungerer sikkert og effektivt. Oppgrader ditt KMR-v\u00e5pen i dag med dette uunnv\u00e6rlige sikkerhetsekstrautstyret.<\/p>\n","protected":false},"excerpt":{"rendered":"<p>Helt grunnleggende sikkerhetssett for KMR-v\u00e5pen, kompatibel med flere modeller<\/p>\n","protected":false},"featured_media":575988,"template":"","meta":{"_acf_changed":false},"product_brand":[],"product_cat":[13261],"product_tag":[],"class_list":{"0":"post-575937","1":"product","2":"type-product","3":"status-publish","4":"has-post-thumbnail","6":"product_cat-kmr-deler","8":"first","9":"outofstock","10":"taxable","11":"shipping-taxable","12":"purchasable","13":"product-type-simple"},"acf":[],"_links":{"self":[{"href":"https:\/\/nbg.eu\/no\/wp-json\/wp\/v2\/product\/575937","targetHints":{"allow":["GET"]}}],"collection":[{"href":"https:\/\/nbg.eu\/no\/wp-json\/wp\/v2\/product"}],"about":[{"href":"https:\/\/nbg.eu\/no\/wp-json\/wp\/v2\/types\/product"}],"wp:featuredmedia":[{"embeddable":true,"href":"https:\/\/nbg.eu\/no\/wp-json\/wp\/v2\/media\/575988"}],"wp:attachment":[{"href":"https:\/\/nbg.eu\/no\/wp-json\/wp\/v2\/media?parent=575937"}],"wp:term":[{"taxonomy":"product_brand","embeddable":true,"href":"https:\/\/nbg.eu\/no\/wp-json\/wp\/v2\/product_brand?post=575937"},{"taxonomy":"product_cat","embeddable":true,"href":"https:\/\/nbg.eu\/no\/wp-json\/wp\/v2\/product_cat?post=575937"},{"taxonomy":"product_tag","embeddable":true,"href":"https:\/\/nbg.eu\/no\/wp-json\/wp\/v2\/product_tag?post=575937"}],"curies":[{"name":"wp","href":"https:\/\/api.w.org\/{rel}","templated":true}]}}