{"id":582864,"date":"2025-10-10T12:39:54","date_gmt":"2025-10-10T09:39:54","guid":{"rendered":"https:\/\/nbg.eu\/product\/barwarus-muzzle-break-bulldog-m24x1-5rh-black\/"},"modified":"2026-01-21T11:34:38","modified_gmt":"2026-01-21T08:34:38","slug":"barwarus-muzzle-break-bulldog-m24x1-5rh-black","status":"publish","type":"product","link":"https:\/\/nbg.eu\/no\/produkt\/barwarus-muzzle-break-bulldog-m24x1-5rh-black\/","title":{"rendered":"BARWARUS MUZZLE BREAK BULLDOG M24X1.5RH BLACK"},"content":{"rendered":"<div class=\"product-description\">\n<h1>BARWARUS Bulldog 021 St\u00e5l M24x1.5 RH Russisk Kompensator<\/h1>\n<p>Dette er versjon II av BARWARUS Bulldog munningsbrems, designet for 5.45 og 7.62 kaliber rifler. Denne kompensatoren er laget av st\u00e5l og har et svart beskyttende belegg.<\/p>\n<h2>Hovedfunksjoner:<\/h2>\n<ul>\n<li>M24x1.5 RH (h\u00f8yregjenge) ekstern gjengekompatibilitet<\/li>\n<li>Utviklet for \u00e5 redusere rekyl<\/li>\n<li>Konstruert av st\u00e5l<\/li>\n<li>Beskyttende svart belegg<\/li>\n<\/ul>\n<p>BARWARUS Bulldog 021 kompensator reduserer rekyl, noe som kan muliggj\u00f8re raskere oppf\u00f8lgingsskudd og forbedret presisjon. Konstruksjonen er laget for \u00e5 t\u00e5le ulike skyteforhold.<\/p>\n<p>BARWARUS Bulldog 021 kan forbedre skytepresisjon og kontroll for riflen din.<\/p>\n<\/div>\n","protected":false},"excerpt":{"rendered":"<p>Munningsbrems i st\u00e5l for rifler. Reduserer rekyl. M24x1,5 h\u00f8yregjenger.<\/p>\n","protected":false},"featured_media":582890,"template":"","meta":{"_acf_changed":false},"product_brand":[],"product_cat":[13327],"product_tag":[],"class_list":{"0":"post-582864","1":"product","2":"type-product","3":"status-publish","4":"has-post-thumbnail","6":"product_cat-ukategorisert","8":"first","9":"outofstock","10":"taxable","11":"shipping-taxable","12":"purchasable","13":"product-type-simple"},"acf":[],"_links":{"self":[{"href":"https:\/\/nbg.eu\/no\/wp-json\/wp\/v2\/product\/582864","targetHints":{"allow":["GET"]}}],"collection":[{"href":"https:\/\/nbg.eu\/no\/wp-json\/wp\/v2\/product"}],"about":[{"href":"https:\/\/nbg.eu\/no\/wp-json\/wp\/v2\/types\/product"}],"wp:featuredmedia":[{"embeddable":true,"href":"https:\/\/nbg.eu\/no\/wp-json\/wp\/v2\/media\/582890"}],"wp:attachment":[{"href":"https:\/\/nbg.eu\/no\/wp-json\/wp\/v2\/media?parent=582864"}],"wp:term":[{"taxonomy":"product_brand","embeddable":true,"href":"https:\/\/nbg.eu\/no\/wp-json\/wp\/v2\/product_brand?post=582864"},{"taxonomy":"product_cat","embeddable":true,"href":"https:\/\/nbg.eu\/no\/wp-json\/wp\/v2\/product_cat?post=582864"},{"taxonomy":"product_tag","embeddable":true,"href":"https:\/\/nbg.eu\/no\/wp-json\/wp\/v2\/product_tag?post=582864"}],"curies":[{"name":"wp","href":"https:\/\/api.w.org\/{rel}","templated":true}]}}