{"id":63359,"date":"2024-01-23T19:37:48","date_gmt":"2024-09-16T13:09:44","guid":{"rendered":"https:\/\/nbg.eu\/product\/iosso-firearms-parts-cleaner-degreaser-37l\/"},"modified":"2026-05-13T16:03:35","modified_gmt":"2026-05-13T13:03:35","slug":"iosso-vapendelsrenser-avfetter-37l","status":"publish","type":"product","link":"https:\/\/nbg.eu\/no\/produkt\/iosso-vapendelsrenser-avfetter-37l\/","title":{"rendered":"Iosso V\u00e5pendelsrenser (Avfetter, 3,7L)"},"content":{"rendered":"<p>\nIosso rengj\u00f8ringsmiddel for v\u00e5pendeler: Et effektivt, milj\u00f8vennlig avfettingsmiddel for skytev\u00e5pen. Dette biologisk nedbrytbare, biobaserte rengj\u00f8ringsmiddelet fjerner forurensning, karbon, fett og rester. Trygt for bruk i ultralydrensemaskiner, har lavt VOC-innhold og er laget av naturlige planteekstrakter. Kan sprayes, brukes til bl\u00f8tlegging eller p\u00e5f\u00f8res med klut for rengj\u00f8ring som er trygg for brukeren og milj\u00f8et.<\/p>\n","protected":false},"excerpt":{"rendered":"<p>Milj\u00f8vennlig, kraftig avfettingsmiddel for grundig rengj\u00f8ring av v\u00e5pendeler.<\/p>\n","protected":false},"featured_media":102531,"template":"","meta":{"_acf_changed":false},"product_brand":[11489],"product_cat":[13326,13253],"product_tag":[],"class_list":{"0":"post-63359","1":"product","2":"type-product","3":"status-publish","4":"has-post-thumbnail","6":"product_brand-iosso","7":"product_cat-rengjoringsmidler","8":"product_cat-vapenrengjoring","10":"first","11":"instock","12":"taxable","13":"shipping-taxable","14":"purchasable","15":"product-type-simple"},"acf":[],"_links":{"self":[{"href":"https:\/\/nbg.eu\/no\/wp-json\/wp\/v2\/product\/63359","targetHints":{"allow":["GET"]}}],"collection":[{"href":"https:\/\/nbg.eu\/no\/wp-json\/wp\/v2\/product"}],"about":[{"href":"https:\/\/nbg.eu\/no\/wp-json\/wp\/v2\/types\/product"}],"wp:featuredmedia":[{"embeddable":true,"href":"https:\/\/nbg.eu\/no\/wp-json\/wp\/v2\/media\/102531"}],"wp:attachment":[{"href":"https:\/\/nbg.eu\/no\/wp-json\/wp\/v2\/media?parent=63359"}],"wp:term":[{"taxonomy":"product_brand","embeddable":true,"href":"https:\/\/nbg.eu\/no\/wp-json\/wp\/v2\/product_brand?post=63359"},{"taxonomy":"product_cat","embeddable":true,"href":"https:\/\/nbg.eu\/no\/wp-json\/wp\/v2\/product_cat?post=63359"},{"taxonomy":"product_tag","embeddable":true,"href":"https:\/\/nbg.eu\/no\/wp-json\/wp\/v2\/product_tag?post=63359"}],"curies":[{"name":"wp","href":"https:\/\/api.w.org\/{rel}","templated":true}]}}